{"id":4337,"date":"2023-12-14T12:40:43","date_gmt":"2023-12-14T12:40:43","guid":{"rendered":"https:\/\/tti.wuffur.com\/product\/hiz-regulatoru-t-104b\/"},"modified":"2024-01-17T11:35:10","modified_gmt":"2024-01-17T11:35:10","slug":"hiz-regulatoru-t-104b","status":"publish","type":"product","link":"https:\/\/ttilift.com\/tr\/urun\/hiz-regulatoru-t-104b\/","title":{"rendered":"Speed Governor t-104b"},"content":{"rendered":"<div class=\"gallery\"><a href=\"https:\/\/ttilift.com\/wp-content\/uploads\/2019\/02\/Products-15.jpg\"> <img decoding=\"async\" title=\"Speed Governor t-104b\" src=\"https:\/\/ttilift.com\/wp-content\/uploads\/2019\/02\/Products-15.jpg\" alt=\"\" width=\"350\" height=\"auto\" \/><\/a>\r\n<div class=\"clear\">\u00a0<\/div>\r\n<\/div><p>T-104B h\u0131z reg\u00fclat\u00f6r\u00fc, asans\u00f6r g\u00fcvenli\u011fi ve uygun fiyat konusunda standard\u0131 belirliyor. Bu sa\u011flam, mekanik reg\u00fclat\u00f6r, a\u015f\u0131r\u0131 h\u0131z durumunda fren mekanizmalar\u0131n\u0131 devreye sokmak i\u00e7in merkezka\u00e7 kuvvetini kullanarak yolcular\u0131 ve ekipman\u0131 korur.<\/p>\r\n<h2><br \/><br \/>\u00d6zellikler:<\/h2>\r\n<ol>\r\n<li>Manuel s\u0131f\u0131rlama ile geni\u015f h\u0131z aral\u0131\u011f\u0131 ve y\u00fcksek kaliteli temas<\/li>\r\n<li>0,4 ila 1,6 m\/sn h\u0131z aral\u0131\u011f\u0131<\/li>\r\n<li>Y\u00fcksek kaliteli d\u00f6kme demir kasnak ve plastik kapak<\/li>\r\n<li>Sa\u011f ve sol y\u00f6n<\/li>\r\n<li>\u0130ki y\u0131l garanti<br \/><br \/>T-104B&#8217;ye yat\u0131r\u0131m yap\u0131n ve en son teknoloji ile uygun fiyatl\u0131 g\u00fcvenli\u011fin m\u00fckemmel kar\u0131\u015f\u0131m\u0131n\u0131 deneyimleyin. Ayr\u0131nt\u0131l\u0131 fiyat teklifi i\u00e7in bug\u00fcn TTI ile ileti\u015fime ge\u00e7in ve y\u00f6neticilerimizin asans\u00f6rlerinizi nas\u0131l hareket halinde ve yolcular\u0131n\u0131z\u0131 g\u00fcvende tutabilece\u011fini ke\u015ffedin.<\/li>\r\n<\/ol>","protected":false},"excerpt":{"rendered":"<p>\u00a0 T-104B h\u0131z reg\u00fclat\u00f6r\u00fc, asans\u00f6r g\u00fcvenli\u011fi ve uygun fiyat konusunda standard\u0131 belirliyor. Bu sa\u011flam, mekanik reg\u00fclat\u00f6r, a\u015f\u0131r\u0131 h\u0131z durumunda fren mekanizmalar\u0131n\u0131 devreye sokmak i\u00e7in merkezka\u00e7 kuvvetini kullanarak yolcular\u0131 ve ekipman\u0131 korur. \u00d6zellikler: Manuel s\u0131f\u0131rlama ile geni\u015f h\u0131z aral\u0131\u011f\u0131 ve y\u00fcksek kaliteli temas 0,4 ila 1,6 m\/sn h\u0131z aral\u0131\u011f\u0131 Y\u00fcksek kaliteli d\u00f6kme demir kasnak ve plastik [&hellip;]<\/p>\n","protected":false},"featured_media":4100,"template":"","meta":{"rank_math_lock_modified_date":false},"product_cat":[97],"product_tag":[],"class_list":{"0":"post-4337","1":"product","2":"type-product","3":"status-publish","4":"has-post-thumbnail","6":"product_cat-speed-governor","8":"first","9":"instock","10":"shipping-taxable","11":"product-type-simple"},"_links":{"self":[{"href":"https:\/\/ttilift.com\/tr\/wp-json\/wp\/v2\/product\/4337","targetHints":{"allow":["GET"]}}],"collection":[{"href":"https:\/\/ttilift.com\/tr\/wp-json\/wp\/v2\/product"}],"about":[{"href":"https:\/\/ttilift.com\/tr\/wp-json\/wp\/v2\/types\/product"}],"wp:featuredmedia":[{"embeddable":true,"href":"https:\/\/ttilift.com\/tr\/wp-json\/wp\/v2\/media\/4100"}],"wp:attachment":[{"href":"https:\/\/ttilift.com\/tr\/wp-json\/wp\/v2\/media?parent=4337"}],"wp:term":[{"taxonomy":"product_cat","embeddable":true,"href":"https:\/\/ttilift.com\/tr\/wp-json\/wp\/v2\/product_cat?post=4337"},{"taxonomy":"product_tag","embeddable":true,"href":"https:\/\/ttilift.com\/tr\/wp-json\/wp\/v2\/product_tag?post=4337"}],"curies":[{"name":"wp","href":"https:\/\/api.w.org\/{rel}","templated":true}]}}