{"id":4987,"date":"2024-01-05T04:39:54","date_gmt":"2024-01-05T04:39:54","guid":{"rendered":"https:\/\/ttilift.com\/product\/elevator-buffers\/"},"modified":"2024-01-17T10:17:32","modified_gmt":"2024-01-17T10:17:32","slug":"elevator-buffers","status":"publish","type":"product","link":"https:\/\/ttilift.com\/tr\/urun\/elevator-buffers\/","title":{"rendered":"Elevator Buffers"},"content":{"rendered":"<p>Asans\u00f6r tamponlar\u0131, darbeyi emen ve feci serbest d\u00fc\u015fmeleri \u00f6nleyen en \u00fcst d\u00fczey g\u00fcvenlik a\u011f\u0131d\u0131r. TTI olarak, hidrolikten yay tabanl\u0131 se\u00e7eneklere kadar \u00e7ok \u00e7e\u015fitli y\u00fcksek performansl\u0131 tamponlarla yolcular\u0131n refah\u0131na \u00f6ncelik veriyoruz.<\/p>\n<p>SERT\u0130F\u0130KALI GARANT\u0130L\u0130 TAMPONLAR<br \/>\nEN 81 20\/50 ve EAC Rusya<\/p>\n<p>TB1<\/p>\n<p>-\u00dcr\u00fcn Kodu:\u00a0TB1<br \/>\n-H\u0131z: 1 m\/sn<br \/>\n-Kapasite : min 450 Kg<br \/>\n-maks. 1700 Kg<br \/>\n-Sertifika: EN 81 20\/50 ve EAC Rusya<br \/>\n-Yang\u0131n Dayan\u0131m\u0131<br \/>\nKurulum i\u00e7in -2 mm \u00c7elik Levha<br \/>\n-\u00c7ap: 140 mm<br \/>\n-Y\u00fckseklik: 175 mm<\/p>\n<p>TB2<\/p>\n<p>-\u00dcr\u00fcn Kodu:\u00a0TB2<br \/>\n-H\u0131z: 1 m\/sn<br \/>\n-Kapasite: \u00a0min 450 Kg<br \/>\n-maks. 1700 Kg<br \/>\n-Sertifika: EN 81 20\/50 ve EAC Rusya<br \/>\n-Yang\u0131n Dayan\u0131m\u0131<br \/>\nKurulum i\u00e7in -2 mm \u00c7elik Levha<br \/>\n-\u00c7ap: 140 mm<br \/>\n-Y\u00fckseklik: 230 mm<\/p>\n<p>TB3<\/p>\n<p>-\u00dcr\u00fcn Kodu:\u00a0TB3<br \/>\n-H\u0131z: 1 m\/sn<br \/>\n-Kapasite: min 600 Kg<br \/>\n-maks. 2500 Kg<br \/>\n-Sertifika: EN 81 20\/50 ve EAC Rusya<br \/>\n-Yang\u0131n Dayan\u0131m\u0131<br \/>\nKurulum i\u00e7in -2 mm \u00c7elik Levha<br \/>\n-\u00c7ap: 140 mm<br \/>\n-Y\u00fckseklik: 285 mm<\/p>\n<p>TB4<\/p>\n<p>-\u00dcr\u00fcn Kodu: TB4<br \/>\n-H\u0131z: 1 m\/sn<br \/>\n-Kapasite: min 600 Kg<br \/>\n-maks. 3500 Kg<br \/>\n-Sertifika: EN 81 20\/50 ve EAC Rusya<br \/>\n-Yang\u0131n Dayan\u0131m\u0131<br \/>\nKurulum i\u00e7in -2 mm \u00c7elik Levha<br \/>\n-\u00c7ap: 280 mm<br \/>\n-Y\u00fckseklik: 302 mm<\/p>\n<p>TB5<\/p>\n<p>-\u00dcr\u00fcn Kodu: TB5<br \/>\n-H\u0131z: 1 m\/sn<br \/>\n-Kapasite: min 500 Kg<br \/>\n-maks. 1700 Kg<br \/>\n-Sertifika: EN 81 20\/50 ve EAC Rusya<br \/>\n-Yang\u0131n Dayan\u0131m\u0131<br \/>\nKurulum i\u00e7in -2 mm \u00c7elik Levha<br \/>\n-\u00c7ap: 140 mm<br \/>\n-Y\u00fckseklik: 93,5 mm<\/p>\n<p>TB6<\/p>\n<p>-\u00dcr\u00fcn Kodu: TB6<br \/>\n-H\u0131z: 1 m\/sn<br \/>\n-Kapasite: min 600 Kg<br \/>\n-maks. 2000 Kg<br \/>\n-Sertifika: EN 81 20\/50 ve EAC Rusya<br \/>\n-Yang\u0131n Dayan\u0131m\u0131<br \/>\nKurulum i\u00e7in -2 mm \u00c7elik Levha<br \/>\n-\u00c7ap: 140 mm<br \/>\n-Y\u00fckseklik: 176 mm<\/p>\n<figure class=\"gallery-item\"><a href=\"https:\/\/ttilift.com\/wp-content\/uploads\/2021\/05\/TB1.png\" data-elementor-open-lightbox=\"yes\" data-elementor-lightbox-slideshow=\"ad82645\" data-elementor-lightbox-title=\"TB1\" data-elementor-lightbox-description=\"CAPACITY : MIN 450KG MAX 1700 KG EN 81 20\/50 AND EAC Rusya Diameter : 140MM Height : 175MM\"><img decoding=\"async\" src=\"https:\/\/ttilift.com\/wp-content\/uploads\/2021\/05\/TB1-150x150.png\" alt=\"BUFFER TB1\" width=\"150\" height=\"150\" aria-describedby=\"gallery-3-3190\" \/><\/a><figcaption id=\"gallery-3-3190\" class=\"wp-caption-text gallery-caption\">BUFFER TB1<\/figcaption><\/figure>\n<figure class=\"gallery-item\"><a href=\"https:\/\/ttilift.com\/wp-content\/uploads\/2021\/05\/TB-2.png\" data-elementor-open-lightbox=\"yes\" data-elementor-lightbox-slideshow=\"ad82645\" data-elementor-lightbox-title=\"TB-2\" data-elementor-lightbox-description=\"CAPACITY : MIN 450KG MAX 1700 KG EN 81 20\/50 AND EAC Rusya Diameter : 140MM Height : 230MM\"><img decoding=\"async\" src=\"https:\/\/ttilift.com\/wp-content\/uploads\/2021\/05\/TB-2-150x150.png\" alt=\"BUFFER TB2\" width=\"150\" height=\"150\" aria-describedby=\"gallery-3-3193\" \/><\/a><figcaption id=\"gallery-3-3193\" class=\"wp-caption-text gallery-caption\">BUFFER TB2<\/figcaption><\/figure>\n<figure class=\"gallery-item\"><a href=\"https:\/\/ttilift.com\/wp-content\/uploads\/2021\/05\/TB3.png\" data-elementor-open-lightbox=\"yes\" data-elementor-lightbox-slideshow=\"ad82645\" data-elementor-lightbox-title=\"TB3\" data-elementor-lightbox-description=\"CAPACITY : MIN 600KG MAX 2500 KG EN 81 20\/50 AND EAC Rusya Diameter : 140MM Height : 285MM\"><img decoding=\"async\" src=\"https:\/\/ttilift.com\/wp-content\/uploads\/2021\/05\/TB3-150x150.png\" alt=\"BUFFER TB3\" width=\"150\" height=\"150\" aria-describedby=\"gallery-3-3196\" \/><\/a><figcaption id=\"gallery-3-3196\" class=\"wp-caption-text gallery-caption\">BUFFER TB3<\/figcaption><\/figure>\n<figure class=\"gallery-item\"><a href=\"https:\/\/ttilift.com\/wp-content\/uploads\/2021\/05\/TB4.png\" data-elementor-open-lightbox=\"yes\" data-elementor-lightbox-slideshow=\"ad82645\" data-elementor-lightbox-title=\"TB4\" data-elementor-lightbox-description=\"CAPACITY : MIN 600KG MAX 3500 KG EN 81 20\/50 AND EAC Rusya Diameter : 280MM Height : 302MM\"><img decoding=\"async\" src=\"https:\/\/ttilift.com\/wp-content\/uploads\/2021\/05\/TB4-150x150.png\" alt=\"BUFFER TB4\" width=\"150\" height=\"150\" aria-describedby=\"gallery-3-3199\" \/><\/a><figcaption id=\"gallery-3-3199\" class=\"wp-caption-text gallery-caption\">BUFFER TB4<\/figcaption><\/figure>\n<figure class=\"gallery-item\"><a href=\"https:\/\/ttilift.com\/wp-content\/uploads\/2021\/05\/TB5.jpg\" data-elementor-open-lightbox=\"yes\" data-elementor-lightbox-slideshow=\"ad82645\" data-elementor-lightbox-title=\"TB5\" data-elementor-lightbox-description=\"CAPACITY : MIN 500KG MAX 1700 KG EN 81 20\/50 AND EAC Rusya Diameter : 140MM Height : 93.5MM\"><img decoding=\"async\" src=\"https:\/\/ttilift.com\/wp-content\/uploads\/2021\/05\/TB5-150x150.jpg\" alt=\"BUFFER TB5\" width=\"150\" height=\"150\" aria-describedby=\"gallery-3-3202\" \/><\/a><figcaption id=\"gallery-3-3202\" class=\"wp-caption-text gallery-caption\">BUFFER TB5<\/figcaption><\/figure>\n<figure class=\"gallery-item\"><a href=\"https:\/\/ttilift.com\/wp-content\/uploads\/2021\/05\/TB6.jpg\" data-elementor-open-lightbox=\"yes\" data-elementor-lightbox-slideshow=\"ad82645\" data-elementor-lightbox-title=\"TB6\" data-elementor-lightbox-description=\"CAPACITY : MIN 600KG MAX 2000 KG EN 81 20\/50 AND EAC Rusya Diameter : 140MM Height : 176MM\"><img decoding=\"async\" src=\"https:\/\/ttilift.com\/wp-content\/uploads\/2021\/05\/TB6-150x150.jpg\" alt=\"BUFFER TB6\" width=\"150\" height=\"150\" aria-describedby=\"gallery-3-3205\" \/><\/a><figcaption id=\"gallery-3-3205\" class=\"wp-caption-text gallery-caption\">BUFFER TB6Asans\u00f6rleriniz i\u00e7in en \u00fcst d\u00fczey g\u00fcvenlik \u00f6nlemine yat\u0131r\u0131m yap\u0131n. tamponlar\u0131n\u0131 se\u00e7in ve yolcular\u0131n\u0131z\u0131n korundu\u011funu bilmenin getirdi\u011fi g\u00f6n\u00fcl rahatl\u0131\u011f\u0131n\u0131 ya\u015fay\u0131n.<\/figcaption><\/figure>\n","protected":false},"excerpt":{"rendered":"<p>Asans\u00f6r tamponlar\u0131, darbeyi emen ve feci serbest d\u00fc\u015fmeleri \u00f6nleyen en \u00fcst d\u00fczey g\u00fcvenlik a\u011f\u0131d\u0131r. TTI olarak, hidrolikten yay tabanl\u0131 se\u00e7eneklere kadar \u00e7ok \u00e7e\u015fitli y\u00fcksek performansl\u0131 tamponlarla yolcular\u0131n refah\u0131na \u00f6ncelik veriyoruz. SERT\u0130F\u0130KALI GARANT\u0130L\u0130 TAMPONLAR EN 81 20\/50 ve EAC Rusya TB1 -\u00dcr\u00fcn Kodu:\u00a0TB1 -H\u0131z: 1 m\/sn -Kapasite : min 450 Kg -maks. 1700 Kg -Sertifika: EN [&hellip;]<\/p>\n","protected":false},"featured_media":4705,"template":"","meta":{"rank_math_lock_modified_date":false},"product_cat":[123],"product_tag":[],"class_list":{"0":"post-4987","1":"product","2":"type-product","3":"status-publish","4":"has-post-thumbnail","6":"product_cat-elevator-buffer-tr","8":"first","9":"instock","10":"shipping-taxable","11":"product-type-simple"},"_links":{"self":[{"href":"https:\/\/ttilift.com\/tr\/wp-json\/wp\/v2\/product\/4987","targetHints":{"allow":["GET"]}}],"collection":[{"href":"https:\/\/ttilift.com\/tr\/wp-json\/wp\/v2\/product"}],"about":[{"href":"https:\/\/ttilift.com\/tr\/wp-json\/wp\/v2\/types\/product"}],"wp:featuredmedia":[{"embeddable":true,"href":"https:\/\/ttilift.com\/tr\/wp-json\/wp\/v2\/media\/4705"}],"wp:attachment":[{"href":"https:\/\/ttilift.com\/tr\/wp-json\/wp\/v2\/media?parent=4987"}],"wp:term":[{"taxonomy":"product_cat","embeddable":true,"href":"https:\/\/ttilift.com\/tr\/wp-json\/wp\/v2\/product_cat?post=4987"},{"taxonomy":"product_tag","embeddable":true,"href":"https:\/\/ttilift.com\/tr\/wp-json\/wp\/v2\/product_tag?post=4987"}],"curies":[{"name":"wp","href":"https:\/\/api.w.org\/{rel}","templated":true}]}}