{"id":4989,"date":"2023-12-14T12:41:05","date_gmt":"2023-12-14T12:41:05","guid":{"rendered":"https:\/\/ttilift.com\/product\/turkish-automatic-doors\/"},"modified":"2024-01-17T10:14:36","modified_gmt":"2024-01-17T10:14:36","slug":"turkish-automatic-doors","status":"publish","type":"product","link":"https:\/\/ttilift.com\/tr\/urun\/turkish-automatic-doors\/","title":{"rendered":"Turkish Automatic doors"},"content":{"rendered":"<div class=\"gallery \"><a class=\"big\" href=\"https:\/\/ttilift.com\/wp-content\/uploads\/2019\/03\/automatic-door.png\"> <img decoding=\"async\" title=\"Turkish Automatic doors\" src=\"https:\/\/ttilift.com\/wp-content\/uploads\/2019\/03\/automatic-door.png\" alt=\"\" width=\"350\" height=\"auto\" \/><\/a>\r\n<div class=\"clear\">\r\n<p>T\u00fcrk Otomatik Kap\u0131lar\u0131 asans\u00f6r \u015f\u0131kl\u0131\u011f\u0131n\u0131 ve rahatl\u0131\u011f\u0131n\u0131 yeniden tan\u0131ml\u0131yor. Geli\u015fmi\u015f sens\u00f6r teknolojisiyle sorunsuz, g\u00fcvenilir \u00e7al\u0131\u015fmay\u0131 deneyimleyin. Binan\u0131z\u0131n tarz\u0131n\u0131 tamamlayacak \u015f\u0131k paslanmaz \u00e7elik veya s\u0131cak ah\u015fap kaplamalar dahil \u00e7e\u015fitli tasar\u0131m se\u00e7enekleri aras\u0131ndan se\u00e7im yap\u0131n.<\/p>\r\n<h2><br \/>\u00d6zellikler<\/h2>\r\n<ul>\r\n<li>Sorunsuz otomatik \u00e7al\u0131\u015fma: Konforu art\u0131ran ve yolcu ak\u0131\u015f\u0131n\u0131 kolayla\u015ft\u0131ran, zahmetsiz kap\u0131 a\u00e7ma ve kapaman\u0131n keyfini \u00e7\u0131kar\u0131n.<br \/>ZARIF VE \u00c7E\u015e\u0130TL\u0130 TASARIMLAR: Zarif camdan klasik ah\u015faba kadar her t\u00fcrl\u00fc i\u00e7 dekora uyacak geni\u015f tasar\u0131m yelpazesi aras\u0131ndan se\u00e7im yap\u0131n.<\/li>\r\n<li>Tam g\u00fcvenlik: G\u00fcvenlik sens\u00f6rleri ve acil durdurma istasyonu da dahil olmak \u00fczere geli\u015fmi\u015f g\u00fcvenlik \u00f6zellikleri optimum koruma sa\u011flar.<\/li>\r\n<li>SON DAK\u0130KA DAYANIKLILIK: Gelecek y\u0131llar boyunca yo\u011fun kullan\u0131ma dayanacak \u015fekilde \u00fcst\u00fcn kaliteli malzemeler kullan\u0131larak \u00fcretilmi\u015ftir.<\/li>\r\n<li>KOLAY KURULUM: TTI&#8217;nin profesyonel ekibi, i\u015f ak\u0131\u015f\u0131n\u0131 aksatmadan h\u0131zl\u0131 ve verimli kurulum sa\u011flar.\u0130ster modern bir y\u00fcksek bina, ister b\u00fcy\u00fcleyici bir ev asans\u00f6r\u00fc olsun, TTI&#8217;nin kap\u0131lar\u0131 mekan\u0131n\u0131z\u0131 T\u00fcrk havas\u0131yla g\u00fczelle\u015ftirir. \u00dccretsiz fiyat teklifi i\u00e7in bug\u00fcn bizimle ileti\u015fime ge\u00e7in ve olas\u0131l\u0131klar d\u00fcnyas\u0131n\u0131n kilidini a\u00e7\u0131n!<\/li>\r\n<\/ul>\r\n<\/div>\r\n<\/div>","protected":false},"excerpt":{"rendered":"<p>T\u00fcrk Otomatik Kap\u0131lar\u0131 asans\u00f6r \u015f\u0131kl\u0131\u011f\u0131n\u0131 ve rahatl\u0131\u011f\u0131n\u0131 yeniden tan\u0131ml\u0131yor. Geli\u015fmi\u015f sens\u00f6r teknolojisiyle sorunsuz, g\u00fcvenilir \u00e7al\u0131\u015fmay\u0131 deneyimleyin. Binan\u0131z\u0131n tarz\u0131n\u0131 tamamlayacak \u015f\u0131k paslanmaz \u00e7elik veya s\u0131cak ah\u015fap kaplamalar dahil \u00e7e\u015fitli tasar\u0131m se\u00e7enekleri aras\u0131ndan se\u00e7im yap\u0131n. \u00d6zellikler Sorunsuz otomatik \u00e7al\u0131\u015fma: Konforu art\u0131ran ve yolcu ak\u0131\u015f\u0131n\u0131 kolayla\u015ft\u0131ran, zahmetsiz kap\u0131 a\u00e7ma ve kapaman\u0131n keyfini \u00e7\u0131kar\u0131n.ZARIF VE \u00c7E\u015e\u0130TL\u0130 TASARIMLAR: Zarif camdan [&hellip;]<\/p>\n","protected":false},"featured_media":4172,"template":"","meta":{"rank_math_lock_modified_date":false},"product_cat":[124],"product_tag":[],"class_list":{"0":"post-4989","1":"product","2":"type-product","3":"status-publish","4":"has-post-thumbnail","6":"product_cat-doors-tr","8":"first","9":"instock","10":"shipping-taxable","11":"product-type-simple"},"_links":{"self":[{"href":"https:\/\/ttilift.com\/tr\/wp-json\/wp\/v2\/product\/4989","targetHints":{"allow":["GET"]}}],"collection":[{"href":"https:\/\/ttilift.com\/tr\/wp-json\/wp\/v2\/product"}],"about":[{"href":"https:\/\/ttilift.com\/tr\/wp-json\/wp\/v2\/types\/product"}],"wp:featuredmedia":[{"embeddable":true,"href":"https:\/\/ttilift.com\/tr\/wp-json\/wp\/v2\/media\/4172"}],"wp:attachment":[{"href":"https:\/\/ttilift.com\/tr\/wp-json\/wp\/v2\/media?parent=4989"}],"wp:term":[{"taxonomy":"product_cat","embeddable":true,"href":"https:\/\/ttilift.com\/tr\/wp-json\/wp\/v2\/product_cat?post=4989"},{"taxonomy":"product_tag","embeddable":true,"href":"https:\/\/ttilift.com\/tr\/wp-json\/wp\/v2\/product_tag?post=4989"}],"curies":[{"name":"wp","href":"https:\/\/api.w.org\/{rel}","templated":true}]}}