{"id":4990,"date":"2023-12-14T12:41:05","date_gmt":"2023-12-14T12:41:05","guid":{"rendered":"https:\/\/ttilift.com\/product\/turkish-semi-automatic-doors\/"},"modified":"2024-01-17T10:15:08","modified_gmt":"2024-01-17T10:15:08","slug":"turkish-semi-automatic-doors","status":"publish","type":"product","link":"https:\/\/ttilift.com\/tr\/urun\/turkish-semi-automatic-doors\/","title":{"rendered":"Turkish Semi Automatic Doors"},"content":{"rendered":"<p><a href=\"https:\/\/ttilift.com\/wp-content\/uploads\/2019\/03\/6-1.jpg\"> <img decoding=\"async\" title=\"Turkish Semi Automatic Doors\" src=\"https:\/\/ttilift.com\/wp-content\/uploads\/2019\/03\/6-1.jpg\" alt=\"\" width=\"350\" height=\"auto\" \/><\/a><\/p><p>&nbsp;<\/p><p>T\u00fcrk Yar\u0131 Otomatik Kap\u0131lar\u0131 ile giri\u015flerinizi geli\u015ftirin ve modern estetik ile zahmetsiz rahatl\u0131\u011f\u0131n m\u00fckemmel kar\u0131\u015f\u0131m\u0131n\u0131 deneyimleyin.<\/p>\r\n<h2><br \/>\u00d6zellikler:<\/h2>\r\n<ul>\r\n<li>\u00c7ok \u00e7e\u015fitli kilit tipleri.<\/li>\r\n<li>Robotik teknolojiler kullan\u0131larak elektrostatik boyama.<\/li>\r\n<li>EN81 \u2013 58&#8217;e g\u00f6re EW30 ve E45 yang\u0131na dayan\u0131kl\u0131l\u0131k onaylar\u0131.<\/li>\r\n<li>Kap\u0131 kanatlar\u0131 1,2 mm DKP sacdan, \u00e7er\u00e7eveleri ise 1,5 mm DKP sacdan \u00fcretilmektedir.<\/li>\r\n<li>Y\u00fcksek mukavemet ve montaj kolayl\u0131\u011f\u0131.<\/li>\r\n<li>\u00d6zel mente\u015fe kullan\u0131m\u0131 sayesinde sorunsuz a\u00e7\u0131l\u0131p kapanma.<\/li>\r\n<li>\u00dcretim s\u00fcre\u00e7lerinde en son modern teknikler.<\/li>\r\n<li>Kanat boyunca g\u00fc\u00e7lendirilmi\u015f destek sistemi.<\/li>\r\n<\/ul>\r\n<p>\u0130htiya\u00e7lar\u0131n\u0131za ve b\u00fct\u00e7enize en uygun olan\u0131 bulmak i\u00e7in \u00e7ok \u00e7e\u015fitli asans\u00f6r kap\u0131s\u0131 t\u00fcrlerimizi, tasar\u0131mlar\u0131m\u0131z\u0131 ve aktivasyon se\u00e7eneklerimizi ke\u015ffedin. \u00dccretsiz dan\u0131\u015fmanl\u0131k i\u00e7in bug\u00fcn TTI ile ileti\u015fime ge\u00e7in ve \u015f\u0131k ve g\u00fcvenli kap\u0131lar\u0131m\u0131z\u0131n giri\u015finizi nas\u0131l y\u00fckseltebilece\u011fini ke\u015ffedin.<\/p>","protected":false},"excerpt":{"rendered":"<p>&nbsp; T\u00fcrk Yar\u0131 Otomatik Kap\u0131lar\u0131 ile giri\u015flerinizi geli\u015ftirin ve modern estetik ile zahmetsiz rahatl\u0131\u011f\u0131n m\u00fckemmel kar\u0131\u015f\u0131m\u0131n\u0131 deneyimleyin. \u00d6zellikler: \u00c7ok \u00e7e\u015fitli kilit tipleri. Robotik teknolojiler kullan\u0131larak elektrostatik boyama. EN81 \u2013 58&#8217;e g\u00f6re EW30 ve E45 yang\u0131na dayan\u0131kl\u0131l\u0131k onaylar\u0131. Kap\u0131 kanatlar\u0131 1,2 mm DKP sacdan, \u00e7er\u00e7eveleri ise 1,5 mm DKP sacdan \u00fcretilmektedir. Y\u00fcksek mukavemet ve montaj kolayl\u0131\u011f\u0131. [&hellip;]<\/p>\n","protected":false},"featured_media":4174,"template":"","meta":{"rank_math_lock_modified_date":false},"product_cat":[124],"product_tag":[],"class_list":{"0":"post-4990","1":"product","2":"type-product","3":"status-publish","4":"has-post-thumbnail","6":"product_cat-doors-tr","8":"first","9":"instock","10":"shipping-taxable","11":"product-type-simple"},"_links":{"self":[{"href":"https:\/\/ttilift.com\/tr\/wp-json\/wp\/v2\/product\/4990","targetHints":{"allow":["GET"]}}],"collection":[{"href":"https:\/\/ttilift.com\/tr\/wp-json\/wp\/v2\/product"}],"about":[{"href":"https:\/\/ttilift.com\/tr\/wp-json\/wp\/v2\/types\/product"}],"wp:featuredmedia":[{"embeddable":true,"href":"https:\/\/ttilift.com\/tr\/wp-json\/wp\/v2\/media\/4174"}],"wp:attachment":[{"href":"https:\/\/ttilift.com\/tr\/wp-json\/wp\/v2\/media?parent=4990"}],"wp:term":[{"taxonomy":"product_cat","embeddable":true,"href":"https:\/\/ttilift.com\/tr\/wp-json\/wp\/v2\/product_cat?post=4990"},{"taxonomy":"product_tag","embeddable":true,"href":"https:\/\/ttilift.com\/tr\/wp-json\/wp\/v2\/product_tag?post=4990"}],"curies":[{"name":"wp","href":"https:\/\/api.w.org\/{rel}","templated":true}]}}