{"id":4991,"date":"2023-12-14T12:40:43","date_gmt":"2023-12-14T12:40:43","guid":{"rendered":"https:\/\/ttilift.com\/product\/door-lock-t-101a\/"},"modified":"2024-01-17T10:13:45","modified_gmt":"2024-01-17T10:13:45","slug":"door-lock-t-101a","status":"publish","type":"product","link":"https:\/\/ttilift.com\/tr\/urun\/door-lock-t-101a\/","title":{"rendered":"Door Lock t-101a"},"content":{"rendered":"<div class=\"gallery\"><a href=\"https:\/\/ttilift.com\/wp-content\/uploads\/2019\/02\/Products-3.jpg\"> <img decoding=\"async\" title=\"T-101a\" src=\"https:\/\/ttilift.com\/wp-content\/uploads\/2019\/02\/Products-3.jpg\" alt=\"\" width=\"350\" height=\"auto\" \/><\/a> <a href=\"https:\/\/ttilift.com\/wp-content\/uploads\/2019\/02\/Products-2.jpg\"> <img decoding=\"async\" title=\"T-101a\" src=\"https:\/\/ttilift.com\/wp-content\/uploads\/2019\/02\/Products-2.jpg\" alt=\"\" width=\"350\" height=\"auto\" \/><\/a> <a href=\"https:\/\/ttilift.com\/wp-content\/uploads\/2019\/02\/Products-1.jpg\"> <img decoding=\"async\" title=\"T-101a\" src=\"https:\/\/ttilift.com\/wp-content\/uploads\/2019\/02\/Products-1.jpg\" alt=\"\" width=\"350\" height=\"auto\" \/><\/a>\r\n<p class=\"clear\">Asans\u00f6r g\u00fcvenli\u011finizi, \u00e7ift katmanl\u0131 kap\u0131 koruma \u015fampiyonu T-101a ile y\u00fckseltin. Bu sa\u011flam kilit, e\u015fsiz dayan\u0131kl\u0131l\u0131k i\u00e7in fosfor bronz ve g\u00fcm\u00fc\u015f kontrat\u0131na sahiptir ve 230V&#8217;a kadar voltajlarda ve 0,5A ak\u0131mlarda sorunsuz \u00e7al\u0131\u015fma sa\u011flar. Y\u00fcksek kaliteli plastik enjeksiyonu ve al\u00fcminyum g\u00f6vdesi d\u0131\u015f etkenlere kar\u015f\u0131 sa\u011flam dururken, elastik plastik kapak mekanizmay\u0131 a\u015f\u0131nma ve y\u0131pranmaya kar\u015f\u0131 korur.<\/p>\r\n<h2 class=\"clear\"><br \/><br \/>\u00d6zellikler:<\/h2>\r\n<ul>\r\n<li class=\"clear\">Yar\u0131 otomatik kap\u0131lar i\u00e7in \u00e7ift emniyet kilidi<\/li>\r\n<li class=\"clear\">maksimum volt 230 volt ve maksimum ak\u0131m i\u00e7in fosfor_bronz ve g\u00fcm\u00fc\u015ften yap\u0131lan s\u00f6zle\u015fme.0,5 amp<\/li>\r\n<li class=\"clear\">Farkl\u0131 hava ko\u015fullar\u0131nda y\u00fcksek verimli \u00e7al\u0131\u015fabilen y\u00fcksek kaliteli plastik enjeksiyon ve al\u00fcminyum g\u00f6vde<\/li>\r\n<li class=\"clear\">Y\u00fcksek kaliteli ve elastik plastik kapak kullan\u0131yoruz<\/li>\r\n<li class=\"clear\">Kilit sa\u011f ve sol olmak \u00fczere iki y\u00f6nde \u00e7al\u0131\u015fmaktad\u0131r.<\/li>\r\n<li class=\"clear\">\u0130ki y\u0131l garanti<br \/>Asla pes etmeyen asans\u00f6r kap\u0131s\u0131 g\u00fcvenli\u011fine yat\u0131r\u0131m yap\u0131n. TTI T-101a&#8217;y\u0131 se\u00e7in.<\/li>\r\n<\/ul>\r\n<\/div>","protected":false},"excerpt":{"rendered":"<p>Asans\u00f6r g\u00fcvenli\u011finizi, \u00e7ift katmanl\u0131 kap\u0131 koruma \u015fampiyonu T-101a ile y\u00fckseltin. Bu sa\u011flam kilit, e\u015fsiz dayan\u0131kl\u0131l\u0131k i\u00e7in fosfor bronz ve g\u00fcm\u00fc\u015f kontrat\u0131na sahiptir ve 230V&#8217;a kadar voltajlarda ve 0,5A ak\u0131mlarda sorunsuz \u00e7al\u0131\u015fma sa\u011flar. Y\u00fcksek kaliteli plastik enjeksiyonu ve al\u00fcminyum g\u00f6vdesi d\u0131\u015f etkenlere kar\u015f\u0131 sa\u011flam dururken, elastik plastik kapak mekanizmay\u0131 a\u015f\u0131nma ve y\u0131pranmaya kar\u015f\u0131 korur. \u00d6zellikler: Yar\u0131 [&hellip;]<\/p>\n","protected":false},"featured_media":4102,"template":"","meta":{"rank_math_lock_modified_date":false},"product_cat":[125],"product_tag":[],"class_list":{"0":"post-4991","1":"product","2":"type-product","3":"status-publish","4":"has-post-thumbnail","6":"product_cat-door-lock-tr","8":"first","9":"instock","10":"shipping-taxable","11":"product-type-simple"},"_links":{"self":[{"href":"https:\/\/ttilift.com\/tr\/wp-json\/wp\/v2\/product\/4991","targetHints":{"allow":["GET"]}}],"collection":[{"href":"https:\/\/ttilift.com\/tr\/wp-json\/wp\/v2\/product"}],"about":[{"href":"https:\/\/ttilift.com\/tr\/wp-json\/wp\/v2\/types\/product"}],"wp:featuredmedia":[{"embeddable":true,"href":"https:\/\/ttilift.com\/tr\/wp-json\/wp\/v2\/media\/4102"}],"wp:attachment":[{"href":"https:\/\/ttilift.com\/tr\/wp-json\/wp\/v2\/media?parent=4991"}],"wp:term":[{"taxonomy":"product_cat","embeddable":true,"href":"https:\/\/ttilift.com\/tr\/wp-json\/wp\/v2\/product_cat?post=4991"},{"taxonomy":"product_tag","embeddable":true,"href":"https:\/\/ttilift.com\/tr\/wp-json\/wp\/v2\/product_tag?post=4991"}],"curies":[{"name":"wp","href":"https:\/\/api.w.org\/{rel}","templated":true}]}}