{"id":4992,"date":"2023-12-14T12:40:43","date_gmt":"2023-12-14T12:40:43","guid":{"rendered":"https:\/\/ttilift.com\/product\/door-lock-t-101b\/"},"modified":"2024-01-17T10:13:32","modified_gmt":"2024-01-17T10:13:32","slug":"door-lock-t-101b","status":"publish","type":"product","link":"https:\/\/ttilift.com\/tr\/urun\/door-lock-t-101b\/","title":{"rendered":"Door Lock T-101b"},"content":{"rendered":"<div class=\"gallery\"><a href=\"https:\/\/ttilift.com\/wp-content\/uploads\/2019\/02\/Products-5.jpg\"> <img decoding=\"async\" title=\"T-101b\" src=\"https:\/\/ttilift.com\/wp-content\/uploads\/2019\/02\/Products-5.jpg\" alt=\"\" width=\"350\" height=\"auto\" \/><\/a> <a href=\"https:\/\/ttilift.com\/wp-content\/uploads\/2019\/02\/Products-6.jpg\"> <img decoding=\"async\" title=\"T-101b\" src=\"https:\/\/ttilift.com\/wp-content\/uploads\/2019\/02\/Products-6.jpg\" alt=\"\" width=\"350\" height=\"auto\" \/><\/a><\/div>\r\n<p>Kap\u0131 Kilidi T-101b ile g\u00fcvenli\u011finizi art\u0131r\u0131n. Bu \u00e7ift etkili kilit, asans\u00f6r kap\u0131lar\u0131n\u0131z i\u00e7in sa\u011flam koruma sa\u011flayarak sorunsuz \u00e7al\u0131\u015fma ve g\u00f6n\u00fcl rahatl\u0131\u011f\u0131 sa\u011flar. Fosfor bronz ve g\u00fcm\u00fc\u015f kaplama da dahil olmak \u00fczere y\u00fcksek kaliteli malzemelerden \u00fcretilen T-101b, ola\u011fan\u00fcst\u00fc dayan\u0131kl\u0131l\u0131k ve her t\u00fcrl\u00fc hava ko\u015fuluna kar\u015f\u0131 dayan\u0131kl\u0131l\u0131k sunar.<\/p>\r\n<p>&nbsp;<\/p>\r\n<h2>\u00d6zellikler:<\/h2>\r\n<p>&nbsp;<\/p>\r\n<p>Yar\u0131 otomatik kap\u0131lar i\u00e7in \u00e7ift emniyet kilidi<br \/>maksimum volt 230 volt ve maksimum ak\u0131m i\u00e7in fosfor_bronz ve g\u00fcm\u00fc\u015ften yap\u0131lan s\u00f6zle\u015fme.0,5 amp<br \/>Farkl\u0131 hava ko\u015fullar\u0131nda y\u00fcksek verimli \u00e7al\u0131\u015fabilen y\u00fcksek kaliteli plastik enjeksiyon ve al\u00fcminyum g\u00f6vde<br \/>Y\u00fcksek kaliteli ve elastik plastik kapaklar kullan\u0131yoruz<br \/>Kilit sa\u011f ve sol olmak \u00fczere iki y\u00f6nde \u00e7al\u0131\u015fmaktad\u0131r.<br \/>\u0130ki y\u0131l garanti<\/p>\r\n<p>Asans\u00f6r\u00fcn\u00fcz\u00fcn g\u00fcvenli\u011fini y\u00fckseltin ve g\u00f6n\u00fcl rahatl\u0131\u011f\u0131n\u0131n tad\u0131n\u0131 \u00e7\u0131kar\u0131n. T-101b Kap\u0131 Kilidi ile ilgili fiyat teklifi almak i\u00e7in bug\u00fcn TTI ile ileti\u015fime ge\u00e7in!<\/p>","protected":false},"excerpt":{"rendered":"<p>Kap\u0131 Kilidi T-101b ile g\u00fcvenli\u011finizi art\u0131r\u0131n. Bu \u00e7ift etkili kilit, asans\u00f6r kap\u0131lar\u0131n\u0131z i\u00e7in sa\u011flam koruma sa\u011flayarak sorunsuz \u00e7al\u0131\u015fma ve g\u00f6n\u00fcl rahatl\u0131\u011f\u0131 sa\u011flar. Fosfor bronz ve g\u00fcm\u00fc\u015f kaplama da dahil olmak \u00fczere y\u00fcksek kaliteli malzemelerden \u00fcretilen T-101b, ola\u011fan\u00fcst\u00fc dayan\u0131kl\u0131l\u0131k ve her t\u00fcrl\u00fc hava ko\u015fuluna kar\u015f\u0131 dayan\u0131kl\u0131l\u0131k sunar. &nbsp; \u00d6zellikler: &nbsp; Yar\u0131 otomatik kap\u0131lar i\u00e7in \u00e7ift emniyet [&hellip;]<\/p>\n","protected":false},"featured_media":4104,"template":"","meta":{"rank_math_lock_modified_date":false},"product_cat":[125],"product_tag":[],"class_list":{"0":"post-4992","1":"product","2":"type-product","3":"status-publish","4":"has-post-thumbnail","6":"product_cat-door-lock-tr","8":"first","9":"instock","10":"shipping-taxable","11":"product-type-simple"},"_links":{"self":[{"href":"https:\/\/ttilift.com\/tr\/wp-json\/wp\/v2\/product\/4992","targetHints":{"allow":["GET"]}}],"collection":[{"href":"https:\/\/ttilift.com\/tr\/wp-json\/wp\/v2\/product"}],"about":[{"href":"https:\/\/ttilift.com\/tr\/wp-json\/wp\/v2\/types\/product"}],"wp:featuredmedia":[{"embeddable":true,"href":"https:\/\/ttilift.com\/tr\/wp-json\/wp\/v2\/media\/4104"}],"wp:attachment":[{"href":"https:\/\/ttilift.com\/tr\/wp-json\/wp\/v2\/media?parent=4992"}],"wp:term":[{"taxonomy":"product_cat","embeddable":true,"href":"https:\/\/ttilift.com\/tr\/wp-json\/wp\/v2\/product_cat?post=4992"},{"taxonomy":"product_tag","embeddable":true,"href":"https:\/\/ttilift.com\/tr\/wp-json\/wp\/v2\/product_tag?post=4992"}],"curies":[{"name":"wp","href":"https:\/\/api.w.org\/{rel}","templated":true}]}}