{"id":4995,"date":"2023-12-14T12:40:44","date_gmt":"2023-12-14T12:40:44","guid":{"rendered":"https:\/\/ttilift.com\/product\/magnetic-switch-t-105\/"},"modified":"2024-01-17T10:55:56","modified_gmt":"2024-01-17T10:55:56","slug":"magnetic-switch-t-105","status":"publish","type":"product","link":"https:\/\/ttilift.com\/tr\/urun\/magnetic-switch-t-105\/","title":{"rendered":"Magnetic switch T-105"},"content":{"rendered":"<div class=\"gallery\"><a href=\"https:\/\/ttilift.com\/wp-content\/uploads\/2019\/02\/t-105.png\"> <img decoding=\"async\" title=\"T-105\" src=\"https:\/\/ttilift.com\/wp-content\/uploads\/2019\/02\/t-105.png\" alt=\"\" width=\"350\" height=\"auto\" \/><\/a>\r\n<div class=\"clear\">\u00a0<\/div>\r\n<\/div><p>T-105 manyetik anahtarla asans\u00f6r kap\u0131lar\u0131n\u0131z i\u00e7in hassas ve g\u00fcvenilir a\u00e7ma\/kapama kontrol\u00fcn\u00fc deneyimleyin. Bu yenilik\u00e7i teknoloji, aktivasyonu tetiklemek, fiziksel temas\u0131 ortadan kald\u0131rmak ve a\u015f\u0131nma ve y\u0131pranmay\u0131 en aza indirmek i\u00e7in m\u0131knat\u0131slar\u0131n g\u00fcc\u00fcnden yararlan\u0131r.<\/p>\r\n<h2><br \/><br \/>\u00d6zellikler<\/h2>\r\n<p><br \/>\u00c7ok y\u00fcksek hassasiyetli \u015falter ile g\u00fc\u00e7l\u00fc, uzun \u00f6m\u00fcrl\u00fc \u00fcr\u00fcn<br \/>M\u0131knat\u0131s\u0131 sadece ortas\u0131ndan de\u011fil herhangi bir yerden kesmenin tepkisi<br \/>220 volt AC\/DC<br \/>100VA N\/A N\/C<br \/>Manyetik anahtarlar\u0131n d\u00fcnyas\u0131n\u0131 ke\u015ffetmeye haz\u0131r m\u0131s\u0131n\u0131z?<br \/><br \/>T-105 bir\u00e7ok g\u00fcvenilir se\u00e7ene\u011fimizden sadece bir tanesidir. Asans\u00f6r sisteminiz i\u00e7in m\u00fckemmel \u00e7\u00f6z\u00fcm\u00fc bulmak i\u00e7in farkl\u0131 manyetik anahtar t\u00fcrlerini ke\u015ffedin, ayr\u0131nt\u0131l\u0131 diyagramlar\u0131 inceleyin ve fiyatlar\u0131 kar\u015f\u0131la\u015ft\u0131r\u0131n.<br \/><br \/>Bug\u00fcn TTI ile ileti\u015fime ge\u00e7in ve asans\u00f6r\u00fcn\u00fcz\u00fc bir sonraki seviyeye ta\u015f\u0131man\u0131za yard\u0131mc\u0131 olmam\u0131za izin verin!<\/p>","protected":false},"excerpt":{"rendered":"<p>T-105 manyetik anahtarla asans\u00f6r kap\u0131lar\u0131n\u0131z i\u00e7in hassas ve g\u00fcvenilir a\u00e7ma\/kapama kontrol\u00fcn\u00fc deneyimleyin. Bu yenilik\u00e7i teknoloji, aktivasyonu tetiklemek, fiziksel temas\u0131 ortadan kald\u0131rmak ve a\u015f\u0131nma ve y\u0131pranmay\u0131 en aza indirmek i\u00e7in m\u0131knat\u0131slar\u0131n g\u00fcc\u00fcnden yararlan\u0131r. \u00d6zellikler \u00c7ok y\u00fcksek hassasiyetli \u015falter ile g\u00fc\u00e7l\u00fc, uzun \u00f6m\u00fcrl\u00fc \u00fcr\u00fcnM\u0131knat\u0131s\u0131 sadece ortas\u0131ndan de\u011fil herhangi bir yerden kesmenin tepkisi220 volt AC\/DC100VA N\/A N\/CManyetik anahtarlar\u0131n [&hellip;]<\/p>\n","protected":false},"featured_media":4120,"template":"","meta":{"rank_math_lock_modified_date":false},"product_cat":[126],"product_tag":[],"class_list":{"0":"post-4995","1":"product","2":"type-product","3":"status-publish","4":"has-post-thumbnail","6":"product_cat-magnitic-switch-tr","8":"first","9":"instock","10":"shipping-taxable","11":"product-type-simple"},"_links":{"self":[{"href":"https:\/\/ttilift.com\/tr\/wp-json\/wp\/v2\/product\/4995","targetHints":{"allow":["GET"]}}],"collection":[{"href":"https:\/\/ttilift.com\/tr\/wp-json\/wp\/v2\/product"}],"about":[{"href":"https:\/\/ttilift.com\/tr\/wp-json\/wp\/v2\/types\/product"}],"wp:featuredmedia":[{"embeddable":true,"href":"https:\/\/ttilift.com\/tr\/wp-json\/wp\/v2\/media\/4120"}],"wp:attachment":[{"href":"https:\/\/ttilift.com\/tr\/wp-json\/wp\/v2\/media?parent=4995"}],"wp:term":[{"taxonomy":"product_cat","embeddable":true,"href":"https:\/\/ttilift.com\/tr\/wp-json\/wp\/v2\/product_cat?post=4995"},{"taxonomy":"product_tag","embeddable":true,"href":"https:\/\/ttilift.com\/tr\/wp-json\/wp\/v2\/product_tag?post=4995"}],"curies":[{"name":"wp","href":"https:\/\/api.w.org\/{rel}","templated":true}]}}