{"id":4996,"date":"2023-12-14T12:40:44","date_gmt":"2023-12-14T12:40:44","guid":{"rendered":"https:\/\/ttilift.com\/product\/magnetic-reed-switch-t-106\/"},"modified":"2024-01-17T10:56:34","modified_gmt":"2024-01-17T10:56:34","slug":"magnetic-reed-switch-t-106","status":"publish","type":"product","link":"https:\/\/ttilift.com\/tr\/urun\/magnetic-reed-switch-t-106\/","title":{"rendered":"Magnetic reed switch T-106"},"content":{"rendered":"<div class=\"gallery\"><a href=\"https:\/\/ttilift.com\/wp-content\/uploads\/2019\/02\/t-106.png\"> <img decoding=\"async\" title=\"T-106\" src=\"https:\/\/ttilift.com\/wp-content\/uploads\/2019\/02\/t-106.png\" alt=\"\" width=\"350\" height=\"auto\" \/><\/a>\r\n<div class=\"clear\">\r\n<div class=\"gallery\">\r\n<div class=\"clear\">\r\n<p>T-106 Manyetik Manyetik Anahtar ile hassas asans\u00f6r kontrol\u00fcn\u00fc ve geli\u015fmi\u015f g\u00fcvenli\u011fi deneyimleyin. Bu \u00e7ok y\u00f6nl\u00fc mekanik manyetik anahtar, minimum a\u015f\u0131nma ve y\u0131pranmayla g\u00fcvenilir a\u00e7ma\/kapama anahtarlamas\u0131 sa\u011flamak i\u00e7in m\u0131knat\u0131s\u0131n yak\u0131nl\u0131\u011f\u0131yla tetiklenen temass\u0131z bir tasar\u0131m kullan\u0131r. Kompakt boyutu ve sa\u011flam yap\u0131s\u0131, onu kap\u0131 alg\u0131lama, \u015faft konumland\u0131rma ve g\u00fcvenlik kilitleri dahil olmak \u00fczere \u00e7e\u015fitli asans\u00f6r uygulamalar\u0131 i\u00e7in ideal k\u0131lar.<\/p>\r\n<h2><br \/><br \/>\u00d6zellikler<\/h2>\r\n<p><br \/>Almanya&#8217;da \u00fcretilen y\u00fcksek hassasiyetli Okuma anahtar\u0131<br \/>N\/O&#8217;muz, kam\u0131\u015f anahtar\u0131 ile m\u0131knat\u0131s aras\u0131ndaki 40 mm mesafeden yan\u0131t veriyor<br \/>N\/C N\/B ayn\u0131 mesafeden yan\u0131t veriyor<br \/>220 volt AC\/AB 100VA<br \/>Kapsaml\u0131 manyetik anahtar \u015femalar\u0131m\u0131z\u0131 inceleyin ve \u00f6zel ihtiya\u00e7lar\u0131n\u0131z i\u00e7in m\u00fckemmel \u00e7\u00f6z\u00fcm\u00fcn\u00fc ke\u015ffedin. Rekabet\u00e7i asans\u00f6r manyetik \u015falter fiyatlar\u0131 i\u00e7in bug\u00fcn bizimle ileti\u015fime ge\u00e7in ve asans\u00f6r\u00fcn\u00fcz\u00fcn performans\u0131n\u0131 yeni boyutlara y\u00fckseltin.<\/p>\r\n<\/div>\r\n<\/div>\r\n<\/div>\r\n<\/div><p>&nbsp;<\/p>","protected":false},"excerpt":{"rendered":"<p>&nbsp;<\/p>\n","protected":false},"featured_media":4122,"template":"","meta":{"rank_math_lock_modified_date":false},"product_cat":[126],"product_tag":[],"class_list":{"0":"post-4996","1":"product","2":"type-product","3":"status-publish","4":"has-post-thumbnail","6":"product_cat-magnitic-switch-tr","8":"first","9":"instock","10":"shipping-taxable","11":"product-type-simple"},"_links":{"self":[{"href":"https:\/\/ttilift.com\/tr\/wp-json\/wp\/v2\/product\/4996","targetHints":{"allow":["GET"]}}],"collection":[{"href":"https:\/\/ttilift.com\/tr\/wp-json\/wp\/v2\/product"}],"about":[{"href":"https:\/\/ttilift.com\/tr\/wp-json\/wp\/v2\/types\/product"}],"wp:featuredmedia":[{"embeddable":true,"href":"https:\/\/ttilift.com\/tr\/wp-json\/wp\/v2\/media\/4122"}],"wp:attachment":[{"href":"https:\/\/ttilift.com\/tr\/wp-json\/wp\/v2\/media?parent=4996"}],"wp:term":[{"taxonomy":"product_cat","embeddable":true,"href":"https:\/\/ttilift.com\/tr\/wp-json\/wp\/v2\/product_cat?post=4996"},{"taxonomy":"product_tag","embeddable":true,"href":"https:\/\/ttilift.com\/tr\/wp-json\/wp\/v2\/product_tag?post=4996"}],"curies":[{"name":"wp","href":"https:\/\/api.w.org\/{rel}","templated":true}]}}