{"id":4997,"date":"2023-12-14T12:40:43","date_gmt":"2023-12-14T12:40:43","guid":{"rendered":"https:\/\/ttilift.com\/product\/speed-governor-holder-t-110\/"},"modified":"2024-01-17T11:35:22","modified_gmt":"2024-01-17T11:35:22","slug":"speed-governor-holder-t-110","status":"publish","type":"product","link":"https:\/\/ttilift.com\/tr\/urun\/speed-governor-holder-t-110\/","title":{"rendered":"Speed Governor holder t-110"},"content":{"rendered":"<div class=\"gallery \">\r\n<figure><img decoding=\"async\" title=\"Speed Governor holder t-110\" src=\"https:\/\/ttilift.com\/wp-content\/uploads\/2019\/02\/Products-14.jpg\" alt=\"\" width=\"350\" height=\"auto\" \/><\/figure>\r\n<div class=\"clear\">\u00a0<\/div>\r\n<\/div><p>T-110 H\u0131z Reg\u00fclat\u00f6r\u00fc Tutucuyla asans\u00f6rlerinizin sorunsuz ve g\u00fcvenli bir \u015fekilde kaymas\u0131n\u0131 sa\u011flay\u0131n. Bu yenilik\u00e7i tasar\u0131m, kurulum ve bak\u0131m\u0131 basitle\u015ftirerek genel asans\u00f6r h\u0131z reg\u00fclat\u00f6r\u00fc maliyetinizi azalt\u0131r.<br \/><br \/>Kolayl\u0131k i\u00e7in tasarland\u0131: Basit bir test kurulumuna sahip olan T-110, d\u00fczenli g\u00fcvenlik kontrollerini \u00e7ocuk oyunca\u011f\u0131 haline getirir. \u00c7ok y\u00f6nl\u00fcl\u00fc\u011f\u00fc, \u00e7e\u015fitli a\u015f\u0131r\u0131 h\u0131z reg\u00fclat\u00f6r\u00fc t\u00fcrlerini de kapsayacak \u015fekilde mevcut altyap\u0131n\u0131za kusursuz entegrasyon sunar.<\/p>\r\n<h2><br \/><br \/>\u00d6zellikler<\/h2>\r\n<p><br \/>Manuel s\u0131f\u0131rlama ile geni\u015f h\u0131z aral\u0131\u011f\u0131 ve y\u00fcksek kaliteli temas<br \/>Y\u00fcksek kaliteli d\u00f6kme demir kasnak ve plastik kapak<br \/>Sa\u011f ve sol y\u00f6n<br \/>\u0130ki y\u0131l garanti<br \/>\u00c7al\u0131\u015fma s\u00fcresini en \u00fcst d\u00fczeye \u00e7\u0131kar\u0131n, riski en aza indirin: T-110&#8217;a yat\u0131r\u0131m yap\u0131n ve asans\u00f6rlerinizden tutarl\u0131, g\u00fcvenilir performans\u0131n keyfini \u00e7\u0131kar\u0131n. Sa\u011flam yap\u0131s\u0131 ve titiz m\u00fchendisli\u011fi, optimum g\u00fcvenlik sa\u011flar, yolcular\u0131 korur ve maliyetli aksama s\u00fcrelerini en aza indirir.<br \/><br \/>T-110&#8217;u se\u00e7in ve fark\u0131 ya\u015fay\u0131n. Bug\u00fcn ileti\u015fime ge\u00e7in ve bu yenilik\u00e7i tutucunun asans\u00f6r operasyonlar\u0131n\u0131z\u0131 nas\u0131l optimize edebilece\u011fini ke\u015ffedin.<\/p>","protected":false},"excerpt":{"rendered":"<p>\u00a0 T-110 H\u0131z Reg\u00fclat\u00f6r\u00fc Tutucuyla asans\u00f6rlerinizin sorunsuz ve g\u00fcvenli bir \u015fekilde kaymas\u0131n\u0131 sa\u011flay\u0131n. Bu yenilik\u00e7i tasar\u0131m, kurulum ve bak\u0131m\u0131 basitle\u015ftirerek genel asans\u00f6r h\u0131z reg\u00fclat\u00f6r\u00fc maliyetinizi azalt\u0131r. Kolayl\u0131k i\u00e7in tasarland\u0131: Basit bir test kurulumuna sahip olan T-110, d\u00fczenli g\u00fcvenlik kontrollerini \u00e7ocuk oyunca\u011f\u0131 haline getirir. \u00c7ok y\u00f6nl\u00fcl\u00fc\u011f\u00fc, \u00e7e\u015fitli a\u015f\u0131r\u0131 h\u0131z reg\u00fclat\u00f6r\u00fc t\u00fcrlerini de kapsayacak \u015fekilde mevcut altyap\u0131n\u0131za [&hellip;]<\/p>\n","protected":false},"featured_media":4096,"template":"","meta":{"rank_math_lock_modified_date":false},"product_cat":[97],"product_tag":[],"class_list":{"0":"post-4997","1":"product","2":"type-product","3":"status-publish","4":"has-post-thumbnail","6":"product_cat-speed-governor","8":"first","9":"instock","10":"shipping-taxable","11":"purchasable","12":"product-type-simple"},"_links":{"self":[{"href":"https:\/\/ttilift.com\/tr\/wp-json\/wp\/v2\/product\/4997","targetHints":{"allow":["GET"]}}],"collection":[{"href":"https:\/\/ttilift.com\/tr\/wp-json\/wp\/v2\/product"}],"about":[{"href":"https:\/\/ttilift.com\/tr\/wp-json\/wp\/v2\/types\/product"}],"wp:featuredmedia":[{"embeddable":true,"href":"https:\/\/ttilift.com\/tr\/wp-json\/wp\/v2\/media\/4096"}],"wp:attachment":[{"href":"https:\/\/ttilift.com\/tr\/wp-json\/wp\/v2\/media?parent=4997"}],"wp:term":[{"taxonomy":"product_cat","embeddable":true,"href":"https:\/\/ttilift.com\/tr\/wp-json\/wp\/v2\/product_cat?post=4997"},{"taxonomy":"product_tag","embeddable":true,"href":"https:\/\/ttilift.com\/tr\/wp-json\/wp\/v2\/product_tag?post=4997"}],"curies":[{"name":"wp","href":"https:\/\/api.w.org\/{rel}","templated":true}]}}