{"id":4998,"date":"2023-12-14T12:40:43","date_gmt":"2023-12-14T12:40:43","guid":{"rendered":"https:\/\/ttilift.com\/product\/speed-governor-t-104\/"},"modified":"2024-01-17T11:35:19","modified_gmt":"2024-01-17T11:35:19","slug":"speed-governor-t-104","status":"publish","type":"product","link":"https:\/\/ttilift.com\/tr\/urun\/speed-governor-t-104\/","title":{"rendered":"Speed Governor t-104"},"content":{"rendered":"<div class=\"gallery\">\r\n<p><a class=\"big\" href=\"https:\/\/ttilift.com\/wp-content\/uploads\/2019\/02\/Products-15.jpg\"> <img decoding=\"async\" title=\"Speed Governor t-104\" src=\"https:\/\/ttilift.com\/wp-content\/uploads\/2019\/02\/Products-15.jpg\" alt=\"\" width=\"350\" height=\"auto\" \/><\/a><\/p>\r\n<div class=\"clear\">\u00a0<\/div>\r\n<\/div><p>T-104 asans\u00f6r h\u0131z reg\u00fclat\u00f6r\u00fc hem g\u00fcvenli\u011fe hem de b\u00fct\u00e7eye \u00f6ncelik verir. Bu sa\u011flam mekanik reg\u00fclat\u00f6r, a\u015f\u0131r\u0131 h\u0131z tespit edildi\u011finde an\u0131nda frenleri devreye sokarak ge\u00e7i\u015f testlerinde \u00fcst\u00fcn ba\u015far\u0131 g\u00f6sterir. Asans\u00f6r ihtiya\u00e7lar\u0131n\u0131z\u0131 m\u00fckemmel \u015fekilde kar\u015f\u0131lamak i\u00e7in \u00e7e\u015fitli tipteki reg\u00fclat\u00f6rler (mekanik, elektronik veya hibrit) aras\u0131ndan se\u00e7im yap\u0131n.<\/p>\r\n<h2><br \/><br \/>\u00d6zellikler<\/h2>\r\n<p><br \/>Manuel s\u0131f\u0131rlama ile geni\u015f h\u0131z aral\u0131\u011f\u0131 ve y\u00fcksek kaliteli temas<br \/>0,4 ila 1,6 m\/sn h\u0131z aral\u0131\u011f\u0131<br \/>Y\u00fcksek kaliteli d\u00f6kme demir kasnak ve plastik kapak<br \/>Sa\u011f ve sol y\u00f6n<br \/>\u0130ki y\u0131l garanti<\/p>\r\n<p><br \/><br \/>TTI ile rekabet\u00e7i fiyatlarla birinci s\u0131n\u0131f performans\u0131n keyfini \u00e7\u0131kar\u0131n ve her s\u00fcr\u00fc\u015fte i\u00e7inizin rahat olmas\u0131n\u0131 sa\u011flay\u0131n.<\/p>\r\n<p><\/p>","protected":false},"excerpt":{"rendered":"<p>\u00a0 T-104 asans\u00f6r h\u0131z reg\u00fclat\u00f6r\u00fc hem g\u00fcvenli\u011fe hem de b\u00fct\u00e7eye \u00f6ncelik verir. Bu sa\u011flam mekanik reg\u00fclat\u00f6r, a\u015f\u0131r\u0131 h\u0131z tespit edildi\u011finde an\u0131nda frenleri devreye sokarak ge\u00e7i\u015f testlerinde \u00fcst\u00fcn ba\u015far\u0131 g\u00f6sterir. Asans\u00f6r ihtiya\u00e7lar\u0131n\u0131z\u0131 m\u00fckemmel \u015fekilde kar\u015f\u0131lamak i\u00e7in \u00e7e\u015fitli tipteki reg\u00fclat\u00f6rler (mekanik, elektronik veya hibrit) aras\u0131ndan se\u00e7im yap\u0131n. \u00d6zellikler Manuel s\u0131f\u0131rlama ile geni\u015f h\u0131z aral\u0131\u011f\u0131 ve y\u00fcksek kaliteli [&hellip;]<\/p>\n","protected":false},"featured_media":4098,"template":"","meta":{"rank_math_lock_modified_date":false},"product_cat":[97],"product_tag":[],"class_list":{"0":"post-4998","1":"product","2":"type-product","3":"status-publish","4":"has-post-thumbnail","6":"product_cat-speed-governor","8":"first","9":"instock","10":"shipping-taxable","11":"product-type-simple"},"_links":{"self":[{"href":"https:\/\/ttilift.com\/tr\/wp-json\/wp\/v2\/product\/4998","targetHints":{"allow":["GET"]}}],"collection":[{"href":"https:\/\/ttilift.com\/tr\/wp-json\/wp\/v2\/product"}],"about":[{"href":"https:\/\/ttilift.com\/tr\/wp-json\/wp\/v2\/types\/product"}],"wp:featuredmedia":[{"embeddable":true,"href":"https:\/\/ttilift.com\/tr\/wp-json\/wp\/v2\/media\/4098"}],"wp:attachment":[{"href":"https:\/\/ttilift.com\/tr\/wp-json\/wp\/v2\/media?parent=4998"}],"wp:term":[{"taxonomy":"product_cat","embeddable":true,"href":"https:\/\/ttilift.com\/tr\/wp-json\/wp\/v2\/product_cat?post=4998"},{"taxonomy":"product_tag","embeddable":true,"href":"https:\/\/ttilift.com\/tr\/wp-json\/wp\/v2\/product_tag?post=4998"}],"curies":[{"name":"wp","href":"https:\/\/api.w.org\/{rel}","templated":true}]}}