{"id":4999,"date":"2023-12-14T12:41:05","date_gmt":"2023-12-14T12:41:05","guid":{"rendered":"https:\/\/ttilift.com\/product\/turkish-flexible-cable\/"},"modified":"2024-01-15T10:34:34","modified_gmt":"2024-01-15T10:34:34","slug":"turkish-flexible-cable","status":"publish","type":"product","link":"https:\/\/ttilift.com\/tr\/urun\/turkish-flexible-cable\/","title":{"rendered":"Turkish Flexible cable"},"content":{"rendered":"<div class=\"wp-block-image\">\r\n<figure class=\"aligncenter\"><img decoding=\"async\" class=\"wp-image-401\" src=\"https:\/\/ttilift.com\/wp-content\/uploads\/2019\/03\/Electrical-Cable-300x226.jpg\" alt=\"\" \/><\/figure>\r\n<\/div><p>Artan G\u00fcvenilirlik, Her Seferde Tek Esneklik: TTI&#8217;nin ola\u011fan\u00fcst\u00fc dayan\u0131kl\u0131l\u0131\u011f\u0131 ve sorunsuz \u00e7al\u0131\u015fmas\u0131yla tan\u0131nan birinci s\u0131n\u0131f T\u00fcrk esnek kablolar\u0131yla yeni zirvelere u\u00e7un. Geli\u015fmi\u015f malzemeler ve s\u0131k\u0131 kalite kontrol\u00fcyle \u00fcretilen kablolar\u0131m\u0131z, yo\u011fun trafik taleplerini kolayl\u0131kla kar\u015f\u0131layarak ar\u0131za s\u00fcresini ve bak\u0131m maliyetlerini en aza indirir.<br \/><br \/>\u00d6zellikler<br \/>HD 21.5 \/ VDE 0281 \u2013 403&#8217;e uyarlanm\u0131\u015ft\u0131r<br \/>\u00c7al\u0131\u015fma Gerilimi H05VVH6-F : 300 \/ 500 V.<br \/>\u00c7al\u0131\u015fma Gerilimi H07VVH6-F : 450 \/ 750 V.<br \/>Test Gerilimi : 2500 V.<br \/>S\u0131cakl\u0131k Aral\u0131\u011f\u0131 Esnek\u00a0\u00a0\u00a0\u00a0\u00a0\u00a0\u00a0\u00a0\u00a0\u00a0 : -5 \u00b0C\u2026..+70 \u00b0C \u00a0Statik\u00a0\u00a0\u00a0\u00a0\u00a0\u00a0\u00a0\u00a0\u00a0\u00a0 : -25 \u00b0C\u2026..+70 \u00b0C<br \/>Min. B\u00fckme Yar\u0131\u00e7ap\u0131: 10 x Kablo \u00c7ap\u0131<br \/><br \/><br \/>TTI&#8217;yi Se\u00e7in, G\u00fcveni Se\u00e7in: Asans\u00f6r m\u00fckemmelli\u011fi s\u00f6z konusu oldu\u011funda uzmanlara g\u00fcvenin. TTI&#8217;\u0131n T\u00fcrk esnek kablolar\u0131 arad\u0131\u011f\u0131n\u0131z g\u00fcvenilir, uygun maliyetli \u00e7\u00f6z\u00fcmd\u00fcr. Bug\u00fcn bizimle ileti\u015fime ge\u00e7in ve fark\u0131 ya\u015fay\u0131n!<\/p><p class=\"is-layout-flex wp-block-social-links-is-layout-flex\">&nbsp;<\/p><figure class=\"wp-block-gallery columns-0 is-cropped wp-block-gallery-1 is-layout-flex wp-block-gallery-is-layout-flex\"><\/figure><figure class=\"wp-block-gallery columns-0 is-cropped wp-block-gallery-2 is-layout-flex wp-block-gallery-is-layout-flex\"><\/figure><figure class=\"wp-block-gallery columns-0 is-cropped wp-block-gallery-3 is-layout-flex wp-block-gallery-is-layout-flex\"><\/figure>","protected":false},"excerpt":{"rendered":"<p>Artan G\u00fcvenilirlik, Her Seferde Tek Esneklik: TTI&#8217;nin ola\u011fan\u00fcst\u00fc dayan\u0131kl\u0131l\u0131\u011f\u0131 ve sorunsuz \u00e7al\u0131\u015fmas\u0131yla tan\u0131nan birinci s\u0131n\u0131f T\u00fcrk esnek kablolar\u0131yla yeni zirvelere u\u00e7un. Geli\u015fmi\u015f malzemeler ve s\u0131k\u0131 kalite kontrol\u00fcyle \u00fcretilen kablolar\u0131m\u0131z, yo\u011fun trafik taleplerini kolayl\u0131kla kar\u015f\u0131layarak ar\u0131za s\u00fcresini ve bak\u0131m maliyetlerini en aza indirir. \u00d6zelliklerHD 21.5 \/ VDE 0281 \u2013 403&#8217;e uyarlanm\u0131\u015ft\u0131r\u00c7al\u0131\u015fma Gerilimi H05VVH6-F : 300 \/ [&hellip;]<\/p>\n","protected":false},"featured_media":4178,"template":"","meta":{"rank_math_lock_modified_date":false},"product_cat":[135],"product_tag":[],"class_list":{"0":"post-4999","1":"product","2":"type-product","3":"status-publish","4":"has-post-thumbnail","6":"product_cat-flexible-cable-tr","8":"first","9":"instock","10":"shipping-taxable","11":"product-type-simple"},"_links":{"self":[{"href":"https:\/\/ttilift.com\/tr\/wp-json\/wp\/v2\/product\/4999","targetHints":{"allow":["GET"]}}],"collection":[{"href":"https:\/\/ttilift.com\/tr\/wp-json\/wp\/v2\/product"}],"about":[{"href":"https:\/\/ttilift.com\/tr\/wp-json\/wp\/v2\/types\/product"}],"wp:featuredmedia":[{"embeddable":true,"href":"https:\/\/ttilift.com\/tr\/wp-json\/wp\/v2\/media\/4178"}],"wp:attachment":[{"href":"https:\/\/ttilift.com\/tr\/wp-json\/wp\/v2\/media?parent=4999"}],"wp:term":[{"taxonomy":"product_cat","embeddable":true,"href":"https:\/\/ttilift.com\/tr\/wp-json\/wp\/v2\/product_cat?post=4999"},{"taxonomy":"product_tag","embeddable":true,"href":"https:\/\/ttilift.com\/tr\/wp-json\/wp\/v2\/product_tag?post=4999"}],"curies":[{"name":"wp","href":"https:\/\/api.w.org\/{rel}","templated":true}]}}