{"id":5000,"date":"2023-12-14T12:41:05","date_gmt":"2023-12-14T12:41:05","guid":{"rendered":"https:\/\/ttilift.com\/product\/turkish-guide-rails\/"},"modified":"2024-01-17T10:23:04","modified_gmt":"2024-01-17T10:23:04","slug":"turkish-guide-rails","status":"publish","type":"product","link":"https:\/\/ttilift.com\/tr\/urun\/turkish-guide-rails\/","title":{"rendered":"Turkish Guide rails"},"content":{"rendered":"<p>T\u00fcrk K\u0131lavuz Raylar\u0131n\u0131n e\u015fsiz performans\u0131yla asans\u00f6r sisteminizi y\u00fckseltin. Y\u00fcksek kaliteli T\u00fcrk \u00e7eli\u011finden \u00fcretilen bu raylar a\u015fa\u011f\u0131daki \u00f6zellikleriyle \u00fcnl\u00fcd\u00fcr:<br \/>\u2013 Ola\u011fan\u00fcst\u00fc P\u00fcr\u00fczs\u00fczl\u00fck: Yolcular\u0131 benzersiz konfor ve minimum g\u00fcr\u00fclt\u00fc ile var\u0131\u015f noktalar\u0131na kayd\u0131r\u0131n. hassas \u00fcretim s\u00fcreci m\u00fckemmel hizalama ve minimum s\u00fcrt\u00fcnme sa\u011flar.<br \/>\u2013 E\u015fsiz Dayan\u0131kl\u0131l\u0131k: Uzun s\u00fcre dayanacak \u015fekilde tasarlanan TTI k\u0131lavuz raylar\u0131 yo\u011fun trafi\u011fe ve zorlu ko\u015fullara dayan\u0131kl\u0131d\u0131r. \u00dcst\u00fcn g\u00fc\u00e7leri ve a\u015f\u0131nma diren\u00e7leri bak\u0131m gereksinimlerini en aza indirir ve asans\u00f6r sisteminizin \u00f6mr\u00fcn\u00fc uzat\u0131r.<br \/>\u2013 Geli\u015fmi\u015f G\u00fcvenlik: S\u0131k\u0131 kalite kontrol \u00f6nlemleri, en y\u00fcksek g\u00fcvenlik standartlar\u0131n\u0131 garanti eder.\u00a0 k\u0131lavuz raylar\u0131, end\u00fcstri d\u00fczenlemelerini kar\u015f\u0131lamak ve a\u015fmak i\u00e7in s\u0131k\u0131 bir \u015fekilde test edilmi\u015ftir ve size tam bir g\u00f6n\u00fcl rahatl\u0131\u011f\u0131 sa\u011flar.<br \/>T\u00fcrk\u00e7e K\u0131lavuz Raylar\u0131 ile en iyiye yat\u0131r\u0131m yap\u0131n. S\u00fcr\u00fc\u015f kalitesi, g\u00fcvenilirlik ve uzun vadeli de\u011fer fark\u0131n\u0131 ya\u015fay\u0131n. Dan\u0131\u015fmanl\u0131k almak i\u00e7in bug\u00fcn bizimle ileti\u015fime ge\u00e7in ve asans\u00f6r sisteminizi nas\u0131l yeni boyutlara \u00e7\u0131karabilece\u011fini ke\u015ffedin<\/p>","protected":false},"excerpt":{"rendered":"<p>T\u00fcrk K\u0131lavuz Raylar\u0131n\u0131n e\u015fsiz performans\u0131yla asans\u00f6r sisteminizi y\u00fckseltin. Y\u00fcksek kaliteli T\u00fcrk \u00e7eli\u011finden \u00fcretilen bu raylar a\u015fa\u011f\u0131daki \u00f6zellikleriyle \u00fcnl\u00fcd\u00fcr:\u2013 Ola\u011fan\u00fcst\u00fc P\u00fcr\u00fczs\u00fczl\u00fck: Yolcular\u0131 benzersiz konfor ve minimum g\u00fcr\u00fclt\u00fc ile var\u0131\u015f noktalar\u0131na kayd\u0131r\u0131n. hassas \u00fcretim s\u00fcreci m\u00fckemmel hizalama ve minimum s\u00fcrt\u00fcnme sa\u011flar.\u2013 E\u015fsiz Dayan\u0131kl\u0131l\u0131k: Uzun s\u00fcre dayanacak \u015fekilde tasarlanan TTI k\u0131lavuz raylar\u0131 yo\u011fun trafi\u011fe ve zorlu ko\u015fullara dayan\u0131kl\u0131d\u0131r. [&hellip;]<\/p>\n","protected":false},"featured_media":4176,"template":"","meta":{"rank_math_lock_modified_date":false},"product_cat":[134],"product_tag":[],"class_list":{"0":"post-5000","1":"product","2":"type-product","3":"status-publish","4":"has-post-thumbnail","6":"product_cat-guide-rail-tr","8":"first","9":"instock","10":"shipping-taxable","11":"product-type-simple"},"_links":{"self":[{"href":"https:\/\/ttilift.com\/tr\/wp-json\/wp\/v2\/product\/5000","targetHints":{"allow":["GET"]}}],"collection":[{"href":"https:\/\/ttilift.com\/tr\/wp-json\/wp\/v2\/product"}],"about":[{"href":"https:\/\/ttilift.com\/tr\/wp-json\/wp\/v2\/types\/product"}],"wp:featuredmedia":[{"embeddable":true,"href":"https:\/\/ttilift.com\/tr\/wp-json\/wp\/v2\/media\/4176"}],"wp:attachment":[{"href":"https:\/\/ttilift.com\/tr\/wp-json\/wp\/v2\/media?parent=5000"}],"wp:term":[{"taxonomy":"product_cat","embeddable":true,"href":"https:\/\/ttilift.com\/tr\/wp-json\/wp\/v2\/product_cat?post=5000"},{"taxonomy":"product_tag","embeddable":true,"href":"https:\/\/ttilift.com\/tr\/wp-json\/wp\/v2\/product_tag?post=5000"}],"curies":[{"name":"wp","href":"https:\/\/api.w.org\/{rel}","templated":true}]}}