{"id":5001,"date":"2023-12-14T12:40:44","date_gmt":"2023-12-14T12:40:44","guid":{"rendered":"https:\/\/ttilift.com\/product\/retiring-cam-t-103\/"},"modified":"2024-01-17T10:11:16","modified_gmt":"2024-01-17T10:11:16","slug":"retiring-cam-t-103","status":"publish","type":"product","link":"https:\/\/ttilift.com\/tr\/urun\/retiring-cam-t-103\/","title":{"rendered":"Retiring cam t-103"},"content":{"rendered":"<ul class=\"wp-block-gallery aligncenter columns-2 is-cropped wp-block-gallery-1 is-layout-flex wp-block-gallery-is-layout-flex\">\r\n<li class=\"blocks-gallery-item\">\r\n<figure><img decoding=\"async\" class=\"wp-image-515\" src=\"https:\/\/ttilift.com\/wp-content\/uploads\/2019\/03\/Products-21.jpg\" alt=\"\" data-id=\"515\" data-link=\"https:\/\/ttilift.com\/retiring-cam-t-103\/products-21\/\" \/><\/figure>\r\n<\/li>\r\n<li class=\"blocks-gallery-item\">\r\n<figure><img decoding=\"async\" class=\"wp-image-85\" src=\"https:\/\/ttilift.com\/wp-content\/uploads\/2019\/02\/t-103.png\" alt=\"\" data-id=\"85\" data-link=\"https:\/\/ttilift.com\/retiring-cam-t-103\/t-103\/\" \/><\/figure>\r\n<\/li>\r\n<\/ul>\r\n<div class=\"gallery\"><a href=\"https:\/\/ttilift.com\/wp-content\/uploads\/2019\/03\/Products-21.jpg\"> <img decoding=\"async\" title=\"T-103\" src=\"https:\/\/ttilift.com\/wp-content\/uploads\/2019\/03\/Products-21.jpg\" alt=\"\" width=\"350\" height=\"auto\" \/><\/a> <a href=\"https:\/\/ttilift.com\/wp-content\/uploads\/2019\/02\/t-103.png\"> <img decoding=\"async\" title=\"T-103\" src=\"https:\/\/ttilift.com\/wp-content\/uploads\/2019\/02\/t-103.png\" alt=\"\" width=\"350\" height=\"auto\" \/><\/a>\r\n<div class=\"clear\">\r\n<p>&nbsp;<\/p>\r\n<p>Emekli Kam\u0131 T-103, sorunsuz, kontroll\u00fc ve g\u00fcvenilir \u00e7al\u0131\u015fma i\u00e7in tasarlanm\u0131\u015f, birinci s\u0131n\u0131f bir asans\u00f6r kap\u0131s\u0131 kapat\u0131c\u0131s\u0131d\u0131r. Y\u00fcksek kaliteli yap\u0131s\u0131 ve geli\u015fmi\u015f \u00f6zellikleri, asans\u00f6r kap\u0131lar\u0131n\u0131z\u0131n sorunsuz bir \u015fekilde a\u00e7\u0131l\u0131p kapanmas\u0131n\u0131 sa\u011flayarak yolcu konforunu ve g\u00fcvenli\u011fini art\u0131r\u0131r.<\/p>\r\n<h2><br \/><br \/>\u00d6zellikler:<\/h2>\r\n<ul>\r\n<li>Geni\u015f volt aral\u0131\u011f\u0131 ve ayar mesafesi ile en iyi malzemeler<\/li>\r\n<li>48v&#8217;den 190v DC&#8217;ye voltaj<\/li>\r\n<li>h\u0131z ve kuvvet i\u00e7in tam ayar<\/li>\r\n<li>A\u00e7\u0131lma ve kapanma mesafesi i\u00e7in tam ayar<\/li>\r\n<li>Komple bak\u0131r bobin<\/li>\r\n<li>Saatte 240 defa kesintisiz, s\u00fcrekli \u00e7al\u0131\u015fma kapasitesi<\/li>\r\n<li>\u0130ki y\u0131l garanti<br \/>TTI Kullan\u0131mdan \u00c7\u0131karma Kam\u0131 T-103 fiyat\u0131n\u0131 bulun, k\u0131lavuzu indirin ve web sitemizdeki di\u011fer asans\u00f6r kap\u0131s\u0131 kapat\u0131c\u0131 se\u00e7eneklerini bug\u00fcn ke\u015ffedin!<\/li>\r\n<\/ul>\r\n<\/div>\r\n<\/div>","protected":false},"excerpt":{"rendered":"","protected":false},"featured_media":4108,"template":"","meta":{"rank_math_lock_modified_date":false},"product_cat":[136],"product_tag":[],"class_list":{"0":"post-5001","1":"product","2":"type-product","3":"status-publish","4":"has-post-thumbnail","6":"product_cat-closer-cam-tr","8":"first","9":"instock","10":"shipping-taxable","11":"product-type-simple"},"_links":{"self":[{"href":"https:\/\/ttilift.com\/tr\/wp-json\/wp\/v2\/product\/5001","targetHints":{"allow":["GET"]}}],"collection":[{"href":"https:\/\/ttilift.com\/tr\/wp-json\/wp\/v2\/product"}],"about":[{"href":"https:\/\/ttilift.com\/tr\/wp-json\/wp\/v2\/types\/product"}],"wp:featuredmedia":[{"embeddable":true,"href":"https:\/\/ttilift.com\/tr\/wp-json\/wp\/v2\/media\/4108"}],"wp:attachment":[{"href":"https:\/\/ttilift.com\/tr\/wp-json\/wp\/v2\/media?parent=5001"}],"wp:term":[{"taxonomy":"product_cat","embeddable":true,"href":"https:\/\/ttilift.com\/tr\/wp-json\/wp\/v2\/product_cat?post=5001"},{"taxonomy":"product_tag","embeddable":true,"href":"https:\/\/ttilift.com\/tr\/wp-json\/wp\/v2\/product_tag?post=5001"}],"curies":[{"name":"wp","href":"https:\/\/api.w.org\/{rel}","templated":true}]}}