{"id":5002,"date":"2023-12-14T12:40:43","date_gmt":"2023-12-14T12:40:43","guid":{"rendered":"https:\/\/ttilift.com\/product\/door-closer-t-102\/"},"modified":"2024-01-17T10:11:10","modified_gmt":"2024-01-17T10:11:10","slug":"door-closer-t-102","status":"publish","type":"product","link":"https:\/\/ttilift.com\/tr\/urun\/door-closer-t-102\/","title":{"rendered":"Door closer t-102"},"content":{"rendered":"<div class=\"gallery\"><a href=\"https:\/\/ttilift.com\/wp-content\/uploads\/2019\/02\/Products-4.jpg\"> <img decoding=\"async\" title=\"T-102\" src=\"https:\/\/ttilift.com\/wp-content\/uploads\/2019\/02\/Products-4.jpg\" alt=\"\" width=\"350\" height=\"auto\" \/><\/a> <a href=\"https:\/\/ttilift.com\/wp-content\/uploads\/2019\/02\/Products-8.jpg\"> <img decoding=\"async\" title=\"T-102\" src=\"https:\/\/ttilift.com\/wp-content\/uploads\/2019\/02\/Products-8.jpg\" alt=\"\" width=\"350\" height=\"auto\" \/><\/a> <a href=\"https:\/\/ttilift.com\/wp-content\/uploads\/2019\/02\/Products-9.jpg\"> <img decoding=\"async\" title=\"T-102\" src=\"https:\/\/ttilift.com\/wp-content\/uploads\/2019\/02\/Products-9.jpg\" alt=\"\" width=\"350\" height=\"auto\" \/><\/a>\r\n<div class=\"clear\">\u00a0<\/div>\r\n<\/div><p>T-102 kapatma kam\u0131yla kusursuz asans\u00f6r kap\u0131s\u0131 hareketlerini deneyimleyin. Bu yenilik\u00e7i bile\u015fen, d\u00fczg\u00fcn ve kontroll\u00fc kapanmay\u0131 sa\u011flayarak yolcu g\u00fcvenli\u011fini ve konforunu art\u0131r\u0131rken kap\u0131 \u00f6mr\u00fcn\u00fc uzat\u0131r. Sa\u011flam tasar\u0131m\u0131, yo\u011fun trafikli ortamlarda bile g\u00fcvenilir performans\u0131 garanti eder.<\/p>\r\n<h2><br \/><br \/>\u00d6zellikler<\/h2>\r\n<p><br \/>\u0130ki tip kap\u0131 kapat\u0131c\u0131 \u00fcretiyoruz.<br \/>T\u00fcm \u00fcr\u00fcnler \u00fcretimde CNC makine ile y\u00fcksek teknoloji ile y\u00fcksek kalitede kalibre edilmi\u015f borudan yap\u0131lmaktad\u0131r.<br \/>\u00c7ok y\u00fcksek hidrolik ya\u011f viskozitesi sayesinde t\u00fcm par\u00e7alar korozyona kar\u015f\u0131 korunur<br \/>T\u00fcm kap\u0131 tipleri i\u00e7in y\u00fcksek hassasiyette ayarlama<br \/>S\u00fcrt\u00fcnmeden dolay\u0131 hasar\u0131 \u00f6nlemek i\u00e7in silindirde \u00e7ok g\u00fc\u00e7l\u00fc malzemeler kullan\u0131lm\u0131\u015ft\u0131r<br \/>\u0130ki y\u0131l garanti<br \/>T-102 k\u0131lavuzunu indirin ve bu yak\u0131nla\u015ft\u0131r\u0131c\u0131 kam\u0131n asans\u00f6r\u00fcn\u00fcz\u00fcn performans\u0131n\u0131 nas\u0131l art\u0131rabilece\u011fini ke\u015ffedin. Rekabet\u00e7i fiyatlar ve uzman tavsiyesi i\u00e7in bug\u00fcn TTI ile ileti\u015fime ge\u00e7in!<\/p>","protected":false},"excerpt":{"rendered":"<p>T-102 kapatma kam\u0131yla kusursuz asans\u00f6r kap\u0131s\u0131 hareketlerini deneyimleyin. Bu yenilik\u00e7i bile\u015fen, d\u00fczg\u00fcn ve kontroll\u00fc kapanmay\u0131 sa\u011flayarak yolcu g\u00fcvenli\u011fini ve konforunu art\u0131r\u0131rken kap\u0131 \u00f6mr\u00fcn\u00fc uzat\u0131r. Sa\u011flam tasar\u0131m\u0131, yo\u011fun trafikli ortamlarda bile g\u00fcvenilir performans\u0131 garanti eder. \u00d6zellikler \u0130ki tip kap\u0131 kapat\u0131c\u0131 \u00fcretiyoruz.T\u00fcm \u00fcr\u00fcnler \u00fcretimde CNC makine ile y\u00fcksek teknoloji ile y\u00fcksek kalitede kalibre edilmi\u015f borudan yap\u0131lmaktad\u0131r.\u00c7ok y\u00fcksek [&hellip;]<\/p>\n","protected":false},"featured_media":4106,"template":"","meta":{"rank_math_lock_modified_date":false},"product_cat":[136],"product_tag":[],"class_list":{"0":"post-5002","1":"product","2":"type-product","3":"status-publish","4":"has-post-thumbnail","6":"product_cat-closer-cam-tr","8":"first","9":"instock","10":"shipping-taxable","11":"product-type-simple"},"_links":{"self":[{"href":"https:\/\/ttilift.com\/tr\/wp-json\/wp\/v2\/product\/5002","targetHints":{"allow":["GET"]}}],"collection":[{"href":"https:\/\/ttilift.com\/tr\/wp-json\/wp\/v2\/product"}],"about":[{"href":"https:\/\/ttilift.com\/tr\/wp-json\/wp\/v2\/types\/product"}],"wp:featuredmedia":[{"embeddable":true,"href":"https:\/\/ttilift.com\/tr\/wp-json\/wp\/v2\/media\/4106"}],"wp:attachment":[{"href":"https:\/\/ttilift.com\/tr\/wp-json\/wp\/v2\/media?parent=5002"}],"wp:term":[{"taxonomy":"product_cat","embeddable":true,"href":"https:\/\/ttilift.com\/tr\/wp-json\/wp\/v2\/product_cat?post=5002"},{"taxonomy":"product_tag","embeddable":true,"href":"https:\/\/ttilift.com\/tr\/wp-json\/wp\/v2\/product_tag?post=5002"}],"curies":[{"name":"wp","href":"https:\/\/api.w.org\/{rel}","templated":true}]}}