{"id":5004,"date":"2023-12-14T12:40:44","date_gmt":"2023-12-14T12:40:44","guid":{"rendered":"https:\/\/ttilift.com\/product\/guide-shoes111\/"},"modified":"2024-01-17T10:25:16","modified_gmt":"2024-01-17T10:25:16","slug":"guide-shoes111","status":"publish","type":"product","link":"https:\/\/ttilift.com\/tr\/urun\/guide-shoes111\/","title":{"rendered":"Guide shoes111"},"content":{"rendered":"<div class=\"gallery\"><a href=\"https:\/\/ttilift.com\/wp-content\/uploads\/2019\/02\/t-111.png\"> <img decoding=\"async\" title=\"MR13\" src=\"https:\/\/ttilift.com\/wp-content\/uploads\/2019\/02\/t-111.png\" alt=\"\" width=\"350\" height=\"auto\" \/><\/a>\r\n<div class=\"clear\">\u00a0<\/div>\r\n<\/div><p>\u00a0K\u0131lavuz Pabu\u00e7lar\u0131 111 ile asans\u00f6r\u00fcn\u00fcz\u00fcn performans\u0131n\u0131 y\u00fckseltin. Bu birinci s\u0131n\u0131f bile\u015fenler, optimum stabilite ve g\u00fcr\u00fclt\u00fc azalt\u0131m\u0131 i\u00e7in titizlikle haz\u0131rlanm\u0131\u015f olup her yolcu i\u00e7in sorunsuz, konforlu bir s\u00fcr\u00fc\u015f garanti eder.<br \/><br \/><br \/><\/p>\r\n<h2><br \/>\u00d6zellikler<\/h2>\r\n<p><br \/>T\u00fcm par\u00e7alar korozyona kar\u015f\u0131 korunmu\u015ftur<br \/>Y\u00fcksek kaliteli d\u00f6kme demir<br \/>\u00c7ekme y\u0131l\u0131 ba\u011f\u0131\u015f\u00e7\u0131s\u0131<br \/>K\u0131lavuz Pabu\u00e7lar\u0131 111&#8217;i se\u00e7in ve asans\u00f6r\u00fcn\u00fcz\u00fc yeni bir m\u00fckemmellik standard\u0131na y\u00fckseltin. \u00dccretsiz dan\u0131\u015fmanl\u0131k i\u00e7in bug\u00fcn bizimle ileti\u015fime ge\u00e7in!<\/p>","protected":false},"excerpt":{"rendered":"<p>\u00a0K\u0131lavuz Pabu\u00e7lar\u0131 111 ile asans\u00f6r\u00fcn\u00fcz\u00fcn performans\u0131n\u0131 y\u00fckseltin. Bu birinci s\u0131n\u0131f bile\u015fenler, optimum stabilite ve g\u00fcr\u00fclt\u00fc azalt\u0131m\u0131 i\u00e7in titizlikle haz\u0131rlanm\u0131\u015f olup her yolcu i\u00e7in sorunsuz, konforlu bir s\u00fcr\u00fc\u015f garanti eder. \u00d6zellikler T\u00fcm par\u00e7alar korozyona kar\u015f\u0131 korunmu\u015fturY\u00fcksek kaliteli d\u00f6kme demir\u00c7ekme y\u0131l\u0131 ba\u011f\u0131\u015f\u00e7\u0131s\u0131K\u0131lavuz Pabu\u00e7lar\u0131 111&#8217;i se\u00e7in ve asans\u00f6r\u00fcn\u00fcz\u00fc yeni bir m\u00fckemmellik standard\u0131na y\u00fckseltin. \u00dccretsiz dan\u0131\u015fmanl\u0131k i\u00e7in bug\u00fcn bizimle [&hellip;]<\/p>\n","protected":false},"featured_media":4112,"template":"","meta":{"rank_math_lock_modified_date":false},"product_cat":[133],"product_tag":[],"class_list":{"0":"post-5004","1":"product","2":"type-product","3":"status-publish","4":"has-post-thumbnail","6":"product_cat-guide-shoes-holder-tr","8":"first","9":"instock","10":"shipping-taxable","11":"product-type-simple"},"_links":{"self":[{"href":"https:\/\/ttilift.com\/tr\/wp-json\/wp\/v2\/product\/5004","targetHints":{"allow":["GET"]}}],"collection":[{"href":"https:\/\/ttilift.com\/tr\/wp-json\/wp\/v2\/product"}],"about":[{"href":"https:\/\/ttilift.com\/tr\/wp-json\/wp\/v2\/types\/product"}],"wp:featuredmedia":[{"embeddable":true,"href":"https:\/\/ttilift.com\/tr\/wp-json\/wp\/v2\/media\/4112"}],"wp:attachment":[{"href":"https:\/\/ttilift.com\/tr\/wp-json\/wp\/v2\/media?parent=5004"}],"wp:term":[{"taxonomy":"product_cat","embeddable":true,"href":"https:\/\/ttilift.com\/tr\/wp-json\/wp\/v2\/product_cat?post=5004"},{"taxonomy":"product_tag","embeddable":true,"href":"https:\/\/ttilift.com\/tr\/wp-json\/wp\/v2\/product_tag?post=5004"}],"curies":[{"name":"wp","href":"https:\/\/api.w.org\/{rel}","templated":true}]}}