{"id":5005,"date":"2023-12-14T12:40:44","date_gmt":"2023-12-14T12:40:44","guid":{"rendered":"https:\/\/ttilift.com\/product\/rope-holder-t-109\/"},"modified":"2024-01-17T10:26:37","modified_gmt":"2024-01-17T10:26:37","slug":"rope-holder-t-109","status":"publish","type":"product","link":"https:\/\/ttilift.com\/tr\/urun\/rope-holder-t-109\/","title":{"rendered":"Rope holder t-109"},"content":{"rendered":"<div class=\"gallery\"><a href=\"https:\/\/ttilift.com\/wp-content\/uploads\/2019\/02\/Products-10.jpg\"> <img decoding=\"async\" title=\"T-109\" src=\"https:\/\/ttilift.com\/wp-content\/uploads\/2019\/02\/Products-10.jpg\" alt=\"\" width=\"350\" height=\"auto\" \/><\/a> <a href=\"https:\/\/ttilift.com\/wp-content\/uploads\/2019\/02\/109-new.png\"> <img decoding=\"async\" title=\"T-109\" src=\"https:\/\/ttilift.com\/wp-content\/uploads\/2019\/02\/109-new.png\" alt=\"\" width=\"350\" height=\"auto\" \/><\/a>\r\n<div class=\"clear\">\u00a0<\/div>\r\n<\/div><p>Lift T-109 Halat Tutucuyla Asans\u00f6r Performans\u0131n\u0131z\u0131 Y\u00fckseltin<br \/>Lift T-109 Halat Tutucuyla asans\u00f6r\u00fcn sorunsuz, g\u00fcvenilir \u00e7al\u0131\u015fmas\u0131n\u0131 sa\u011flay\u0131n. Bu sa\u011flam d\u00f6kme demir k\u0131lavuz pabucu deste\u011fi, asans\u00f6r kablolar\u0131n\u0131z\u0131 korur ve genel sistem performans\u0131n\u0131 art\u0131r\u0131r.<br \/><br \/><\/p>\r\n<h2><br \/><br \/>\u00d6zellikler<\/h2>\r\n<p><br \/>T\u00fcm par\u00e7alar korozyona kar\u015f\u0131 korunmu\u015ftur<br \/>Y\u00fcksek kaliteli d\u00f6kme demir<br \/>\u0130ki y\u0131l garanti<br \/><br \/>Asans\u00f6r\u00fcn\u00fcz\u00fc, optimum performans ve uzun s\u00fcreli de\u011fer i\u00e7in g\u00fcvenilir se\u00e7im olan Lift T-109 Halat Tutucu ile y\u00fckseltin.<\/p>","protected":false},"excerpt":{"rendered":"<p>\u00a0 Lift T-109 Halat Tutucuyla Asans\u00f6r Performans\u0131n\u0131z\u0131 Y\u00fckseltinLift T-109 Halat Tutucuyla asans\u00f6r\u00fcn sorunsuz, g\u00fcvenilir \u00e7al\u0131\u015fmas\u0131n\u0131 sa\u011flay\u0131n. Bu sa\u011flam d\u00f6kme demir k\u0131lavuz pabucu deste\u011fi, asans\u00f6r kablolar\u0131n\u0131z\u0131 korur ve genel sistem performans\u0131n\u0131 art\u0131r\u0131r. \u00d6zellikler T\u00fcm par\u00e7alar korozyona kar\u015f\u0131 korunmu\u015fturY\u00fcksek kaliteli d\u00f6kme demir\u0130ki y\u0131l garanti Asans\u00f6r\u00fcn\u00fcz\u00fc, optimum performans ve uzun s\u00fcreli de\u011fer i\u00e7in g\u00fcvenilir se\u00e7im olan Lift T-109 [&hellip;]<\/p>\n","protected":false},"featured_media":4114,"template":"","meta":{"rank_math_lock_modified_date":false},"product_cat":[133],"product_tag":[],"class_list":{"0":"post-5005","1":"product","2":"type-product","3":"status-publish","4":"has-post-thumbnail","6":"product_cat-guide-shoes-holder-tr","8":"first","9":"instock","10":"shipping-taxable","11":"product-type-simple"},"_links":{"self":[{"href":"https:\/\/ttilift.com\/tr\/wp-json\/wp\/v2\/product\/5005","targetHints":{"allow":["GET"]}}],"collection":[{"href":"https:\/\/ttilift.com\/tr\/wp-json\/wp\/v2\/product"}],"about":[{"href":"https:\/\/ttilift.com\/tr\/wp-json\/wp\/v2\/types\/product"}],"wp:featuredmedia":[{"embeddable":true,"href":"https:\/\/ttilift.com\/tr\/wp-json\/wp\/v2\/media\/4114"}],"wp:attachment":[{"href":"https:\/\/ttilift.com\/tr\/wp-json\/wp\/v2\/media?parent=5005"}],"wp:term":[{"taxonomy":"product_cat","embeddable":true,"href":"https:\/\/ttilift.com\/tr\/wp-json\/wp\/v2\/product_cat?post=5005"},{"taxonomy":"product_tag","embeddable":true,"href":"https:\/\/ttilift.com\/tr\/wp-json\/wp\/v2\/product_tag?post=5005"}],"curies":[{"name":"wp","href":"https:\/\/api.w.org\/{rel}","templated":true}]}}