{"id":5006,"date":"2023-12-14T12:40:44","date_gmt":"2023-12-14T12:40:44","guid":{"rendered":"https:\/\/ttilift.com\/product\/plastic-filling-t-112b\/"},"modified":"2024-01-17T10:27:49","modified_gmt":"2024-01-17T10:27:49","slug":"plastic-filling-t-112b","status":"publish","type":"product","link":"https:\/\/ttilift.com\/tr\/urun\/plastic-filling-t-112b\/","title":{"rendered":"Plastic filling t-112b"},"content":{"rendered":"<div class=\"wp-block-image\">\r\n<figure class=\"aligncenter\"><img decoding=\"async\" class=\"wp-image-97\" src=\"https:\/\/ttilift.com\/wp-content\/uploads\/2019\/02\/112b-1.png\" alt=\"\" \/><\/figure>\r\n<\/div>\r\n<div class=\"gallery\"><a href=\"https:\/\/ttilift.com\/wp-content\/uploads\/2019\/02\/112b-1.png\"> <img decoding=\"async\" title=\"T-112b\" src=\"https:\/\/ttilift.com\/wp-content\/uploads\/2019\/02\/112b-1.png\" alt=\"\" width=\"350\" height=\"auto\" \/><\/a>\r\n<div class=\"clear\">\u00a0<\/div>\r\n<\/div><p>devrim niteli\u011findeki T-112B Plastik Dolgusu ile asans\u00f6r\u00fcn daha sorunsuz \u00e7al\u0131\u015fmas\u0131n\u0131 deneyimleyin ve a\u015f\u0131nma ve y\u0131pranmay\u0131 en aza indirin. Bu geli\u015fmi\u015f form\u00fcl, asans\u00f6r k\u0131lavuz pabu\u00e7lar\u0131ndaki k\u00fc\u00e7\u00fck kusurlar\u0131 ve bo\u015fluklar\u0131 doldurarak fark edilir derecede daha yumu\u015fak bir s\u00fcr\u00fc\u015f i\u00e7in s\u00fcrt\u00fcnmeyi ve g\u00fcr\u00fclt\u00fcy\u00fc azalt\u0131r. T-112B&#8217;nin dayan\u0131kl\u0131 bile\u015fimi k\u0131lavuz pabu\u00e7lar\u0131n\u0131z\u0131n \u00f6mr\u00fcn\u00fc uzat\u0131r, bak\u0131m maliyetlerini azalt\u0131r ve optimum performans sa\u011flar.<\/p>\r\n<h2><br \/>\u00d6zellikler<\/h2>\r\n<p><br \/>Olduk\u00e7a sa\u011flam ve kaliteli plastik malzeme kullan\u0131lm\u0131\u015ft\u0131r<br \/>\u0130ki y\u0131l garanti<br \/><br \/>Kolay uygulama i\u00e7in kullan\u0131\u015fl\u0131 kartu\u015flar halinde sunulan\u00a0 T-112B&#8217;si, ola\u011fan\u00fcst\u00fc kalite ve verimlilik arayan asans\u00f6r profesyonellerinin tercihidir.<\/p>","protected":false},"excerpt":{"rendered":"<p>devrim niteli\u011findeki T-112B Plastik Dolgusu ile asans\u00f6r\u00fcn daha sorunsuz \u00e7al\u0131\u015fmas\u0131n\u0131 deneyimleyin ve a\u015f\u0131nma ve y\u0131pranmay\u0131 en aza indirin. Bu geli\u015fmi\u015f form\u00fcl, asans\u00f6r k\u0131lavuz pabu\u00e7lar\u0131ndaki k\u00fc\u00e7\u00fck kusurlar\u0131 ve bo\u015fluklar\u0131 doldurarak fark edilir derecede daha yumu\u015fak bir s\u00fcr\u00fc\u015f i\u00e7in s\u00fcrt\u00fcnmeyi ve g\u00fcr\u00fclt\u00fcy\u00fc azalt\u0131r. T-112B&#8217;nin dayan\u0131kl\u0131 bile\u015fimi k\u0131lavuz pabu\u00e7lar\u0131n\u0131z\u0131n \u00f6mr\u00fcn\u00fc uzat\u0131r, bak\u0131m maliyetlerini azalt\u0131r ve optimum performans sa\u011flar. [&hellip;]<\/p>\n","protected":false},"featured_media":4116,"template":"","meta":{"rank_math_lock_modified_date":false},"product_cat":[133],"product_tag":[],"class_list":{"0":"post-5006","1":"product","2":"type-product","3":"status-publish","4":"has-post-thumbnail","6":"product_cat-guide-shoes-holder-tr","8":"first","9":"instock","10":"shipping-taxable","11":"product-type-simple"},"_links":{"self":[{"href":"https:\/\/ttilift.com\/tr\/wp-json\/wp\/v2\/product\/5006","targetHints":{"allow":["GET"]}}],"collection":[{"href":"https:\/\/ttilift.com\/tr\/wp-json\/wp\/v2\/product"}],"about":[{"href":"https:\/\/ttilift.com\/tr\/wp-json\/wp\/v2\/types\/product"}],"wp:featuredmedia":[{"embeddable":true,"href":"https:\/\/ttilift.com\/tr\/wp-json\/wp\/v2\/media\/4116"}],"wp:attachment":[{"href":"https:\/\/ttilift.com\/tr\/wp-json\/wp\/v2\/media?parent=5006"}],"wp:term":[{"taxonomy":"product_cat","embeddable":true,"href":"https:\/\/ttilift.com\/tr\/wp-json\/wp\/v2\/product_cat?post=5006"},{"taxonomy":"product_tag","embeddable":true,"href":"https:\/\/ttilift.com\/tr\/wp-json\/wp\/v2\/product_tag?post=5006"}],"curies":[{"name":"wp","href":"https:\/\/api.w.org\/{rel}","templated":true}]}}