{"id":5007,"date":"2023-12-14T12:40:44","date_gmt":"2023-12-14T12:40:44","guid":{"rendered":"https:\/\/ttilift.com\/product\/plastic-filling-t-112\/"},"modified":"2024-01-17T10:29:00","modified_gmt":"2024-01-17T10:29:00","slug":"plastic-filling-t-112","status":"publish","type":"product","link":"https:\/\/ttilift.com\/tr\/urun\/plastic-filling-t-112\/","title":{"rendered":"Plastic filling t-112"},"content":{"rendered":"<div class=\"gallery\"><a href=\"https:\/\/ttilift.com\/wp-content\/uploads\/2019\/02\/112.png\"> <img decoding=\"async\" title=\"T-112\" src=\"https:\/\/ttilift.com\/wp-content\/uploads\/2019\/02\/112.png\" alt=\"\" width=\"350\" height=\"auto\" \/><\/a>\r\n<div class=\"clear\">\u00a0<\/div>\r\n<\/div><p>G\u00fcr\u00fclt\u00fcl\u00fc titre\u015fimlere ve a\u015f\u0131r\u0131 a\u015f\u0131nmaya veda edin.\u00a0 T-112 Plastik Dolgu asans\u00f6r k\u0131lavuz pabu\u00e7lar\u0131n\u0131z\u0131n \u00f6mr\u00fcn\u00fc uzatmak i\u00e7in ideal \u00e7\u00f6z\u00fcmd\u00fcr. Bu yenilik\u00e7i form\u00fcl a\u015f\u0131nm\u0131\u015f oluklar\u0131 ve kusurlar\u0131 doldurarak optimum temas ve daha d\u00fczg\u00fcn \u00e7al\u0131\u015fma sa\u011flar.\u00a0 T-112 ile s\u00fcrt\u00fcnmeyi ve g\u00fcr\u00fclt\u00fcy\u00fc azalt\u0131n, yolcu konforunu art\u0131r\u0131n ve bak\u0131m maliyetlerini en aza indirin.<\/p>\r\n<p>&nbsp;<\/p>\r\n<h2>\u00d6zellikler<\/h2>\r\n<p><br \/>Olduk\u00e7a sa\u011flam ve kaliteli plastik malzeme kullan\u0131lm\u0131\u015ft\u0131r<br \/>\u0130ki y\u0131l garanti<br \/><br \/>Y\u00fcksek kaliteli, dayan\u0131kl\u0131 malzemelerden yap\u0131lm\u0131\u015f olup, uzun s\u00fcreli performans ve sorunsuz \u00e7al\u0131\u015fma i\u00e7in m\u00fckemmel se\u00e7imdir.\u00a0 T-112 Plastik Dolum&#8217;a yat\u0131r\u0131m yap\u0131n ve asans\u00f6rlerinizin huzur ve sessizlik i\u00e7inde kaymas\u0131n\u0131 sa\u011flay\u0131n.<\/p>","protected":false},"excerpt":{"rendered":"<p>G\u00fcr\u00fclt\u00fcl\u00fc titre\u015fimlere ve a\u015f\u0131r\u0131 a\u015f\u0131nmaya veda edin.\u00a0 T-112 Plastik Dolgu asans\u00f6r k\u0131lavuz pabu\u00e7lar\u0131n\u0131z\u0131n \u00f6mr\u00fcn\u00fc uzatmak i\u00e7in ideal \u00e7\u00f6z\u00fcmd\u00fcr. Bu yenilik\u00e7i form\u00fcl a\u015f\u0131nm\u0131\u015f oluklar\u0131 ve kusurlar\u0131 doldurarak optimum temas ve daha d\u00fczg\u00fcn \u00e7al\u0131\u015fma sa\u011flar.\u00a0 T-112 ile s\u00fcrt\u00fcnmeyi ve g\u00fcr\u00fclt\u00fcy\u00fc azalt\u0131n, yolcu konforunu art\u0131r\u0131n ve bak\u0131m maliyetlerini en aza indirin. &nbsp; \u00d6zellikler Olduk\u00e7a sa\u011flam ve kaliteli plastik [&hellip;]<\/p>\n","protected":false},"featured_media":4118,"template":"","meta":{"rank_math_lock_modified_date":false},"product_cat":[133],"product_tag":[],"class_list":{"0":"post-5007","1":"product","2":"type-product","3":"status-publish","4":"has-post-thumbnail","6":"product_cat-guide-shoes-holder-tr","8":"first","9":"instock","10":"shipping-taxable","11":"product-type-simple"},"_links":{"self":[{"href":"https:\/\/ttilift.com\/tr\/wp-json\/wp\/v2\/product\/5007","targetHints":{"allow":["GET"]}}],"collection":[{"href":"https:\/\/ttilift.com\/tr\/wp-json\/wp\/v2\/product"}],"about":[{"href":"https:\/\/ttilift.com\/tr\/wp-json\/wp\/v2\/types\/product"}],"wp:featuredmedia":[{"embeddable":true,"href":"https:\/\/ttilift.com\/tr\/wp-json\/wp\/v2\/media\/4118"}],"wp:attachment":[{"href":"https:\/\/ttilift.com\/tr\/wp-json\/wp\/v2\/media?parent=5007"}],"wp:term":[{"taxonomy":"product_cat","embeddable":true,"href":"https:\/\/ttilift.com\/tr\/wp-json\/wp\/v2\/product_cat?post=5007"},{"taxonomy":"product_tag","embeddable":true,"href":"https:\/\/ttilift.com\/tr\/wp-json\/wp\/v2\/product_tag?post=5007"}],"curies":[{"name":"wp","href":"https:\/\/api.w.org\/{rel}","templated":true}]}}