{"id":5008,"date":"2023-12-27T06:46:05","date_gmt":"2023-12-27T06:46:05","guid":{"rendered":"https:\/\/ttilift.com\/product\/rails-clips-t1-t2-t3-types\/"},"modified":"2024-01-17T10:57:54","modified_gmt":"2024-01-17T10:57:54","slug":"rails-clips-t1-t2-t3-types","status":"publish","type":"product","link":"https:\/\/ttilift.com\/tr\/urun\/rails-clips-t1-t2-t3-types\/","title":{"rendered":"Rails clips T1 \u2013 T2 \u2013 T3 types"},"content":{"rendered":"<header class=\"entry-header ast-no-thumbnail ast-header-without-markup\">\n<div class=\"entry-meta\"><span class=\"comments-link\"><a href=\"https:\/\/ttilift.com\/rails-clips-elevator\/#respond\">Leave a Comment<\/a>\u00a0<\/span>\/\u00a0<span class=\"ast-terms-link\"><a href=\"https:\/\/ttilift.com\/category\/other-products\/other-elevators-components\/\">Other components<\/a>,\u00a0<a href=\"https:\/\/ttilift.com\/category\/other-products\/\">Other Products<\/a><\/span>\u00a0\/ By\u00a0<span class=\"posted-by vcard author\"><a class=\"url fn n\" title=\"View all posts by Ashraf Wahid\" href=\"https:\/\/ttilift.com\/author\/ashraf-wahid\/\" rel=\"author\"><span class=\"author-name\">Ashraf Wahid<\/span><\/a><\/span><\/div>\n<\/header>\n<div class=\"entry-content clear\">\n<div class=\"elementor elementor-2990\" data-elementor-type=\"wp-post\" data-elementor-id=\"2990\">\n<section class=\"elementor-section elementor-top-section elementor-element elementor-element-d81a929 elementor-section-boxed elementor-section-height-default elementor-section-height-default\" data-id=\"d81a929\" data-element_type=\"section\">\n<div class=\"elementor-container elementor-column-gap-default\">\n<div class=\"elementor-column elementor-col-100 elementor-top-column elementor-element elementor-element-ded523d\" data-id=\"ded523d\" data-element_type=\"column\">\n<div class=\"elementor-widget-wrap elementor-element-populated\">\n<div class=\"elementor-element elementor-element-21d7044 elementor-widget elementor-widget-image\" data-id=\"21d7044\" data-element_type=\"widget\" data-widget_type=\"image.default\">\n<div class=\"elementor-widget-container\"><img decoding=\"async\" class=\"attachment-large size-large wp-image-2997\" src=\"https:\/\/ttilift.com\/wp-content\/uploads\/2020\/10\/unnamed.jpg\" sizes=\"(max-width: 512px) 100vw, 512px\" srcset=\"https:\/\/ttilift.com\/wp-content\/uploads\/2020\/10\/unnamed.jpg 512w, https:\/\/ttilift.com\/wp-content\/uploads\/2020\/10\/unnamed-300x300.jpg 300w, https:\/\/ttilift.com\/wp-content\/uploads\/2020\/10\/unnamed-150x150.jpg 150w\" alt=\"elevator_rails_clips\" width=\"512\" height=\"512\" \/><\/div>\n<\/div>\n<div>\u00a0hassas \u015fekilde tasarlanm\u0131\u015f k\u0131lavuz ray braketleri ile asans\u00f6r stabilitesini en \u00fcst d\u00fczeye \u00e7\u0131kar\u0131n ve g\u00fcr\u00fclt\u00fcy\u00fc en aza indirin. Sa\u011flam malzemelerden \u00fcretilen braketlerimiz her boyuttaki raylar\u0131 g\u00fcvenli bir \u015fekilde sabitleyerek optimum hizalamay\u0131 ve titre\u015fim s\u00f6n\u00fcmlemeyi garanti eder. Bu, yolcular\u0131n\u0131z i\u00e7in sorunsuz, sessiz yolculuklar, sizin i\u00e7in ise g\u00f6n\u00fcl rahatl\u0131\u011f\u0131 anlam\u0131na gelir.<br \/>\nbraketleri h\u0131zl\u0131 kurulum ve kolay bak\u0131m \u00f6zelli\u011fiyle zamandan ve kaynaklardan tasarruf etmenizi sa\u011flar.<br \/>\nAsans\u00f6r sisteminizi sekt\u00f6r\u00fcn en iyisiyle y\u00fckseltin; \u00fcst\u00fcn performans ve g\u00fcvenilirlik i\u00e7in TTI k\u0131lavuz ray braketlerini se\u00e7in.<\/div>\n<\/div>\n<\/div>\n<\/div>\n<\/section>\n<\/div>\n<\/div>\n","protected":false},"excerpt":{"rendered":"<p>Leave a Comment\u00a0\/\u00a0Other components,\u00a0Other Products\u00a0\/ By\u00a0Ashraf Wahid \u00a0hassas \u015fekilde tasarlanm\u0131\u015f k\u0131lavuz ray braketleri ile asans\u00f6r stabilitesini en \u00fcst d\u00fczeye \u00e7\u0131kar\u0131n ve g\u00fcr\u00fclt\u00fcy\u00fc en aza indirin. Sa\u011flam malzemelerden \u00fcretilen braketlerimiz her boyuttaki raylar\u0131 g\u00fcvenli bir \u015fekilde sabitleyerek optimum hizalamay\u0131 ve titre\u015fim s\u00f6n\u00fcmlemeyi garanti eder. Bu, yolcular\u0131n\u0131z i\u00e7in sorunsuz, sessiz yolculuklar, sizin i\u00e7in ise g\u00f6n\u00fcl rahatl\u0131\u011f\u0131 anlam\u0131na [&hellip;]<\/p>\n","protected":false},"featured_media":4352,"template":"","meta":{"rank_math_lock_modified_date":false},"product_cat":[137],"product_tag":[],"class_list":{"0":"post-5008","1":"product","2":"type-product","3":"status-publish","4":"has-post-thumbnail","6":"product_cat-other-products-tr","8":"first","9":"instock","10":"shipping-taxable","11":"product-type-simple"},"_links":{"self":[{"href":"https:\/\/ttilift.com\/tr\/wp-json\/wp\/v2\/product\/5008","targetHints":{"allow":["GET"]}}],"collection":[{"href":"https:\/\/ttilift.com\/tr\/wp-json\/wp\/v2\/product"}],"about":[{"href":"https:\/\/ttilift.com\/tr\/wp-json\/wp\/v2\/types\/product"}],"wp:featuredmedia":[{"embeddable":true,"href":"https:\/\/ttilift.com\/tr\/wp-json\/wp\/v2\/media\/4352"}],"wp:attachment":[{"href":"https:\/\/ttilift.com\/tr\/wp-json\/wp\/v2\/media?parent=5008"}],"wp:term":[{"taxonomy":"product_cat","embeddable":true,"href":"https:\/\/ttilift.com\/tr\/wp-json\/wp\/v2\/product_cat?post=5008"},{"taxonomy":"product_tag","embeddable":true,"href":"https:\/\/ttilift.com\/tr\/wp-json\/wp\/v2\/product_tag?post=5008"}],"curies":[{"name":"wp","href":"https:\/\/api.w.org\/{rel}","templated":true}]}}