{"id":5009,"date":"2023-12-14T12:41:05","date_gmt":"2023-12-14T12:41:05","guid":{"rendered":"https:\/\/ttilift.com\/product\/eker-strong-9\/"},"modified":"2024-01-15T10:56:34","modified_gmt":"2024-01-15T10:56:34","slug":"eker-strong-9","status":"publish","type":"product","link":"https:\/\/ttilift.com\/tr\/urun\/eker-strong-9\/","title":{"rendered":"eker strong 9"},"content":{"rendered":"<div class=\"gallery \"><a class=\"big\" href=\"https:\/\/ttilift.com\/wp-content\/uploads\/2019\/03\/strong_9-300x234.png\"> <img decoding=\"async\" title=\"eker strong 9\" src=\"https:\/\/ttilift.com\/wp-content\/uploads\/2019\/03\/strong_9-300x234.png\" alt=\"\" width=\"350\" height=\"auto\" \/><\/a>\r\n<div class=\"clear\">\r\n<p data-sourcepos=\"13:1-13:214\">Eker Strong 9 asans\u00f6r makinesi, performans ve g\u00fcvenilirli\u011fin g\u00fc\u00e7 merkezidir. Zorlu uygulamalar i\u00e7in tasarlanan bu \u00fcr\u00fcn, ola\u011fan\u00fcst\u00fc kald\u0131rma kapasitesi, sorunsuz \u00e7al\u0131\u015fma ve enerji a\u00e7\u0131s\u0131ndan verimli performans sunar.<\/p>\r\n<h2 data-sourcepos=\"13:1-13:214\"><br \/><br \/>\u00d6zellikler<\/h2>\r\n<p data-sourcepos=\"13:1-13:214\"><br \/>Kolay kurulum<br \/>G\u00fc\u00e7l\u00fc ve Hafif<br \/>Enerji tasarrufu<br \/>Y\u00fcksek performans<br \/>Kapasite 480-1000 kg<br \/>H\u0131z 2,0 ms \u2013 0,63 ms<br \/>MT.tip \/ VVVF-\u00c7ift H\u0131z<br \/>MT.kw \/ 7,5k W<br \/>Statik Y\u00fck 5000 kg<br \/>Petrol zaten doldu<\/p>\r\n<p data-sourcepos=\"13:1-13:214\">\u00a0<\/p>\r\n<p data-sourcepos=\"13:1-13:214\"><br \/>Eker Strong 9&#8217;a yat\u0131r\u0131m yap\u0131n ve asans\u00f6r performans\u0131ndaki fark\u0131 ya\u015fay\u0131n. Daha fazla bilgi i\u00e7in y\u00fcksek kaliteli asans\u00f6r makineleri ve par\u00e7alar\u0131n\u0131n g\u00fcvenilir sa\u011flay\u0131c\u0131s\u0131 olan TTI ile ileti\u015fime ge\u00e7in.<\/p>\r\n<\/div>\r\n<\/div>","protected":false},"excerpt":{"rendered":"<p>Eker Strong 9 asans\u00f6r makinesi, performans ve g\u00fcvenilirli\u011fin g\u00fc\u00e7 merkezidir. Zorlu uygulamalar i\u00e7in tasarlanan bu \u00fcr\u00fcn, ola\u011fan\u00fcst\u00fc kald\u0131rma kapasitesi, sorunsuz \u00e7al\u0131\u015fma ve enerji a\u00e7\u0131s\u0131ndan verimli performans sunar. \u00d6zellikler Kolay kurulumG\u00fc\u00e7l\u00fc ve HafifEnerji tasarrufuY\u00fcksek performansKapasite 480-1000 kgH\u0131z 2,0 ms \u2013 0,63 msMT.tip \/ VVVF-\u00c7ift H\u0131zMT.kw \/ 7,5k WStatik Y\u00fck 5000 kgPetrol zaten doldu \u00a0 Eker Strong [&hellip;]<\/p>\n","protected":false},"featured_media":4168,"template":"","meta":{"rank_math_lock_modified_date":false},"product_cat":[131],"product_tag":[],"class_list":{"0":"post-5009","1":"product","2":"type-product","3":"status-publish","4":"has-post-thumbnail","6":"product_cat-eker-tr","8":"first","9":"instock","10":"shipping-taxable","11":"product-type-simple"},"_links":{"self":[{"href":"https:\/\/ttilift.com\/tr\/wp-json\/wp\/v2\/product\/5009","targetHints":{"allow":["GET"]}}],"collection":[{"href":"https:\/\/ttilift.com\/tr\/wp-json\/wp\/v2\/product"}],"about":[{"href":"https:\/\/ttilift.com\/tr\/wp-json\/wp\/v2\/types\/product"}],"wp:featuredmedia":[{"embeddable":true,"href":"https:\/\/ttilift.com\/tr\/wp-json\/wp\/v2\/media\/4168"}],"wp:attachment":[{"href":"https:\/\/ttilift.com\/tr\/wp-json\/wp\/v2\/media?parent=5009"}],"wp:term":[{"taxonomy":"product_cat","embeddable":true,"href":"https:\/\/ttilift.com\/tr\/wp-json\/wp\/v2\/product_cat?post=5009"},{"taxonomy":"product_tag","embeddable":true,"href":"https:\/\/ttilift.com\/tr\/wp-json\/wp\/v2\/product_tag?post=5009"}],"curies":[{"name":"wp","href":"https:\/\/api.w.org\/{rel}","templated":true}]}}