{"id":5010,"date":"2023-12-14T12:41:05","date_gmt":"2023-12-14T12:41:05","guid":{"rendered":"https:\/\/ttilift.com\/product\/eker-smart-5-5\/"},"modified":"2024-01-15T10:57:47","modified_gmt":"2024-01-15T10:57:47","slug":"eker-smart-5-5","status":"publish","type":"product","link":"https:\/\/ttilift.com\/tr\/urun\/eker-smart-5-5\/","title":{"rendered":"eker Smart 5.5"},"content":{"rendered":"<div class=\"gallery \"><a class=\"big\" href=\"https:\/\/ttilift.com\/wp-content\/uploads\/2019\/03\/smart_5_5-300x228.png\"> <img decoding=\"async\" title=\"eker Smart 5.5\" src=\"https:\/\/ttilift.com\/wp-content\/uploads\/2019\/03\/smart_5_5-300x228.png\" alt=\"\" width=\"350\" height=\"auto\" \/><\/a>\r\n<div class=\"clear\">eker Smart 5.5 Asans\u00f6r Makinas\u0131 ile Binan\u0131z\u0131n Performans\u0131n\u0131 Art\u0131r\u0131n. TTI Lift&#8217;in bu yenilik\u00e7i makinesi, yolcular\u0131n\u0131za sorunsuz, sessiz ve enerji a\u00e7\u0131s\u0131ndan verimli bir yolculuk sunmak i\u00e7in en son teknolojiyi ola\u011fan\u00fcst\u00fc yap\u0131 kalitesiyle birle\u015ftiriyor.<\/div>\r\n<h2 class=\"clear\"><br \/>\u00d6zellikler:<\/h2>\r\n<div class=\"clear\"><br \/>Kolay kurulum<br \/>G\u00fc\u00e7l\u00fc ve Hafif<br \/>Enerji tasarrufu<br \/>Y\u00fcksek performans<br \/>Kapasite 480-1000kg<br \/>H\u0131z 2,0 ms \u2013 0,63 ms<br \/>MT.tip \/ VVVF-\u00c7ift H\u0131z<br \/>MT.kw \/ 5.5kW<br \/>Statik Y\u00fck 3500kg<\/div>\r\n<div>\u00a0<\/div>\r\n<div class=\"clear\"><br \/>Asans\u00f6r makine ve par\u00e7alar\u0131n\u0131n lider tedarik\u00e7isi TTI Lift, eker Smart 5.5&#8217;i sunmaktan gurur duyuyor. Bu makinenin binan\u0131z\u0131n performans\u0131n\u0131 nas\u0131l art\u0131rabilece\u011fi hakk\u0131nda daha fazla bilgi edinmek i\u00e7in bug\u00fcn bizimle ileti\u015fime ge\u00e7in.<\/div>\r\n<\/div>","protected":false},"excerpt":{"rendered":"<p>eker Smart 5.5 Asans\u00f6r Makinas\u0131 ile Binan\u0131z\u0131n Performans\u0131n\u0131 Art\u0131r\u0131n. TTI Lift&#8217;in bu yenilik\u00e7i makinesi, yolcular\u0131n\u0131za sorunsuz, sessiz ve enerji a\u00e7\u0131s\u0131ndan verimli bir yolculuk sunmak i\u00e7in en son teknolojiyi ola\u011fan\u00fcst\u00fc yap\u0131 kalitesiyle birle\u015ftiriyor. \u00d6zellikler: Kolay kurulumG\u00fc\u00e7l\u00fc ve HafifEnerji tasarrufuY\u00fcksek performansKapasite 480-1000kgH\u0131z 2,0 ms \u2013 0,63 msMT.tip \/ VVVF-\u00c7ift H\u0131zMT.kw \/ 5.5kWStatik Y\u00fck 3500kg \u00a0 Asans\u00f6r makine [&hellip;]<\/p>\n","protected":false},"featured_media":4170,"template":"","meta":{"rank_math_lock_modified_date":false},"product_cat":[131],"product_tag":[],"class_list":{"0":"post-5010","1":"product","2":"type-product","3":"status-publish","4":"has-post-thumbnail","6":"product_cat-eker-tr","8":"first","9":"instock","10":"shipping-taxable","11":"product-type-simple"},"_links":{"self":[{"href":"https:\/\/ttilift.com\/tr\/wp-json\/wp\/v2\/product\/5010","targetHints":{"allow":["GET"]}}],"collection":[{"href":"https:\/\/ttilift.com\/tr\/wp-json\/wp\/v2\/product"}],"about":[{"href":"https:\/\/ttilift.com\/tr\/wp-json\/wp\/v2\/types\/product"}],"wp:featuredmedia":[{"embeddable":true,"href":"https:\/\/ttilift.com\/tr\/wp-json\/wp\/v2\/media\/4170"}],"wp:attachment":[{"href":"https:\/\/ttilift.com\/tr\/wp-json\/wp\/v2\/media?parent=5010"}],"wp:term":[{"taxonomy":"product_cat","embeddable":true,"href":"https:\/\/ttilift.com\/tr\/wp-json\/wp\/v2\/product_cat?post=5010"},{"taxonomy":"product_tag","embeddable":true,"href":"https:\/\/ttilift.com\/tr\/wp-json\/wp\/v2\/product_tag?post=5010"}],"curies":[{"name":"wp","href":"https:\/\/api.w.org\/{rel}","templated":true}]}}