{"id":5011,"date":"2023-12-14T12:40:44","date_gmt":"2023-12-14T12:40:44","guid":{"rendered":"https:\/\/ttilift.com\/product\/fia-s30\/"},"modified":"2024-01-17T10:19:06","modified_gmt":"2024-01-17T10:19:06","slug":"fia-s30","status":"publish","type":"product","link":"https:\/\/ttilift.com\/tr\/urun\/fia-s30\/","title":{"rendered":"Fia S30"},"content":{"rendered":"<p><\/p>\r\n<div class=\"gallery\"><a href=\"https:\/\/ttilift.com\/wp-content\/uploads\/2019\/03\/fia130.jpg\"><img decoding=\"async\" title=\"Fia S30\" src=\"https:\/\/ttilift.com\/wp-content\/uploads\/2019\/03\/fia130.jpg\" alt=\"\" width=\"350\" height=\"auto\" \/><\/a><\/div>\r\n<div class=\"clear\">Fia S30&#8217;u yaln\u0131zca bir asans\u00f6r makinesi de\u011fil; bu bir hareket devrimidir. Bu \u00e7\u0131\u011f\u0131r a\u00e7an teknoloji, hem geleneksel makine odalar\u0131na hem de modern MRL kurulumlar\u0131na sorunsuz bir \u015fekilde entegre olarak benzersiz esneklik ve verimlilik sunar.<\/div>\r\n<div class=\"clear\"><br \/>En son teknolojiyle desteklenen Fia S30, f\u0131s\u0131lt\u0131 kadar sessiz \u00e7al\u0131\u015fma, ola\u011fan\u00fcst\u00fc enerji tasarrufu ve de\u011ferli yerden tasarruf sa\u011flayan modern bir tasar\u0131ma sahiptir. \u0130ster y\u00fcksek bir g\u00f6kdelen ister rahat bir konut kompleksi in\u015fa ediyor olun, Fia S30 ola\u011fan\u00fcst\u00fc performans\u0131 ve inkar edilemez de\u011feriyle vizyonunuzu y\u00fckseltir.<\/div>\r\n<p><\/p>","protected":false},"excerpt":{"rendered":"","protected":false},"featured_media":4128,"template":"","meta":{"rank_math_lock_modified_date":false},"product_cat":[130],"product_tag":[],"class_list":{"0":"post-5011","1":"product","2":"type-product","3":"status-publish","4":"has-post-thumbnail","6":"product_cat-fia-tr","8":"first","9":"instock","10":"shipping-taxable","11":"product-type-simple"},"_links":{"self":[{"href":"https:\/\/ttilift.com\/tr\/wp-json\/wp\/v2\/product\/5011","targetHints":{"allow":["GET"]}}],"collection":[{"href":"https:\/\/ttilift.com\/tr\/wp-json\/wp\/v2\/product"}],"about":[{"href":"https:\/\/ttilift.com\/tr\/wp-json\/wp\/v2\/types\/product"}],"wp:featuredmedia":[{"embeddable":true,"href":"https:\/\/ttilift.com\/tr\/wp-json\/wp\/v2\/media\/4128"}],"wp:attachment":[{"href":"https:\/\/ttilift.com\/tr\/wp-json\/wp\/v2\/media?parent=5011"}],"wp:term":[{"taxonomy":"product_cat","embeddable":true,"href":"https:\/\/ttilift.com\/tr\/wp-json\/wp\/v2\/product_cat?post=5011"},{"taxonomy":"product_tag","embeddable":true,"href":"https:\/\/ttilift.com\/tr\/wp-json\/wp\/v2\/product_tag?post=5011"}],"curies":[{"name":"wp","href":"https:\/\/api.w.org\/{rel}","templated":true}]}}