{"id":5012,"date":"2023-12-14T12:40:44","date_gmt":"2023-12-14T12:40:44","guid":{"rendered":"https:\/\/ttilift.com\/product\/fia-rh60\/"},"modified":"2024-01-17T10:19:16","modified_gmt":"2024-01-17T10:19:16","slug":"fia-rh60","status":"publish","type":"product","link":"https:\/\/ttilift.com\/tr\/urun\/fia-rh60\/","title":{"rendered":"Fia RH60"},"content":{"rendered":"<div class=\"gallery\"><a href=\"https:\/\/ttilift.com\/wp-content\/uploads\/2019\/03\/fia-rh60.jpg\"> <img decoding=\"async\" title=\"Fia RH60\" src=\"https:\/\/ttilift.com\/wp-content\/uploads\/2019\/03\/fia-rh60.jpg\" alt=\"\" width=\"350\" height=\"auto\" \/><\/a>\r\n<div class=\"clear\">\u00a0<\/div>\r\n<\/div><p>&nbsp;<\/p><p>Fia RH60, hem makine daireli hem de makine dairesiz kurulumlar i\u00e7in tasarlanm\u0131\u015f \u00e7ok y\u00f6nl\u00fc bir asans\u00f6r makinesidir. Kompakt tasar\u0131m\u0131, alan\u0131 k\u0131s\u0131tl\u0131 uygulamalar i\u00e7in ideal k\u0131larken, g\u00fc\u00e7l\u00fc motoru her boyuttaki bina i\u00e7in sorunsuz, g\u00fcvenilir performans sa\u011flar. Fia RH60 ayn\u0131 zamanda yenilik\u00e7i tahrik sistemi ve rejeneratif frenleme teknolojisi sayesinde enerji a\u00e7\u0131s\u0131ndan da olduk\u00e7a verimlidir.<\/p>\r\n<h2><br \/><br \/>\u00d6zellikler<\/h2>\r\n<p><br \/><br \/>Maksimum Statik Y\u00fck: 3000 kg, 4000 kg<br \/>Ya\u011f Kapasitesi : 3,5 lt<br \/>Motor S\u0131n\u0131f\u0131 : F<\/p>","protected":false},"excerpt":{"rendered":"<p>&nbsp; Fia RH60, hem makine daireli hem de makine dairesiz kurulumlar i\u00e7in tasarlanm\u0131\u015f \u00e7ok y\u00f6nl\u00fc bir asans\u00f6r makinesidir. Kompakt tasar\u0131m\u0131, alan\u0131 k\u0131s\u0131tl\u0131 uygulamalar i\u00e7in ideal k\u0131larken, g\u00fc\u00e7l\u00fc motoru her boyuttaki bina i\u00e7in sorunsuz, g\u00fcvenilir performans sa\u011flar. Fia RH60 ayn\u0131 zamanda yenilik\u00e7i tahrik sistemi ve rejeneratif frenleme teknolojisi sayesinde enerji a\u00e7\u0131s\u0131ndan da olduk\u00e7a verimlidir. \u00d6zellikler Maksimum [&hellip;]<\/p>\n","protected":false},"featured_media":4130,"template":"","meta":{"rank_math_lock_modified_date":false},"product_cat":[130],"product_tag":[],"class_list":{"0":"post-5012","1":"product","2":"type-product","3":"status-publish","4":"has-post-thumbnail","6":"product_cat-fia-tr","8":"first","9":"instock","10":"shipping-taxable","11":"product-type-simple"},"_links":{"self":[{"href":"https:\/\/ttilift.com\/tr\/wp-json\/wp\/v2\/product\/5012","targetHints":{"allow":["GET"]}}],"collection":[{"href":"https:\/\/ttilift.com\/tr\/wp-json\/wp\/v2\/product"}],"about":[{"href":"https:\/\/ttilift.com\/tr\/wp-json\/wp\/v2\/types\/product"}],"wp:featuredmedia":[{"embeddable":true,"href":"https:\/\/ttilift.com\/tr\/wp-json\/wp\/v2\/media\/4130"}],"wp:attachment":[{"href":"https:\/\/ttilift.com\/tr\/wp-json\/wp\/v2\/media?parent=5012"}],"wp:term":[{"taxonomy":"product_cat","embeddable":true,"href":"https:\/\/ttilift.com\/tr\/wp-json\/wp\/v2\/product_cat?post=5012"},{"taxonomy":"product_tag","embeddable":true,"href":"https:\/\/ttilift.com\/tr\/wp-json\/wp\/v2\/product_tag?post=5012"}],"curies":[{"name":"wp","href":"https:\/\/api.w.org\/{rel}","templated":true}]}}