{"id":5013,"date":"2023-12-14T12:40:44","date_gmt":"2023-12-14T12:40:44","guid":{"rendered":"https:\/\/ttilift.com\/product\/tw160\/"},"modified":"2024-01-17T10:53:59","modified_gmt":"2024-01-17T10:53:59","slug":"tw160","status":"publish","type":"product","link":"https:\/\/ttilift.com\/tr\/urun\/tw160\/","title":{"rendered":"TW160"},"content":{"rendered":"<div class=\"gallery\"><a href=\"https:\/\/ttilift.com\/wp-content\/uploads\/2019\/03\/liftequip-TW160.jpg\"> <img decoding=\"async\" title=\"TW160\" src=\"https:\/\/ttilift.com\/wp-content\/uploads\/2019\/03\/liftequip-TW160.jpg\" alt=\"\" width=\"350\" height=\"auto\" \/><\/a>\r\n<div class=\"clear\">\u00a0<\/div>\r\n<\/div><p>Lift Equip TW160 serisi, hem makine daireli hem de makine dairesiz kurulumlara uygun bir dizi asans\u00f6r makinesi sunar. Sa\u011flam yap\u0131ya ve ileri teknolojiye sahip bu g\u00fc\u00e7l\u00fc \u00fcniteler, trafi\u011fin yo\u011fun oldu\u011fu binalarda bile sorunsuz, verimli \u00e7al\u0131\u015fma sa\u011flar.<br \/><br \/><\/p>\r\n<h2><br \/><br \/>\u00d6zellikler<\/h2>\r\n<p><br \/><br \/>VVF motoru (11&#8217;den 42 kW&#8217;a kadar) do\u011fru \u015fekilde kontrol edilir<br \/>Acil durum fren sistemi NBS, iste\u011fe ba\u011fl\u0131<br \/>Fren izleme anahtar\u0131, manuel fren serbest b\u0131rakma<br \/>Uzat\u0131lm\u0131\u015f \u00e7eki\u015f kasna\u011f\u0131 \u015faft\u0131 ve kaide yata\u011f\u0131na sahip \u015fafttaki \u00e7eki\u015f kasna\u011f\u0131 (SA 9)<br \/>Part-Ex ge\u00e7irmez: buhar ge\u00e7irmez \u015faft kanall\u0131 duvar yata\u011f\u0131, uzat\u0131lm\u0131\u015f tahrik mili ve uygun makine taban \u00e7er\u00e7evesi (SA4)<br \/>ATEX&#8217;e uygun di\u015fli<br \/>Fren m\u0131knat\u0131slar\u0131, Ex-proof (SA 15)<br \/>D\u00fc\u015f\u00fck a\u015f\u0131nmal\u0131 \u00e7eki\u015f kasna\u011f\u0131, \u00d8 640, 720 veya 800 mm olarak mevcuttur<br \/>Di\u015fli, motor, \u00e7eki\u015f kasna\u011f\u0131: yakl. 925 kilo<br \/>\u00d6zel tasar\u0131mlar m\u00fcmk\u00fcnd\u00fcr<br \/>Lift Equip TW160 serisiyle asans\u00f6rlerinizin potansiyelini ortaya \u00e7\u0131kar\u0131n. Dan\u0131\u015fmanl\u0131k i\u00e7in bug\u00fcn bizimle ileti\u015fime ge\u00e7in!<\/p>","protected":false},"excerpt":{"rendered":"<p>Lift Equip TW160 serisi, hem makine daireli hem de makine dairesiz kurulumlara uygun bir dizi asans\u00f6r makinesi sunar. Sa\u011flam yap\u0131ya ve ileri teknolojiye sahip bu g\u00fc\u00e7l\u00fc \u00fcniteler, trafi\u011fin yo\u011fun oldu\u011fu binalarda bile sorunsuz, verimli \u00e7al\u0131\u015fma sa\u011flar. \u00d6zellikler VVF motoru (11&#8217;den 42 kW&#8217;a kadar) do\u011fru \u015fekilde kontrol edilirAcil durum fren sistemi NBS, iste\u011fe ba\u011fl\u0131Fren izleme anahtar\u0131, [&hellip;]<\/p>\n","protected":false},"featured_media":4132,"template":"","meta":{"rank_math_lock_modified_date":false},"product_cat":[129],"product_tag":[],"class_list":{"0":"post-5013","1":"product","2":"type-product","3":"status-publish","4":"has-post-thumbnail","6":"product_cat-lift-equip-tr","8":"first","9":"instock","10":"shipping-taxable","11":"product-type-simple"},"_links":{"self":[{"href":"https:\/\/ttilift.com\/tr\/wp-json\/wp\/v2\/product\/5013","targetHints":{"allow":["GET"]}}],"collection":[{"href":"https:\/\/ttilift.com\/tr\/wp-json\/wp\/v2\/product"}],"about":[{"href":"https:\/\/ttilift.com\/tr\/wp-json\/wp\/v2\/types\/product"}],"wp:featuredmedia":[{"embeddable":true,"href":"https:\/\/ttilift.com\/tr\/wp-json\/wp\/v2\/media\/4132"}],"wp:attachment":[{"href":"https:\/\/ttilift.com\/tr\/wp-json\/wp\/v2\/media?parent=5013"}],"wp:term":[{"taxonomy":"product_cat","embeddable":true,"href":"https:\/\/ttilift.com\/tr\/wp-json\/wp\/v2\/product_cat?post=5013"},{"taxonomy":"product_tag","embeddable":true,"href":"https:\/\/ttilift.com\/tr\/wp-json\/wp\/v2\/product_tag?post=5013"}],"curies":[{"name":"wp","href":"https:\/\/api.w.org\/{rel}","templated":true}]}}