{"id":5014,"date":"2023-12-14T12:40:44","date_gmt":"2023-12-14T12:40:44","guid":{"rendered":"https:\/\/ttilift.com\/product\/schindler-w140ne\/"},"modified":"2024-01-17T10:58:54","modified_gmt":"2024-01-17T10:58:54","slug":"schindler-w140ne","status":"publish","type":"product","link":"https:\/\/ttilift.com\/tr\/urun\/schindler-w140ne\/","title":{"rendered":"Schindler W140NE"},"content":{"rendered":"<div class=\"gallery\"><a href=\"https:\/\/ttilift.com\/wp-content\/uploads\/2019\/03\/w163_wa300.jpg\"> <img decoding=\"async\" title=\"W140NE\" src=\"https:\/\/ttilift.com\/wp-content\/uploads\/2019\/03\/w163_wa300.jpg\" alt=\"\" width=\"350\" height=\"auto\" \/><\/a>\r\n<div class=\"clear\">Asans\u00f6r teknolojisinde d\u00fcnya lideri TTI&#8217;nin Schindler W140NE asans\u00f6r makinesiyle yeni zirvelere ula\u015f\u0131n. Bu g\u00fc\u00e7l\u00fc makine, hem makine daireli (MR) hem de makine dairesiz (MRL) uygulamalar i\u00e7in ola\u011fan\u00fcst\u00fc performans sunar.<\/div>\r\n<h2 class=\"clear\"><br \/>\u00d6zellikler:<\/h2>\r\n<div class=\"clear\"><br \/><br \/>W140NE di\u015fli makine, sonsuz di\u015flilere y\u00f6nelik en son standartlara uygun olarak tasarlanm\u0131\u015f kompakt bir tahrik sistemidir.<br \/>Makinelere a\u00e7\u0131k veya kapal\u0131 \u00e7evrim VVVF kontroll\u00fc veya 2 h\u0131zl\u0131 AC motorlarla g\u00fc\u00e7 verilebilir.<br \/>W140NE di\u015fli makine ilgili t\u00fcm d\u00fczenleme ve standartlar\u0131 kar\u015f\u0131lamaktad\u0131r.<br \/>Asans\u00f6r sisteminizSchindler W140NE makineleriyle y\u00fckseltin. \u00dccretsiz dan\u0131\u015fmanl\u0131k ve fiyat teklifi i\u00e7in bug\u00fcn bizimle ileti\u015fime ge\u00e7in!<\/div>\r\n<\/div>","protected":false},"excerpt":{"rendered":"<p>Asans\u00f6r teknolojisinde d\u00fcnya lideri TTI&#8217;nin Schindler W140NE asans\u00f6r makinesiyle yeni zirvelere ula\u015f\u0131n. Bu g\u00fc\u00e7l\u00fc makine, hem makine daireli (MR) hem de makine dairesiz (MRL) uygulamalar i\u00e7in ola\u011fan\u00fcst\u00fc performans sunar. \u00d6zellikler: W140NE di\u015fli makine, sonsuz di\u015flilere y\u00f6nelik en son standartlara uygun olarak tasarlanm\u0131\u015f kompakt bir tahrik sistemidir.Makinelere a\u00e7\u0131k veya kapal\u0131 \u00e7evrim VVVF kontroll\u00fc veya 2 h\u0131zl\u0131 [&hellip;]<\/p>\n","protected":false},"featured_media":4134,"template":"","meta":{"rank_math_lock_modified_date":false},"product_cat":[128],"product_tag":[],"class_list":{"0":"post-5014","1":"product","2":"type-product","3":"status-publish","4":"has-post-thumbnail","6":"product_cat-schnidler-tr","8":"first","9":"instock","10":"shipping-taxable","11":"product-type-simple"},"_links":{"self":[{"href":"https:\/\/ttilift.com\/tr\/wp-json\/wp\/v2\/product\/5014","targetHints":{"allow":["GET"]}}],"collection":[{"href":"https:\/\/ttilift.com\/tr\/wp-json\/wp\/v2\/product"}],"about":[{"href":"https:\/\/ttilift.com\/tr\/wp-json\/wp\/v2\/types\/product"}],"wp:featuredmedia":[{"embeddable":true,"href":"https:\/\/ttilift.com\/tr\/wp-json\/wp\/v2\/media\/4134"}],"wp:attachment":[{"href":"https:\/\/ttilift.com\/tr\/wp-json\/wp\/v2\/media?parent=5014"}],"wp:term":[{"taxonomy":"product_cat","embeddable":true,"href":"https:\/\/ttilift.com\/tr\/wp-json\/wp\/v2\/product_cat?post=5014"},{"taxonomy":"product_tag","embeddable":true,"href":"https:\/\/ttilift.com\/tr\/wp-json\/wp\/v2\/product_tag?post=5014"}],"curies":[{"name":"wp","href":"https:\/\/api.w.org\/{rel}","templated":true}]}}