{"id":5015,"date":"2023-12-14T12:40:44","date_gmt":"2023-12-14T12:40:44","guid":{"rendered":"https:\/\/ttilift.com\/product\/w140n\/"},"modified":"2024-01-17T10:59:23","modified_gmt":"2024-01-17T10:59:23","slug":"w140n","status":"publish","type":"product","link":"https:\/\/ttilift.com\/tr\/urun\/w140n\/","title":{"rendered":"W140N"},"content":{"rendered":"<div class=\"gallery\"><a href=\"https:\/\/ttilift.com\/wp-content\/uploads\/2019\/03\/w140n_wa410.jpg\"> <img decoding=\"async\" title=\"W140N\" src=\"https:\/\/ttilift.com\/wp-content\/uploads\/2019\/03\/w140n_wa410.jpg\" alt=\"\" width=\"350\" height=\"auto\" \/><\/a>\r\n<div class=\"clear\">Schnidler W140N, hem geleneksel makine daireli hem de modern makine dairesiz (MRL) uygulamalar i\u00e7in tasarlanm\u0131\u015f, asans\u00f6r teknolojisinin g\u00fc\u00e7l\u00fc bir merkezidir.<\/div>\r\n<h2 class=\"clear\"><br \/><br \/>\u00d6zellikler<\/h2>\r\n<div class=\"clear\"><br \/>W140N di\u015fli makine, sonsuz di\u015flilere y\u00f6nelik en son standartlara uygun olarak tasarlanm\u0131\u015f kompakt bir tahriktir.<br \/>Makinelere a\u00e7\u0131k veya kapal\u0131 \u00e7evrim VVVF kontroll\u00fc veya 2 h\u0131zl\u0131 AC motorlarla g\u00fc\u00e7 verilebilir.<br \/>W140N di\u015fli makine ilgili t\u00fcm d\u00fczenleme ve standartlar\u0131 kar\u015f\u0131lamaktad\u0131r.<\/div>\r\n<div class=\"clear\"><br \/>Schnidler W140N ile kalite fark\u0131n\u0131 ya\u015fay\u0131n. Bug\u00fcn bizimle ileti\u015fime ge\u00e7in ve asans\u00f6r uzmanlar\u0131m\u0131z\u0131n projeniz i\u00e7in m\u00fckemmel makineyi bulman\u0131za yard\u0131mc\u0131 olmas\u0131na izin verin.<\/div>\r\n<\/div>","protected":false},"excerpt":{"rendered":"","protected":false},"featured_media":4136,"template":"","meta":{"rank_math_lock_modified_date":false},"product_cat":[128],"product_tag":[],"class_list":{"0":"post-5015","1":"product","2":"type-product","3":"status-publish","4":"has-post-thumbnail","6":"product_cat-schnidler-tr","8":"first","9":"instock","10":"shipping-taxable","11":"product-type-simple"},"_links":{"self":[{"href":"https:\/\/ttilift.com\/tr\/wp-json\/wp\/v2\/product\/5015","targetHints":{"allow":["GET"]}}],"collection":[{"href":"https:\/\/ttilift.com\/tr\/wp-json\/wp\/v2\/product"}],"about":[{"href":"https:\/\/ttilift.com\/tr\/wp-json\/wp\/v2\/types\/product"}],"wp:featuredmedia":[{"embeddable":true,"href":"https:\/\/ttilift.com\/tr\/wp-json\/wp\/v2\/media\/4136"}],"wp:attachment":[{"href":"https:\/\/ttilift.com\/tr\/wp-json\/wp\/v2\/media?parent=5015"}],"wp:term":[{"taxonomy":"product_cat","embeddable":true,"href":"https:\/\/ttilift.com\/tr\/wp-json\/wp\/v2\/product_cat?post=5015"},{"taxonomy":"product_tag","embeddable":true,"href":"https:\/\/ttilift.com\/tr\/wp-json\/wp\/v2\/product_tag?post=5015"}],"curies":[{"name":"wp","href":"https:\/\/api.w.org\/{rel}","templated":true}]}}