{"id":5016,"date":"2023-12-14T12:40:44","date_gmt":"2023-12-14T12:40:44","guid":{"rendered":"https:\/\/ttilift.com\/product\/w163\/"},"modified":"2024-01-17T11:00:07","modified_gmt":"2024-01-17T11:00:07","slug":"w163","status":"publish","type":"product","link":"https:\/\/ttilift.com\/tr\/urun\/w163\/","title":{"rendered":"W163"},"content":{"rendered":"<div class=\"gallery\"><a href=\"https:\/\/ttilift.com\/wp-content\/uploads\/2019\/03\/w163_wa300-1.jpg\"> <img decoding=\"async\" title=\"W163\" src=\"https:\/\/ttilift.com\/wp-content\/uploads\/2019\/03\/w163_wa300-1.jpg\" alt=\"\" width=\"350\" height=\"auto\" \/><\/a>\r\n<div class=\"clear\">Schindler W163 makineleriyle sorunsuz, verimli asans\u00f6r performans\u0131n\u0131 a\u00e7\u0131\u011fa \u00e7\u0131kar\u0131n.<br \/>Bu \u00e7ok y\u00f6nl\u00fc seri, hem geleneksel asans\u00f6r makine dairelerine hem de yerden tasarruf sa\u011flayan makine dairesiz (MRL) kurulumlara hitap etmektedir. \u0130ster y\u00fcksek bir g\u00f6kdelen ister rahat bir konut kompleksi in\u015fa ediyor olun, W163 serisi ihtiya\u00e7lar\u0131n\u0131za uygun m\u00fckemmel asans\u00f6r \u00e7ekirdek makinesine sahiptir.<\/div>\r\n<h2 class=\"clear\"><br \/>\u00d6zellikler<\/h2>\r\n<div class=\"clear\"><br \/>W163 di\u015fli makine, orta g\u00fc\u00e7 aral\u0131\u011f\u0131nda y\u00fcksek performans i\u00e7in tasarlanm\u0131\u015f kompakt bir s\u00fcr\u00fcc\u00fcd\u00fcr.<br \/>Makinelere a\u00e7\u0131k veya kapal\u0131 \u00e7evrim VVVF kontroll\u00fc veya 2 h\u0131zl\u0131 AC motorlarla g\u00fc\u00e7 verilebilir.<br \/>W163 di\u015fli makine ilgili t\u00fcm y\u00f6netmelik ve standartlar\u0131 kar\u015f\u0131lamaktad\u0131r.<\/div>\r\n<div>\u00a0<\/div>\r\n<div class=\"clear\"><br \/>Asans\u00f6r oyununuzu bir sonraki seviyeye ta\u015f\u0131maya haz\u0131r m\u0131s\u0131n\u0131z? Bug\u00fcn TTI ile ileti\u015fime ge\u00e7in ve Schindler W163&#8217;\u00fcn binan\u0131z\u0131n potansiyelini nas\u0131l art\u0131rabilece\u011fini ke\u015ffedin.<\/div>\r\n<\/div>","protected":false},"excerpt":{"rendered":"","protected":false},"featured_media":4138,"template":"","meta":{"rank_math_lock_modified_date":false},"product_cat":[128],"product_tag":[],"class_list":{"0":"post-5016","1":"product","2":"type-product","3":"status-publish","4":"has-post-thumbnail","6":"product_cat-schnidler-tr","8":"first","9":"instock","10":"shipping-taxable","11":"product-type-simple"},"_links":{"self":[{"href":"https:\/\/ttilift.com\/tr\/wp-json\/wp\/v2\/product\/5016","targetHints":{"allow":["GET"]}}],"collection":[{"href":"https:\/\/ttilift.com\/tr\/wp-json\/wp\/v2\/product"}],"about":[{"href":"https:\/\/ttilift.com\/tr\/wp-json\/wp\/v2\/types\/product"}],"wp:featuredmedia":[{"embeddable":true,"href":"https:\/\/ttilift.com\/tr\/wp-json\/wp\/v2\/media\/4138"}],"wp:attachment":[{"href":"https:\/\/ttilift.com\/tr\/wp-json\/wp\/v2\/media?parent=5016"}],"wp:term":[{"taxonomy":"product_cat","embeddable":true,"href":"https:\/\/ttilift.com\/tr\/wp-json\/wp\/v2\/product_cat?post=5016"},{"taxonomy":"product_tag","embeddable":true,"href":"https:\/\/ttilift.com\/tr\/wp-json\/wp\/v2\/product_tag?post=5016"}],"curies":[{"name":"wp","href":"https:\/\/api.w.org\/{rel}","templated":true}]}}