{"id":5017,"date":"2023-12-14T12:40:44","date_gmt":"2023-12-14T12:40:44","guid":{"rendered":"https:\/\/ttilift.com\/product\/w250\/"},"modified":"2024-01-17T11:00:56","modified_gmt":"2024-01-17T11:00:56","slug":"w250","status":"publish","type":"product","link":"https:\/\/ttilift.com\/tr\/urun\/w250\/","title":{"rendered":"W250"},"content":{"rendered":"<div class=\"gallery\"><a href=\"https:\/\/ttilift.com\/wp-content\/uploads\/2019\/03\/1422542271_w250_wa410.jpg\"> <img decoding=\"async\" title=\"W250\" src=\"https:\/\/ttilift.com\/wp-content\/uploads\/2019\/03\/1422542271_w250_wa410.jpg\" alt=\"\" width=\"350\" height=\"auto\" \/><\/a>\r\n<div class=\"clear\">\u00a0<\/div>\r\n<\/div><p>Schindler-W250 makinesiyle asans\u00f6r olanaklar\u0131n\u0131 yeniden hayal edin. Bu sekt\u00f6r lideri teknoloji, hem makine daireli hem de makine dairesiz (MRL) konfig\u00fcrasyonlarda ola\u011fan\u00fcst\u00fc performans sunar.<\/p>\r\n<h2><br \/>\u00d6zellikler<\/h2>\r\n<p><br \/>W250 di\u015fli makine, 2,5 m\/s&#8217;ye kadar h\u0131zlarda ve saatte 240&#8217;a kadar ba\u015flatmada, en \u00fcst d\u00fczey di\u015fli asans\u00f6r serisinde y\u00fcksek performans i\u00e7in tasarlanm\u0131\u015f kompakt bir tahrik sistemidir.<br \/>Makinelere a\u00e7\u0131k veya kapal\u0131 \u00e7evrim VVVF kontroll\u00fc veya 2 h\u0131zl\u0131 AC motorlarla g\u00fc\u00e7 verilebilir.<br \/>W250 di\u015fli makine ilgili t\u00fcm y\u00f6netmelik ve standartlar\u0131 kar\u015f\u0131lamaktad\u0131r.<\/p>\r\n<p><br \/>Schindler-W250 ile binan\u0131z\u0131n potansiyelini y\u00fckseltin. \u00d6zel bir fiyat teklifi almak ve asans\u00f6r teknolojisinin gelece\u011finin kilidini a\u00e7mak i\u00e7in bug\u00fcn TTI ile ileti\u015fime ge\u00e7in.<\/p>","protected":false},"excerpt":{"rendered":"<p>Schindler-W250 makinesiyle asans\u00f6r olanaklar\u0131n\u0131 yeniden hayal edin. Bu sekt\u00f6r lideri teknoloji, hem makine daireli hem de makine dairesiz (MRL) konfig\u00fcrasyonlarda ola\u011fan\u00fcst\u00fc performans sunar. \u00d6zellikler W250 di\u015fli makine, 2,5 m\/s&#8217;ye kadar h\u0131zlarda ve saatte 240&#8217;a kadar ba\u015flatmada, en \u00fcst d\u00fczey di\u015fli asans\u00f6r serisinde y\u00fcksek performans i\u00e7in tasarlanm\u0131\u015f kompakt bir tahrik sistemidir.Makinelere a\u00e7\u0131k veya kapal\u0131 \u00e7evrim VVVF [&hellip;]<\/p>\n","protected":false},"featured_media":4140,"template":"","meta":{"rank_math_lock_modified_date":false},"product_cat":[128],"product_tag":[],"class_list":{"0":"post-5017","1":"product","2":"type-product","3":"status-publish","4":"has-post-thumbnail","6":"product_cat-schnidler-tr","8":"first","9":"instock","10":"shipping-taxable","11":"product-type-simple"},"_links":{"self":[{"href":"https:\/\/ttilift.com\/tr\/wp-json\/wp\/v2\/product\/5017","targetHints":{"allow":["GET"]}}],"collection":[{"href":"https:\/\/ttilift.com\/tr\/wp-json\/wp\/v2\/product"}],"about":[{"href":"https:\/\/ttilift.com\/tr\/wp-json\/wp\/v2\/types\/product"}],"wp:featuredmedia":[{"embeddable":true,"href":"https:\/\/ttilift.com\/tr\/wp-json\/wp\/v2\/media\/4140"}],"wp:attachment":[{"href":"https:\/\/ttilift.com\/tr\/wp-json\/wp\/v2\/media?parent=5017"}],"wp:term":[{"taxonomy":"product_cat","embeddable":true,"href":"https:\/\/ttilift.com\/tr\/wp-json\/wp\/v2\/product_cat?post=5017"},{"taxonomy":"product_tag","embeddable":true,"href":"https:\/\/ttilift.com\/tr\/wp-json\/wp\/v2\/product_tag?post=5017"}],"curies":[{"name":"wp","href":"https:\/\/api.w.org\/{rel}","templated":true}]}}