{"id":5018,"date":"2023-12-14T12:41:05","date_gmt":"2023-12-14T12:41:05","guid":{"rendered":"https:\/\/ttilift.com\/product\/mr21\/"},"modified":"2024-01-17T11:09:35","modified_gmt":"2024-01-17T11:09:35","slug":"mr21","status":"publish","type":"product","link":"https:\/\/ttilift.com\/tr\/urun\/mr21\/","title":{"rendered":"MR21"},"content":{"rendered":"<div class=\"gallery\"><a href=\"https:\/\/ttilift.com\/wp-content\/uploads\/2019\/03\/mr21_2f9f948e0194eb45d4de4cee398c0792.jpg\"> <img decoding=\"async\" title=\"MR21\" src=\"https:\/\/ttilift.com\/wp-content\/uploads\/2019\/03\/mr21_2f9f948e0194eb45d4de4cee398c0792.jpg\" alt=\"\" width=\"350\" height=\"auto\" \/><\/a>\r\n<div class=\"clear\">\u00a0<\/div>\r\n<\/div>\r\n<div class=\"gallery\">\r\n<div class=\"clear\">\u00a0Sicor MR21 asans\u00f6r makineleriyle sorunsuz dikey hareketin g\u00fcc\u00fcn\u00fc a\u00e7\u0131\u011fa \u00e7\u0131kar\u0131n.<\/div>\r\n<h2 class=\"clear\"><br \/>\u00d6zellikler<\/h2>\r\n<div class=\"clear\"><br \/>Maksimum statik y\u00fck: 5600kg<br \/>Azaltma oran\u0131: 1\/62; 1\/51; 1\/40; 2\/63; 2\/51; 3\/47<br \/>Di\u015fli a\u011f\u0131rl\u0131\u011f\u0131: 770\u20131000kg<br \/>Ya\u011f kapasitesi: 7,8 lt (ShellOmalaS4WE)<br \/>G\u00fc\u00e7 aral\u0131\u011f\u0131 VVVF : 7,5 \u2013 22 kW 50\/60 Hz<br \/>G\u00fc\u00e7 aral\u0131\u011f\u0131 AC2 : 7,5 \u2013 22 kW 50\/60 Hz<\/div>\r\n<div class=\"clear\"><br \/>Hem makine daireli hem de makine dairesiz uygulamalar i\u00e7in tasarlanan MR21, her t\u00fcrl\u00fc bina tipi i\u00e7in ola\u011fan\u00fcst\u00fc performans ve g\u00fcvenilirlik sunar.<\/div>\r\n<\/div>","protected":false},"excerpt":{"rendered":"<p>\u00a0 \u00a0Sicor MR21 asans\u00f6r makineleriyle sorunsuz dikey hareketin g\u00fcc\u00fcn\u00fc a\u00e7\u0131\u011fa \u00e7\u0131kar\u0131n. \u00d6zellikler Maksimum statik y\u00fck: 5600kgAzaltma oran\u0131: 1\/62; 1\/51; 1\/40; 2\/63; 2\/51; 3\/47Di\u015fli a\u011f\u0131rl\u0131\u011f\u0131: 770\u20131000kgYa\u011f kapasitesi: 7,8 lt (ShellOmalaS4WE)G\u00fc\u00e7 aral\u0131\u011f\u0131 VVVF : 7,5 \u2013 22 kW 50\/60 HzG\u00fc\u00e7 aral\u0131\u011f\u0131 AC2 : 7,5 \u2013 22 kW 50\/60 Hz Hem makine daireli hem de makine dairesiz uygulamalar [&hellip;]<\/p>\n","protected":false},"featured_media":4156,"template":"","meta":{"rank_math_lock_modified_date":false},"product_cat":[127],"product_tag":[],"class_list":{"0":"post-5018","1":"product","2":"type-product","3":"status-publish","4":"has-post-thumbnail","6":"product_cat-sicor-tr","8":"first","9":"instock","10":"shipping-taxable","11":"product-type-simple"},"_links":{"self":[{"href":"https:\/\/ttilift.com\/tr\/wp-json\/wp\/v2\/product\/5018","targetHints":{"allow":["GET"]}}],"collection":[{"href":"https:\/\/ttilift.com\/tr\/wp-json\/wp\/v2\/product"}],"about":[{"href":"https:\/\/ttilift.com\/tr\/wp-json\/wp\/v2\/types\/product"}],"wp:featuredmedia":[{"embeddable":true,"href":"https:\/\/ttilift.com\/tr\/wp-json\/wp\/v2\/media\/4156"}],"wp:attachment":[{"href":"https:\/\/ttilift.com\/tr\/wp-json\/wp\/v2\/media?parent=5018"}],"wp:term":[{"taxonomy":"product_cat","embeddable":true,"href":"https:\/\/ttilift.com\/tr\/wp-json\/wp\/v2\/product_cat?post=5018"},{"taxonomy":"product_tag","embeddable":true,"href":"https:\/\/ttilift.com\/tr\/wp-json\/wp\/v2\/product_tag?post=5018"}],"curies":[{"name":"wp","href":"https:\/\/api.w.org\/{rel}","templated":true}]}}