{"id":5019,"date":"2023-12-14T12:41:05","date_gmt":"2023-12-14T12:41:05","guid":{"rendered":"https:\/\/ttilift.com\/product\/mr17\/"},"modified":"2024-01-17T11:09:25","modified_gmt":"2024-01-17T11:09:25","slug":"mr17","status":"publish","type":"product","link":"https:\/\/ttilift.com\/tr\/urun\/mr17\/","title":{"rendered":"MR17"},"content":{"rendered":"<div class=\"gallery\"><a href=\"https:\/\/ttilift.com\/wp-content\/uploads\/2019\/03\/mr17p.jpg\"> <img decoding=\"async\" title=\"MR17\" src=\"https:\/\/ttilift.com\/wp-content\/uploads\/2019\/03\/mr17p.jpg\" alt=\"\" width=\"350\" height=\"auto\" \/><\/a>\r\n<div class=\"clear\">\u00a0<\/div>\r\n<\/div><p>Sicor MR17 asans\u00f6r makineleriyle hassasiyetin g\u00fcc\u00fcn\u00fc a\u00e7\u0131\u011fa \u00e7\u0131kar\u0131n! Asans\u00f6r \u00e7ekirde\u011finizi her t\u00fcrl\u00fc binaya uyarlamak i\u00e7in \u00e7ok y\u00f6nl\u00fc MR ve MRL se\u00e7eneklerimizden birini se\u00e7in.<\/p>\r\n<h2><br \/><br \/>\u00d6zellikler<\/h2>\r\n<p><br \/>Maksimum statik y\u00fck: 5200 kg<br \/>Azaltma oran\u0131: 1\/55; 1\/43; 1\/35; 2\/43; 3\/41<br \/>Di\u015fli a\u011f\u0131rl\u0131\u011f\u0131: 550 kg<br \/>Ya\u011f kapasitesi: 8,5 l (Shell Omala S4 WE)<br \/>G\u00fc\u00e7 aral\u0131\u011f\u0131 VVVF: 5,5 \u2013 15 kW 50\/60 Hz<br \/>G\u00fc\u00e7 aral\u0131\u011f\u0131 AC2: 5,5 \u2013 15 kW 50\/60 Hz<\/p>\r\n<p><br \/>Projenizi Sicor MR17 ile y\u00fckseltin. \u00c7e\u015fitli \u00fcr\u00fcn yelpazemizi ke\u015ffedin ve en uygun asans\u00f6r makinesi \u00e7\u00f6z\u00fcmleri konusunda uzman tavsiyesini bug\u00fcn al\u0131n!<\/p>","protected":false},"excerpt":{"rendered":"<p>\u00a0 Sicor MR17 asans\u00f6r makineleriyle hassasiyetin g\u00fcc\u00fcn\u00fc a\u00e7\u0131\u011fa \u00e7\u0131kar\u0131n! Asans\u00f6r \u00e7ekirde\u011finizi her t\u00fcrl\u00fc binaya uyarlamak i\u00e7in \u00e7ok y\u00f6nl\u00fc MR ve MRL se\u00e7eneklerimizden birini se\u00e7in. \u00d6zellikler Maksimum statik y\u00fck: 5200 kgAzaltma oran\u0131: 1\/55; 1\/43; 1\/35; 2\/43; 3\/41Di\u015fli a\u011f\u0131rl\u0131\u011f\u0131: 550 kgYa\u011f kapasitesi: 8,5 l (Shell Omala S4 WE)G\u00fc\u00e7 aral\u0131\u011f\u0131 VVVF: 5,5 \u2013 15 kW 50\/60 HzG\u00fc\u00e7 aral\u0131\u011f\u0131 [&hellip;]<\/p>\n","protected":false},"featured_media":4158,"template":"","meta":{"rank_math_lock_modified_date":false},"product_cat":[127],"product_tag":[],"class_list":{"0":"post-5019","1":"product","2":"type-product","3":"status-publish","4":"has-post-thumbnail","6":"product_cat-sicor-tr","8":"first","9":"instock","10":"shipping-taxable","11":"product-type-simple"},"_links":{"self":[{"href":"https:\/\/ttilift.com\/tr\/wp-json\/wp\/v2\/product\/5019","targetHints":{"allow":["GET"]}}],"collection":[{"href":"https:\/\/ttilift.com\/tr\/wp-json\/wp\/v2\/product"}],"about":[{"href":"https:\/\/ttilift.com\/tr\/wp-json\/wp\/v2\/types\/product"}],"wp:featuredmedia":[{"embeddable":true,"href":"https:\/\/ttilift.com\/tr\/wp-json\/wp\/v2\/media\/4158"}],"wp:attachment":[{"href":"https:\/\/ttilift.com\/tr\/wp-json\/wp\/v2\/media?parent=5019"}],"wp:term":[{"taxonomy":"product_cat","embeddable":true,"href":"https:\/\/ttilift.com\/tr\/wp-json\/wp\/v2\/product_cat?post=5019"},{"taxonomy":"product_tag","embeddable":true,"href":"https:\/\/ttilift.com\/tr\/wp-json\/wp\/v2\/product_tag?post=5019"}],"curies":[{"name":"wp","href":"https:\/\/api.w.org\/{rel}","templated":true}]}}