{"id":5020,"date":"2023-12-14T12:41:05","date_gmt":"2023-12-14T12:41:05","guid":{"rendered":"https:\/\/ttilift.com\/product\/mr16\/"},"modified":"2024-01-17T11:10:50","modified_gmt":"2024-01-17T11:10:50","slug":"mr16","status":"publish","type":"product","link":"https:\/\/ttilift.com\/tr\/urun\/mr16\/","title":{"rendered":"MR16"},"content":{"rendered":"<div class=\"gallery\"><a href=\"https:\/\/ttilift.com\/wp-content\/uploads\/2019\/03\/MR16.jpg\"> <img decoding=\"async\" title=\"MR16\" src=\"https:\/\/ttilift.com\/wp-content\/uploads\/2019\/03\/MR16.jpg\" alt=\"\" width=\"350\" height=\"auto\" \/><\/a>\r\n<div class=\"clear\">\u00a0<\/div>\r\n<\/div><p>Sicor MR16 ile tan\u0131\u015f\u0131n: olas\u0131l\u0131klar\u0131 yeniden tan\u0131mlayan devrim niteli\u011findeki asans\u00f6r makinesi. Hem makine daireli hem de makine dairesiz uygulamalar i\u00e7in tasarlanan Sicor MR16, \u00f6zel ihtiya\u00e7lar\u0131n\u0131za zahmetsizce uyum sa\u011flayan ola\u011fan\u00fcst\u00fc g\u00fc\u00e7 ve esnekli\u011fe sahiptir. Kompakt tasar\u0131m\u0131, performanstan \u00f6d\u00fcn vermeden alan\u0131 maksimuma \u00e7\u0131kararak y\u00fcksek binalar, ticari kompleksler ve hatta konut projeleri i\u00e7in idealdir.<\/p>\r\n<h2><br \/>\u00d6zellikler<\/h2>\r\n<p><br \/>Maksimum Statik Y\u00fck &#8211; 4300 kg<br \/>1:1 \u2013 1250kg Maksimum Nominal Y\u00fck<br \/>VVVF G\u00fc\u00e7 Aral\u0131\u011f\u0131: 7,5 \u2026 20kW (50Hz) \u2013 8,2 \u2026 18kW (60Hz)<br \/>AC2 G\u00fc\u00e7 Aral\u0131\u011f\u0131: 5,1 \u2026 11 kW (50Hz) \u2013 5,5 \u2026 12kW (60Hz)<br \/>Kabin H\u0131z\u0131 \u2013 0,4\u20264m\/s (50Hz) \u2013 0,5\u20264,8m\/s (60Hz)<br \/>\u00c7eki\u015f Makaralar\u0131 \u2013 450 \u2026 700mm<br \/>Di\u015fli Oran\u0131 \u2013 1\/55; 1\/43; 1\/35; 2\/53; 2\/43; 3\/41<br \/>Ya\u011f Kapasitesi \u2013 9l<br \/>Di\u015fli A\u011f\u0131rl\u0131\u011f\u0131 \u2013 450kg<\/p>\r\n<p><br \/>Sicor MR16 ile inovasyonun g\u00fcc\u00fcn\u00fc a\u00e7\u0131\u011fa \u00e7\u0131kar\u0131n. Bug\u00fcn bizimle ileti\u015fime ge\u00e7in ve bu \u00e7ok y\u00f6nl\u00fc makinenin bir sonraki projenizi nas\u0131l geli\u015ftirebilece\u011fini ke\u015ffedin!<\/p>","protected":false},"excerpt":{"rendered":"<p>\u00a0 Sicor MR16 ile tan\u0131\u015f\u0131n: olas\u0131l\u0131klar\u0131 yeniden tan\u0131mlayan devrim niteli\u011findeki asans\u00f6r makinesi. Hem makine daireli hem de makine dairesiz uygulamalar i\u00e7in tasarlanan Sicor MR16, \u00f6zel ihtiya\u00e7lar\u0131n\u0131za zahmetsizce uyum sa\u011flayan ola\u011fan\u00fcst\u00fc g\u00fc\u00e7 ve esnekli\u011fe sahiptir. Kompakt tasar\u0131m\u0131, performanstan \u00f6d\u00fcn vermeden alan\u0131 maksimuma \u00e7\u0131kararak y\u00fcksek binalar, ticari kompleksler ve hatta konut projeleri i\u00e7in idealdir. \u00d6zellikler Maksimum Statik [&hellip;]<\/p>\n","protected":false},"featured_media":4160,"template":"","meta":{"rank_math_lock_modified_date":false},"product_cat":[127],"product_tag":[],"class_list":{"0":"post-5020","1":"product","2":"type-product","3":"status-publish","4":"has-post-thumbnail","6":"product_cat-sicor-tr","8":"first","9":"instock","10":"shipping-taxable","11":"product-type-simple"},"_links":{"self":[{"href":"https:\/\/ttilift.com\/tr\/wp-json\/wp\/v2\/product\/5020","targetHints":{"allow":["GET"]}}],"collection":[{"href":"https:\/\/ttilift.com\/tr\/wp-json\/wp\/v2\/product"}],"about":[{"href":"https:\/\/ttilift.com\/tr\/wp-json\/wp\/v2\/types\/product"}],"wp:featuredmedia":[{"embeddable":true,"href":"https:\/\/ttilift.com\/tr\/wp-json\/wp\/v2\/media\/4160"}],"wp:attachment":[{"href":"https:\/\/ttilift.com\/tr\/wp-json\/wp\/v2\/media?parent=5020"}],"wp:term":[{"taxonomy":"product_cat","embeddable":true,"href":"https:\/\/ttilift.com\/tr\/wp-json\/wp\/v2\/product_cat?post=5020"},{"taxonomy":"product_tag","embeddable":true,"href":"https:\/\/ttilift.com\/tr\/wp-json\/wp\/v2\/product_tag?post=5020"}],"curies":[{"name":"wp","href":"https:\/\/api.w.org\/{rel}","templated":true}]}}