{"id":5021,"date":"2023-12-14T12:41:05","date_gmt":"2023-12-14T12:41:05","guid":{"rendered":"https:\/\/ttilift.com\/product\/mr14\/"},"modified":"2024-01-17T11:11:40","modified_gmt":"2024-01-17T11:11:40","slug":"mr14","status":"publish","type":"product","link":"https:\/\/ttilift.com\/tr\/urun\/mr14\/","title":{"rendered":"MR14"},"content":{"rendered":"<div class=\"gallery\"><a href=\"https:\/\/ttilift.com\/wp-content\/uploads\/2019\/03\/MR14.jpg\"> <img decoding=\"async\" title=\"MR14\" src=\"https:\/\/ttilift.com\/wp-content\/uploads\/2019\/03\/MR14.jpg\" alt=\"\" width=\"350\" height=\"auto\" \/><\/a><\/div>\r\n<div class=\"gallery\">\r\n<div class=\"clear\">Her alana uyum sa\u011flayan \u00e7ok y\u00f6nl\u00fc asans\u00f6r makinesi Sicor MR14 ile binan\u0131z\u0131n potansiyelini y\u00fckseltin. \u0130ster geleneksel bir makine dairesinde s\u0131n\u0131rlamalarla kar\u015f\u0131la\u015f\u0131yor olun ister MRL teknolojisinin \u015f\u0131kl\u0131\u011f\u0131n\u0131 tercih ediyor olun, Sicor MR14 parl\u0131yor. Kompakt tasar\u0131m\u0131, enerji verimlili\u011fi ve sessiz \u00e7al\u0131\u015fma sa\u011flayan y\u00fcksek performansl\u0131 sabit m\u0131knat\u0131sl\u0131 senkron motorlara sahiptir.<\/div>\r\n<div>\u00a0<\/div>\r\n<h2 class=\"clear\"><br \/>\u00d6zellikler:<\/h2>\r\n<div class=\"clear\"><br \/><br \/>Maksimum statik y\u00fck: 3300 kg<br \/>Azaltma oran\u0131: 1\/74; 1\/65; 1\/58; 1\/52; 1\/49; 1\/45; 2\/53; 2\/71; 3\/47<br \/>Di\u015fli a\u011f\u0131rl\u0131\u011f\u0131: 250 kg<br \/>Ya\u011f kapasitesi: 4,8 l (Shell Omala S4 WE)<br \/>G\u00fc\u00e7 aral\u0131\u011f\u0131 VVVF: 2,6 \u2013 10 kW 50\/60 Hz<br \/>G\u00fc\u00e7 aral\u0131\u011f\u0131 AC2: 2,6 \u2013 7,4 kW 50\/60 Hz<\/div>\r\n<div class=\"clear\"><br \/>Yerle\u015fik te\u015fhis ve geli\u015fmi\u015f kontrol sistemleriyle sorunsuz s\u00fcr\u00fc\u015fleri, \u00fcst\u00fcn g\u00fcvenilirli\u011fi ve geli\u015fmi\u015f g\u00fcvenli\u011fi deneyimleyin. Performanstan veya alandan \u00f6d\u00fcn vermeyin. Modern d\u00fcnyan\u0131n en \u00fcst\u00fcn asans\u00f6r makinesi olan Sicor MR14&#8217;\u00fc se\u00e7in.<\/div>\r\n<\/div>","protected":false},"excerpt":{"rendered":"<p>Her alana uyum sa\u011flayan \u00e7ok y\u00f6nl\u00fc asans\u00f6r makinesi Sicor MR14 ile binan\u0131z\u0131n potansiyelini y\u00fckseltin. \u0130ster geleneksel bir makine dairesinde s\u0131n\u0131rlamalarla kar\u015f\u0131la\u015f\u0131yor olun ister MRL teknolojisinin \u015f\u0131kl\u0131\u011f\u0131n\u0131 tercih ediyor olun, Sicor MR14 parl\u0131yor. Kompakt tasar\u0131m\u0131, enerji verimlili\u011fi ve sessiz \u00e7al\u0131\u015fma sa\u011flayan y\u00fcksek performansl\u0131 sabit m\u0131knat\u0131sl\u0131 senkron motorlara sahiptir. \u00a0 \u00d6zellikler: Maksimum statik y\u00fck: 3300 kgAzaltma oran\u0131: [&hellip;]<\/p>\n","protected":false},"featured_media":4162,"template":"","meta":{"rank_math_lock_modified_date":false},"product_cat":[127],"product_tag":[],"class_list":{"0":"post-5021","1":"product","2":"type-product","3":"status-publish","4":"has-post-thumbnail","6":"product_cat-sicor-tr","8":"first","9":"instock","10":"shipping-taxable","11":"product-type-simple"},"_links":{"self":[{"href":"https:\/\/ttilift.com\/tr\/wp-json\/wp\/v2\/product\/5021","targetHints":{"allow":["GET"]}}],"collection":[{"href":"https:\/\/ttilift.com\/tr\/wp-json\/wp\/v2\/product"}],"about":[{"href":"https:\/\/ttilift.com\/tr\/wp-json\/wp\/v2\/types\/product"}],"wp:featuredmedia":[{"embeddable":true,"href":"https:\/\/ttilift.com\/tr\/wp-json\/wp\/v2\/media\/4162"}],"wp:attachment":[{"href":"https:\/\/ttilift.com\/tr\/wp-json\/wp\/v2\/media?parent=5021"}],"wp:term":[{"taxonomy":"product_cat","embeddable":true,"href":"https:\/\/ttilift.com\/tr\/wp-json\/wp\/v2\/product_cat?post=5021"},{"taxonomy":"product_tag","embeddable":true,"href":"https:\/\/ttilift.com\/tr\/wp-json\/wp\/v2\/product_tag?post=5021"}],"curies":[{"name":"wp","href":"https:\/\/api.w.org\/{rel}","templated":true}]}}