{"id":5022,"date":"2023-12-14T12:41:05","date_gmt":"2023-12-14T12:41:05","guid":{"rendered":"https:\/\/ttilift.com\/product\/mr13\/"},"modified":"2024-01-15T11:28:46","modified_gmt":"2024-01-15T11:28:46","slug":"mr13","status":"publish","type":"product","link":"https:\/\/ttilift.com\/tr\/urun\/mr13\/","title":{"rendered":"MR13"},"content":{"rendered":"<div class=\"gallery\"><a href=\"https:\/\/ttilift.com\/wp-content\/uploads\/2019\/03\/MR13.jpg\"> <img decoding=\"async\" title=\"MR13\" src=\"https:\/\/ttilift.com\/wp-content\/uploads\/2019\/03\/MR13.jpg\" alt=\"\" width=\"350\" height=\"auto\" \/><\/a>\r\n<div class=\"clear\">\u00a0<\/div>\r\n<\/div><p>Sicor MR13 asans\u00f6r makinesiyle se\u00e7im yapma g\u00fcc\u00fcn\u00fc a\u00e7\u0131\u011fa \u00e7\u0131kar\u0131n. Hem makine daireli hem de makine dairesiz konfig\u00fcrasyonlar i\u00e7in tasarlanm\u0131\u015f olup, \u00e7e\u015fitli mimari ihtiya\u00e7lar\u0131 kar\u015f\u0131lar. Bu g\u00fc\u00e7 merkezi, y\u00fcksek verimlilik, sorunsuz \u00e7al\u0131\u015fma ve ola\u011fan\u00fcst\u00fc g\u00fcr\u00fclt\u00fc azaltma sa\u011flayan en son teknolojiye sahiptir.<\/p>\r\n<h2><br \/>\u00d6zellikler<\/h2>\r\n<p><br \/><br \/>Maksimum statik y\u00fck: 2600 kg<br \/>Azaltma oran\u0131: 1\/52; 1\/45; 1\/43; 2\/53; 2\/43; 3\/47<br \/>Di\u015fli a\u011f\u0131rl\u0131\u011f\u0131: 250kg<br \/>Ya\u011f kapasitesi: 4,2 l (Shell Omala S4 WE)<br \/>G\u00fc\u00e7 aral\u0131\u011f\u0131 VVVF: 2,6 \u2013 8,2 kW 50\/60 Hz<br \/>G\u00fc\u00e7 aral\u0131\u011f\u0131 AC2: 2,6 \u2013 6 kW 50\/60 Hz<br \/>Bir sonraki asans\u00f6r projeniz i\u00e7in m\u00fckemmel uyum sa\u011flayan Sicor MR13 ile benzersiz performans ve esnekli\u011fi deneyimleyin.<\/p>","protected":false},"excerpt":{"rendered":"<p>Sicor MR13 asans\u00f6r makinesiyle se\u00e7im yapma g\u00fcc\u00fcn\u00fc a\u00e7\u0131\u011fa \u00e7\u0131kar\u0131n. Hem makine daireli hem de makine dairesiz konfig\u00fcrasyonlar i\u00e7in tasarlanm\u0131\u015f olup, \u00e7e\u015fitli mimari ihtiya\u00e7lar\u0131 kar\u015f\u0131lar. Bu g\u00fc\u00e7 merkezi, y\u00fcksek verimlilik, sorunsuz \u00e7al\u0131\u015fma ve ola\u011fan\u00fcst\u00fc g\u00fcr\u00fclt\u00fc azaltma sa\u011flayan en son teknolojiye sahiptir. \u00d6zellikler Maksimum statik y\u00fck: 2600 kgAzaltma oran\u0131: 1\/52; 1\/45; 1\/43; 2\/53; 2\/43; 3\/47Di\u015fli a\u011f\u0131rl\u0131\u011f\u0131: 250kgYa\u011f [&hellip;]<\/p>\n","protected":false},"featured_media":4164,"template":"","meta":{"rank_math_lock_modified_date":false},"product_cat":[127],"product_tag":[],"class_list":{"0":"post-5022","1":"product","2":"type-product","3":"status-publish","4":"has-post-thumbnail","6":"product_cat-sicor-tr","8":"first","9":"instock","10":"shipping-taxable","11":"product-type-simple"},"_links":{"self":[{"href":"https:\/\/ttilift.com\/tr\/wp-json\/wp\/v2\/product\/5022","targetHints":{"allow":["GET"]}}],"collection":[{"href":"https:\/\/ttilift.com\/tr\/wp-json\/wp\/v2\/product"}],"about":[{"href":"https:\/\/ttilift.com\/tr\/wp-json\/wp\/v2\/types\/product"}],"wp:featuredmedia":[{"embeddable":true,"href":"https:\/\/ttilift.com\/tr\/wp-json\/wp\/v2\/media\/4164"}],"wp:attachment":[{"href":"https:\/\/ttilift.com\/tr\/wp-json\/wp\/v2\/media?parent=5022"}],"wp:term":[{"taxonomy":"product_cat","embeddable":true,"href":"https:\/\/ttilift.com\/tr\/wp-json\/wp\/v2\/product_cat?post=5022"},{"taxonomy":"product_tag","embeddable":true,"href":"https:\/\/ttilift.com\/tr\/wp-json\/wp\/v2\/product_tag?post=5022"}],"curies":[{"name":"wp","href":"https:\/\/api.w.org\/{rel}","templated":true}]}}