{"id":5023,"date":"2023-12-14T12:41:05","date_gmt":"2023-12-14T12:41:05","guid":{"rendered":"https:\/\/ttilift.com\/product\/mr10\/"},"modified":"2024-01-17T11:13:07","modified_gmt":"2024-01-17T11:13:07","slug":"mr10","status":"publish","type":"product","link":"https:\/\/ttilift.com\/tr\/urun\/mr10\/","title":{"rendered":"MR10"},"content":{"rendered":"<div class=\"gallery \"><a class=\"big\" href=\"https:\/\/ttilift.com\/wp-content\/uploads\/2019\/03\/MR10.jpg\"> <img decoding=\"async\" title=\"MR10\" src=\"https:\/\/ttilift.com\/wp-content\/uploads\/2019\/03\/MR10.jpg\" alt=\"\" width=\"350\" height=\"auto\" \/><\/a>\r\n<div class=\"clear\">\u00a0<\/div>\r\n<\/div><p>Sicor MR10&#8217;u ile hacimli asans\u00f6r makine odalar\u0131na veda edin ve verimlili\u011fin gelece\u011fine merhaba deyin! Bu yenilik\u00e7i asans\u00f6r makinesi, y\u00fcksek performansl\u0131 teknolojiyi kompakt, makine dairesiz (MRL) bir tasar\u0131mda bir araya getiriyor.<\/p>\r\n<h2><br \/>\u00d6zellikler<\/h2>\r\n<p><br \/>Maksimum statik y\u00fck: 2100 kg<br \/>Azaltma oran\u0131: 1\/55; 1\/43; 2\/55; 2\/43<br \/>Di\u015fli a\u011f\u0131rl\u0131\u011f\u0131: 200kg<br \/>Ya\u011f kapasitesi: 2,8 l (Shell Omala S4 WE)<br \/>G\u00fc\u00e7 aral\u0131\u011f\u0131 VVVF: 2,7 \u2013 6 kW 50\/60 Hz<br \/>G\u00fc\u00e7 aral\u0131\u011f\u0131 AC2: 2,7 \u2013 4,4 kW \u2013 50\/60 Hz<\/p>\r\n<p><br \/>Sicor MR10,\u00a0 olan ba\u011fl\u0131l\u0131\u011f\u0131yla desteklenerek her t\u00fcrl\u00fc asans\u00f6r projesi i\u00e7in ak\u0131ll\u0131 bir yat\u0131r\u0131m haline geliyor. Rekabet\u00e7i fiyatlar\u0131 ve deneyimli \u00fcretimiyle TTI, asans\u00f6r makinesi ihtiya\u00e7lar\u0131n\u0131z i\u00e7in en iyi de\u011feri elde etmenizi sa\u011flar.<\/p>","protected":false},"excerpt":{"rendered":"<p>\u00a0 Sicor MR10&#8217;u ile hacimli asans\u00f6r makine odalar\u0131na veda edin ve verimlili\u011fin gelece\u011fine merhaba deyin! Bu yenilik\u00e7i asans\u00f6r makinesi, y\u00fcksek performansl\u0131 teknolojiyi kompakt, makine dairesiz (MRL) bir tasar\u0131mda bir araya getiriyor. \u00d6zellikler Maksimum statik y\u00fck: 2100 kgAzaltma oran\u0131: 1\/55; 1\/43; 2\/55; 2\/43Di\u015fli a\u011f\u0131rl\u0131\u011f\u0131: 200kgYa\u011f kapasitesi: 2,8 l (Shell Omala S4 WE)G\u00fc\u00e7 aral\u0131\u011f\u0131 VVVF: 2,7 \u2013 [&hellip;]<\/p>\n","protected":false},"featured_media":4166,"template":"","meta":{"rank_math_lock_modified_date":false},"product_cat":[127],"product_tag":[],"class_list":{"0":"post-5023","1":"product","2":"type-product","3":"status-publish","4":"has-post-thumbnail","6":"product_cat-sicor-tr","8":"first","9":"instock","10":"shipping-taxable","11":"product-type-simple"},"_links":{"self":[{"href":"https:\/\/ttilift.com\/tr\/wp-json\/wp\/v2\/product\/5023","targetHints":{"allow":["GET"]}}],"collection":[{"href":"https:\/\/ttilift.com\/tr\/wp-json\/wp\/v2\/product"}],"about":[{"href":"https:\/\/ttilift.com\/tr\/wp-json\/wp\/v2\/types\/product"}],"wp:featuredmedia":[{"embeddable":true,"href":"https:\/\/ttilift.com\/tr\/wp-json\/wp\/v2\/media\/4166"}],"wp:attachment":[{"href":"https:\/\/ttilift.com\/tr\/wp-json\/wp\/v2\/media?parent=5023"}],"wp:term":[{"taxonomy":"product_cat","embeddable":true,"href":"https:\/\/ttilift.com\/tr\/wp-json\/wp\/v2\/product_cat?post=5023"},{"taxonomy":"product_tag","embeddable":true,"href":"https:\/\/ttilift.com\/tr\/wp-json\/wp\/v2\/product_tag?post=5023"}],"curies":[{"name":"wp","href":"https:\/\/api.w.org\/{rel}","templated":true}]}}