{"id":5024,"date":"2023-12-14T12:40:44","date_gmt":"2023-12-14T12:40:44","guid":{"rendered":"https:\/\/ttilift.com\/product\/sg-50\/"},"modified":"2024-01-17T11:13:53","modified_gmt":"2024-01-17T11:13:53","slug":"sg-50","status":"publish","type":"product","link":"https:\/\/ttilift.com\/tr\/urun\/sg-50\/","title":{"rendered":"SG-50"},"content":{"rendered":"<div class=\"gallery\"><a href=\"https:\/\/ttilift.com\/wp-content\/uploads\/2019\/03\/SG-10-145A.jpg\"> <img decoding=\"async\" title=\"SG-50\" src=\"https:\/\/ttilift.com\/wp-content\/uploads\/2019\/03\/SG-10-145A.jpg\" alt=\"\" width=\"350\" height=\"auto\" \/><\/a>\r\n<div class=\"clear\">Sicor SG-50&#8217;si, hem geleneksel asans\u00f6r makine odalar\u0131n\u0131 hem de modern makine dairesiz (MRL) sistemleri \u00e7al\u0131\u015ft\u0131rmak \u00fczere tasarlanm\u0131\u015f \u00e7ok y\u00f6nl\u00fc bir i\u015f makinesidir. Bu geli\u015fmi\u015f, kompakt makine, sessiz \u00e7al\u0131\u015fma, ola\u011fan\u00fcst\u00fc enerji verimlili\u011fi ve d\u00fczg\u00fcn hareket i\u00e7in en son teknolojiye sahiptir.<\/div>\r\n<h2 class=\"clear\"><br \/>\u00d6zellikler<\/h2>\r\n<div class=\"clear\"><br \/>Maksimum statik y\u00fck: 3500 kg<br \/>Maksimum di\u015flisiz a\u011f\u0131rl\u0131k: 310 kg<br \/>Besleme gerilimi: 360V<\/div>\r\n<div class=\"clear\"><br \/>Sicor SG-50 ile binan\u0131z\u0131 yeni boyutlara y\u00fckseltin. Bir teklif i\u00e7in bug\u00fcn bizimle ileti\u015fime ge\u00e7in!<\/div>\r\n<\/div>","protected":false},"excerpt":{"rendered":"","protected":false},"featured_media":4142,"template":"","meta":{"rank_math_lock_modified_date":false},"product_cat":[127],"product_tag":[],"class_list":{"0":"post-5024","1":"product","2":"type-product","3":"status-publish","4":"has-post-thumbnail","6":"product_cat-sicor-tr","8":"first","9":"instock","10":"shipping-taxable","11":"product-type-simple"},"_links":{"self":[{"href":"https:\/\/ttilift.com\/tr\/wp-json\/wp\/v2\/product\/5024","targetHints":{"allow":["GET"]}}],"collection":[{"href":"https:\/\/ttilift.com\/tr\/wp-json\/wp\/v2\/product"}],"about":[{"href":"https:\/\/ttilift.com\/tr\/wp-json\/wp\/v2\/types\/product"}],"wp:featuredmedia":[{"embeddable":true,"href":"https:\/\/ttilift.com\/tr\/wp-json\/wp\/v2\/media\/4142"}],"wp:attachment":[{"href":"https:\/\/ttilift.com\/tr\/wp-json\/wp\/v2\/media?parent=5024"}],"wp:term":[{"taxonomy":"product_cat","embeddable":true,"href":"https:\/\/ttilift.com\/tr\/wp-json\/wp\/v2\/product_cat?post=5024"},{"taxonomy":"product_tag","embeddable":true,"href":"https:\/\/ttilift.com\/tr\/wp-json\/wp\/v2\/product_tag?post=5024"}],"curies":[{"name":"wp","href":"https:\/\/api.w.org\/{rel}","templated":true}]}}