{"id":5025,"date":"2023-12-14T12:40:44","date_gmt":"2023-12-14T12:40:44","guid":{"rendered":"https:\/\/ttilift.com\/product\/sg-40\/"},"modified":"2024-01-17T11:23:10","modified_gmt":"2024-01-17T11:23:10","slug":"sg-40","status":"publish","type":"product","link":"https:\/\/ttilift.com\/tr\/urun\/sg-40\/","title":{"rendered":"SG-40"},"content":{"rendered":"<div class=\"gallery\"><a href=\"https:\/\/ttilift.com\/wp-content\/uploads\/2019\/03\/SG-40-180A.jpg\"> <img decoding=\"async\" title=\"SG-40\" src=\"https:\/\/ttilift.com\/wp-content\/uploads\/2019\/03\/SG-40-180A.jpg\" alt=\"\" width=\"350\" height=\"auto\" \/><\/a>\r\n<div class=\"clear\">Sicor-SG-40 makineleriyle asans\u00f6r performans\u0131n\u0131z\u0131 yeni boyutlara ta\u015f\u0131y\u0131n. Bu \u00e7ok y\u00f6nl\u00fc seri, hem makine daireli hem de makine dairesiz konfig\u00fcrasyonlara hitap ederek, g\u00fc\u00e7ten \u00f6d\u00fcn vermeden yerden tasarruf sa\u011flayan \u00e7\u00f6z\u00fcmler sunar. Sicor-SG-40, sorunsuz \u00e7al\u0131\u015fma ve ola\u011fan\u00fcst\u00fc enerji verimlili\u011fi sa\u011flayan sa\u011flam bir tasar\u0131ma sahiptir.<\/div>\r\n<h2 class=\"clear\"><br \/>\u00d6zellikler<\/h2>\r\n<div class=\"clear\"><br \/><br \/>Maksimum statik y\u00fck: 2600 kg<br \/>Maksimum di\u015flisiz a\u011f\u0131rl\u0131k: 235 kg<br \/>Besleme gerilimi: 360V<\/div>\r\n<div>\u00a0<\/div>\r\n<div class=\"clear\"><br \/>\u0130ster bir g\u00f6kdelen in\u015fa ediyor ister bir konut kompleksini modernle\u015ftiriyor olun,Sicor-SG-40&#8217;\u0131 g\u00fcvenebilece\u011finiz asans\u00f6r \u00e7ekirdek makinesidir.<\/div>\r\n<\/div>\r\n<p>&nbsp;<\/p><p>&nbsp;<\/p>","protected":false},"excerpt":{"rendered":"<p>&nbsp;<\/p>\n","protected":false},"featured_media":4144,"template":"","meta":{"rank_math_lock_modified_date":false},"product_cat":[127],"product_tag":[],"class_list":{"0":"post-5025","1":"product","2":"type-product","3":"status-publish","4":"has-post-thumbnail","6":"product_cat-sicor-tr","8":"first","9":"instock","10":"shipping-taxable","11":"product-type-simple"},"_links":{"self":[{"href":"https:\/\/ttilift.com\/tr\/wp-json\/wp\/v2\/product\/5025","targetHints":{"allow":["GET"]}}],"collection":[{"href":"https:\/\/ttilift.com\/tr\/wp-json\/wp\/v2\/product"}],"about":[{"href":"https:\/\/ttilift.com\/tr\/wp-json\/wp\/v2\/types\/product"}],"wp:featuredmedia":[{"embeddable":true,"href":"https:\/\/ttilift.com\/tr\/wp-json\/wp\/v2\/media\/4144"}],"wp:attachment":[{"href":"https:\/\/ttilift.com\/tr\/wp-json\/wp\/v2\/media?parent=5025"}],"wp:term":[{"taxonomy":"product_cat","embeddable":true,"href":"https:\/\/ttilift.com\/tr\/wp-json\/wp\/v2\/product_cat?post=5025"},{"taxonomy":"product_tag","embeddable":true,"href":"https:\/\/ttilift.com\/tr\/wp-json\/wp\/v2\/product_tag?post=5025"}],"curies":[{"name":"wp","href":"https:\/\/api.w.org\/{rel}","templated":true}]}}