{"id":5027,"date":"2023-12-14T12:40:44","date_gmt":"2023-12-14T12:40:44","guid":{"rendered":"https:\/\/ttilift.com\/product\/sg-20\/"},"modified":"2024-01-17T11:27:46","modified_gmt":"2024-01-17T11:27:46","slug":"sg-20","status":"publish","type":"product","link":"https:\/\/ttilift.com\/tr\/urun\/sg-20\/","title":{"rendered":"SG-20"},"content":{"rendered":"<div class=\"gallery\"><a href=\"https:\/\/ttilift.com\/wp-content\/uploads\/2019\/03\/SG20BF.png\"> <img decoding=\"async\" title=\"SG-20\" src=\"https:\/\/ttilift.com\/wp-content\/uploads\/2019\/03\/SG20BF.png\" alt=\"\" width=\"350\" height=\"auto\" \/><\/a>\r\n<div class=\"clear\">\r\n<p>Sicor-SG-20 asans\u00f6r makineleriyle binan\u0131z\u0131n performans\u0131n\u0131 art\u0131r\u0131n. \u0130ster geleneksel bir makine dairesi \u00e7\u00f6z\u00fcm\u00fcne ister makine dairesiz \u015f\u0131k bir teknolojiye ihtiyac\u0131n\u0131z olsun, Sicor-SG-20 ihtiyac\u0131n\u0131z\u0131 kar\u015f\u0131lar.<\/p>\r\n<h2><br \/><br \/>\u00d6zellikler:<\/h2>\r\n<p><br \/>Maksimum statik y\u00fck: 1800 kg<br \/>Maksimum di\u015flisiz a\u011f\u0131rl\u0131k: 180 kg<br \/>Besleme gerilimi: 360V<\/p>\r\n<p><br \/>Sorunsuz, g\u00fcvenilir \u00e7al\u0131\u015fmay\u0131, ola\u011fan\u00fcst\u00fc enerji verimlili\u011fini ve proje ihtiya\u00e7lar\u0131n\u0131z\u0131 m\u00fckemmel \u015fekilde kar\u015f\u0131layacak esnek yap\u0131land\u0131rmalar\u0131 deneyimleyin.<\/p>\r\n<\/div>\r\n<\/div>","protected":false},"excerpt":{"rendered":"<p>Sicor-SG-20 asans\u00f6r makineleriyle binan\u0131z\u0131n performans\u0131n\u0131 art\u0131r\u0131n. \u0130ster geleneksel bir makine dairesi \u00e7\u00f6z\u00fcm\u00fcne ister makine dairesiz \u015f\u0131k bir teknolojiye ihtiyac\u0131n\u0131z olsun, Sicor-SG-20 ihtiyac\u0131n\u0131z\u0131 kar\u015f\u0131lar. \u00d6zellikler: Maksimum statik y\u00fck: 1800 kgMaksimum di\u015flisiz a\u011f\u0131rl\u0131k: 180 kgBesleme gerilimi: 360V Sorunsuz, g\u00fcvenilir \u00e7al\u0131\u015fmay\u0131, ola\u011fan\u00fcst\u00fc enerji verimlili\u011fini ve proje ihtiya\u00e7lar\u0131n\u0131z\u0131 m\u00fckemmel \u015fekilde kar\u015f\u0131layacak esnek yap\u0131land\u0131rmalar\u0131 deneyimleyin.<\/p>\n","protected":false},"featured_media":4148,"template":"","meta":{"rank_math_lock_modified_date":false},"product_cat":[127],"product_tag":[],"class_list":{"0":"post-5027","1":"product","2":"type-product","3":"status-publish","4":"has-post-thumbnail","6":"product_cat-sicor-tr","8":"first","9":"instock","10":"shipping-taxable","11":"product-type-simple"},"_links":{"self":[{"href":"https:\/\/ttilift.com\/tr\/wp-json\/wp\/v2\/product\/5027","targetHints":{"allow":["GET"]}}],"collection":[{"href":"https:\/\/ttilift.com\/tr\/wp-json\/wp\/v2\/product"}],"about":[{"href":"https:\/\/ttilift.com\/tr\/wp-json\/wp\/v2\/types\/product"}],"wp:featuredmedia":[{"embeddable":true,"href":"https:\/\/ttilift.com\/tr\/wp-json\/wp\/v2\/media\/4148"}],"wp:attachment":[{"href":"https:\/\/ttilift.com\/tr\/wp-json\/wp\/v2\/media?parent=5027"}],"wp:term":[{"taxonomy":"product_cat","embeddable":true,"href":"https:\/\/ttilift.com\/tr\/wp-json\/wp\/v2\/product_cat?post=5027"},{"taxonomy":"product_tag","embeddable":true,"href":"https:\/\/ttilift.com\/tr\/wp-json\/wp\/v2\/product_tag?post=5027"}],"curies":[{"name":"wp","href":"https:\/\/api.w.org\/{rel}","templated":true}]}}