{"id":5028,"date":"2023-12-14T12:40:44","date_gmt":"2023-12-14T12:40:44","guid":{"rendered":"https:\/\/ttilift.com\/product\/mr35\/"},"modified":"2024-01-17T11:29:16","modified_gmt":"2024-01-17T11:29:16","slug":"mr35","status":"publish","type":"product","link":"https:\/\/ttilift.com\/tr\/urun\/mr35\/","title":{"rendered":"MR35"},"content":{"rendered":"<div class=\"gallery\"><a href=\"https:\/\/ttilift.com\/wp-content\/uploads\/2019\/03\/MR35.jpg\"> <img decoding=\"async\" title=\"MR35\" src=\"https:\/\/ttilift.com\/wp-content\/uploads\/2019\/03\/MR35.jpg\" alt=\"\" width=\"350\" height=\"auto\" \/><\/a>\r\n<div class=\"clear\">\r\n<p>Hem makine daireli (MR) hem de makine dairesiz (MRL) uygulamalar i\u00e7in \u00e7ok y\u00f6nl\u00fc asans\u00f6r makinesi Sicor MR35 ile binan\u0131z\u0131n potansiyelini y\u00fckseltin. Bu g\u00fc\u00e7l\u00fc \u00e7ekirdek makine, al\u00e7aktan y\u00fcksek binaya kadar her y\u00fckseklikteki binalar i\u00e7in sorunsuz, g\u00fcvenilir s\u00fcr\u00fc\u015fler sa\u011flar.<\/p>\r\n<h2><br \/><br \/>\u00d6zellikler<\/h2>\r\n<p><br \/>Maksimum statik y\u00fck: 14200 kg<br \/>Azaltma oran\u0131: 1\/58; 1\/53; 2\/73; 2\/60; 3\/69; 3\/53<br \/>Di\u015fli a\u011f\u0131rl\u0131\u011f\u0131: 1600 \u2013 1900 kg<br \/>Ya\u011f kapasitesi: 23,5 lt (Shell Omala S4 WE)<br \/>G\u00fc\u00e7 aral\u0131\u011f\u0131 VVVF: 20 \u2013 44 kW 50\/60 Hz<br \/>G\u00fc\u00e7 aral\u0131\u011f\u0131 \u00a0AC2: 20 \u2013 44 kW 50\/60 Hz<\/p>\r\n<p><br \/>Asans\u00f6r oyununuzu bir sonraki seviyeye ta\u015f\u0131maya haz\u0131r m\u0131s\u0131n\u0131z? Fiyat teklifi almak i\u00e7in bug\u00fcn TTI ile ileti\u015fime ge\u00e7in ve Sicor MR35&#8217;in bir sonraki projenize nas\u0131l g\u00fc\u00e7 verebilece\u011fini ke\u015ffedin.<\/p>\r\n<\/div>\r\n<\/div>","protected":false},"excerpt":{"rendered":"","protected":false},"featured_media":4152,"template":"","meta":{"rank_math_lock_modified_date":false},"product_cat":[127],"product_tag":[],"class_list":{"0":"post-5028","1":"product","2":"type-product","3":"status-publish","4":"has-post-thumbnail","6":"product_cat-sicor-tr","8":"first","9":"instock","10":"shipping-taxable","11":"product-type-simple"},"_links":{"self":[{"href":"https:\/\/ttilift.com\/tr\/wp-json\/wp\/v2\/product\/5028","targetHints":{"allow":["GET"]}}],"collection":[{"href":"https:\/\/ttilift.com\/tr\/wp-json\/wp\/v2\/product"}],"about":[{"href":"https:\/\/ttilift.com\/tr\/wp-json\/wp\/v2\/types\/product"}],"wp:featuredmedia":[{"embeddable":true,"href":"https:\/\/ttilift.com\/tr\/wp-json\/wp\/v2\/media\/4152"}],"wp:attachment":[{"href":"https:\/\/ttilift.com\/tr\/wp-json\/wp\/v2\/media?parent=5028"}],"wp:term":[{"taxonomy":"product_cat","embeddable":true,"href":"https:\/\/ttilift.com\/tr\/wp-json\/wp\/v2\/product_cat?post=5028"},{"taxonomy":"product_tag","embeddable":true,"href":"https:\/\/ttilift.com\/tr\/wp-json\/wp\/v2\/product_tag?post=5028"}],"curies":[{"name":"wp","href":"https:\/\/api.w.org\/{rel}","templated":true}]}}