{"id":5029,"date":"2023-12-14T12:40:44","date_gmt":"2023-12-14T12:40:44","guid":{"rendered":"https:\/\/ttilift.com\/product\/mr26\/"},"modified":"2024-01-17T11:31:19","modified_gmt":"2024-01-17T11:31:19","slug":"mr26","status":"publish","type":"product","link":"https:\/\/ttilift.com\/tr\/urun\/mr26\/","title":{"rendered":"MR26"},"content":{"rendered":"<div class=\"gallery\"><a href=\"https:\/\/ttilift.com\/wp-content\/uploads\/2019\/03\/MR26_MR26TS_stp.png\"> <img decoding=\"async\" title=\"MR26\" src=\"https:\/\/ttilift.com\/wp-content\/uploads\/2019\/03\/MR26_MR26TS_stp.png\" alt=\"\" width=\"350\" height=\"auto\" \/><\/a><\/div>\r\n<div class=\"gallery\">\r\n<div class=\"clear\">Hem makine daireli (MR) hem de makine dairesiz (MRL) kurulumlar i\u00e7in tasarlanm\u0131\u015f hepsi bir arada makine olan Sicor MR26 ile asans\u00f6r sisteminizin potansiyelini a\u00e7\u0131\u011fa \u00e7\u0131kar\u0131n.<br \/>Bu devrim niteli\u011findeki teknoloji, sa\u011flam performans, ola\u011fan\u00fcst\u00fc verimlilik ve e\u015fsiz esneklik sunarak onu her bina t\u00fcr\u00fc i\u00e7in m\u00fckemmel se\u00e7im haline getiriyor<\/div>\r\n<h2 class=\"clear\"><br \/>\u00d6zellikler<\/h2>\r\n<div class=\"clear\"><br \/>Maksimum statik y\u00fck: 8200 kg<br \/>Azaltma oran\u0131: 1\/72; 1\/57; 1\/44; 2\/63; 2\/45; 3\/55<br \/>Di\u015fli a\u011f\u0131rl\u0131\u011f\u0131: 1200 \u2013 1600 kg<br \/>Ya\u011f kapasitesi: 10,8 lt (Shell Omala S4 WE)<br \/>G\u00fc\u00e7 aral\u0131\u011f\u0131 VVVF: 11 \u2013 33 kW 50\/60 Hz<br \/>G\u00fc\u00e7 aral\u0131\u011f\u0131 AC2: 11 \u2013 33 kW 50\/60 Hz<br \/>Olas\u0131l\u0131klar\u0131n Kilidini A\u00e7\u0131n, Sicor MR26&#8217;y\u0131 Ke\u015ffedin.<\/div>\r\n<div class=\"clear\"><br \/>Bug\u00fcn TTI ile ileti\u015fime ge\u00e7in ve Sicor MR26&#8217;n\u0131n binan\u0131z\u0131 ve k\u00e2rl\u0131l\u0131\u011f\u0131n\u0131z\u0131 nas\u0131l y\u00fckseltebilece\u011fini g\u00f6r\u00fcn. Teklif al\u0131n ve asans\u00f6r teknolojisinin gelece\u011fini ke\u015ffedin.<\/div>\r\n<\/div>","protected":false},"excerpt":{"rendered":"<p>Hem makine daireli (MR) hem de makine dairesiz (MRL) kurulumlar i\u00e7in tasarlanm\u0131\u015f hepsi bir arada makine olan Sicor MR26 ile asans\u00f6r sisteminizin potansiyelini a\u00e7\u0131\u011fa \u00e7\u0131kar\u0131n.Bu devrim niteli\u011findeki teknoloji, sa\u011flam performans, ola\u011fan\u00fcst\u00fc verimlilik ve e\u015fsiz esneklik sunarak onu her bina t\u00fcr\u00fc i\u00e7in m\u00fckemmel se\u00e7im haline getiriyor \u00d6zellikler Maksimum statik y\u00fck: 8200 kgAzaltma oran\u0131: 1\/72; 1\/57; 1\/44; [&hellip;]<\/p>\n","protected":false},"featured_media":4154,"template":"","meta":{"rank_math_lock_modified_date":false},"product_cat":[127],"product_tag":[],"class_list":{"0":"post-5029","1":"product","2":"type-product","3":"status-publish","4":"has-post-thumbnail","6":"product_cat-sicor-tr","8":"first","9":"instock","10":"shipping-taxable","11":"product-type-simple"},"_links":{"self":[{"href":"https:\/\/ttilift.com\/tr\/wp-json\/wp\/v2\/product\/5029","targetHints":{"allow":["GET"]}}],"collection":[{"href":"https:\/\/ttilift.com\/tr\/wp-json\/wp\/v2\/product"}],"about":[{"href":"https:\/\/ttilift.com\/tr\/wp-json\/wp\/v2\/types\/product"}],"wp:featuredmedia":[{"embeddable":true,"href":"https:\/\/ttilift.com\/tr\/wp-json\/wp\/v2\/media\/4154"}],"wp:attachment":[{"href":"https:\/\/ttilift.com\/tr\/wp-json\/wp\/v2\/media?parent=5029"}],"wp:term":[{"taxonomy":"product_cat","embeddable":true,"href":"https:\/\/ttilift.com\/tr\/wp-json\/wp\/v2\/product_cat?post=5029"},{"taxonomy":"product_tag","embeddable":true,"href":"https:\/\/ttilift.com\/tr\/wp-json\/wp\/v2\/product_tag?post=5029"}],"curies":[{"name":"wp","href":"https:\/\/api.w.org\/{rel}","templated":true}]}}