{"id":5030,"date":"2023-12-14T12:40:44","date_gmt":"2023-12-14T12:40:44","guid":{"rendered":"https:\/\/ttilift.com\/product\/sg-10\/"},"modified":"2024-01-17T11:28:24","modified_gmt":"2024-01-17T11:28:24","slug":"sg-10","status":"publish","type":"product","link":"https:\/\/ttilift.com\/tr\/urun\/sg-10\/","title":{"rendered":"SG-10"},"content":{"rendered":"<div class=\"gallery\"><a href=\"https:\/\/ttilift.com\/wp-content\/uploads\/2019\/03\/SG-10-145A-1.jpg\"> <img decoding=\"async\" title=\"SG-10\" src=\"https:\/\/ttilift.com\/wp-content\/uploads\/2019\/03\/SG-10-145A-1.jpg\" alt=\"\" width=\"350\" height=\"auto\" \/><\/a>\r\n<p class=\"clear\">Sicor SG-10 serisiyle asans\u00f6r makinesi teknolojisinin zirvesini deneyimleyin. Hem geleneksel makine odalar\u0131 hem de modern MRL uygulamalar\u0131 i\u00e7in tasarlanan bu y\u00fcksek performansl\u0131 makineler, ola\u011fan\u00fcst\u00fc enerji verimlili\u011fine, f\u0131s\u0131lt\u0131 sessizli\u011finde \u00e7al\u0131\u015fmaya ve end\u00fcstri lideri g\u00fcvenlik \u00f6zelliklerine sahiptir.<\/p>\r\n<h2 class=\"clear\"><br \/><br \/><br \/>\u00d6zellikler<\/h2>\r\n<div class=\"clear\"><br \/>Maksimum statik y\u00fck: 1400 kg<br \/>Maksimum vin\u00e7 a\u011f\u0131rl\u0131\u011f\u0131: 140 kg<br \/>Binan\u0131z\u0131n ihtiya\u00e7lar\u0131na ve b\u00fct\u00e7esine tam olarak uyacak \u00e7ok \u00e7e\u015fitli konfig\u00fcrasyonlar aras\u0131ndan se\u00e7im yap\u0131n. \u0130ster yerden tasarruf sa\u011flayan MRL \u00e7\u00f6z\u00fcmleri, ister zorlu ortamlar i\u00e7in g\u00fc\u00e7l\u00fc performans ar\u0131yor olun, Sicor SG-10 ihtiyac\u0131n\u0131z\u0131 kar\u015f\u0131lar. TTI fark\u0131n\u0131 ke\u015ffedin; asans\u00f6r oyununuzu Sicor SG-10 ile y\u00fckseltin.<\/div>\r\n<\/div>","protected":false},"excerpt":{"rendered":"<p>Sicor SG-10 serisiyle asans\u00f6r makinesi teknolojisinin zirvesini deneyimleyin. Hem geleneksel makine odalar\u0131 hem de modern MRL uygulamalar\u0131 i\u00e7in tasarlanan bu y\u00fcksek performansl\u0131 makineler, ola\u011fan\u00fcst\u00fc enerji verimlili\u011fine, f\u0131s\u0131lt\u0131 sessizli\u011finde \u00e7al\u0131\u015fmaya ve end\u00fcstri lideri g\u00fcvenlik \u00f6zelliklerine sahiptir. \u00d6zellikler Maksimum statik y\u00fck: 1400 kgMaksimum vin\u00e7 a\u011f\u0131rl\u0131\u011f\u0131: 140 kgBinan\u0131z\u0131n ihtiya\u00e7lar\u0131na ve b\u00fct\u00e7esine tam olarak uyacak \u00e7ok \u00e7e\u015fitli konfig\u00fcrasyonlar aras\u0131ndan [&hellip;]<\/p>\n","protected":false},"featured_media":4150,"template":"","meta":{"rank_math_lock_modified_date":false},"product_cat":[127],"product_tag":[],"class_list":{"0":"post-5030","1":"product","2":"type-product","3":"status-publish","4":"has-post-thumbnail","6":"product_cat-sicor-tr","8":"first","9":"instock","10":"shipping-taxable","11":"product-type-simple"},"_links":{"self":[{"href":"https:\/\/ttilift.com\/tr\/wp-json\/wp\/v2\/product\/5030","targetHints":{"allow":["GET"]}}],"collection":[{"href":"https:\/\/ttilift.com\/tr\/wp-json\/wp\/v2\/product"}],"about":[{"href":"https:\/\/ttilift.com\/tr\/wp-json\/wp\/v2\/types\/product"}],"wp:featuredmedia":[{"embeddable":true,"href":"https:\/\/ttilift.com\/tr\/wp-json\/wp\/v2\/media\/4150"}],"wp:attachment":[{"href":"https:\/\/ttilift.com\/tr\/wp-json\/wp\/v2\/media?parent=5030"}],"wp:term":[{"taxonomy":"product_cat","embeddable":true,"href":"https:\/\/ttilift.com\/tr\/wp-json\/wp\/v2\/product_cat?post=5030"},{"taxonomy":"product_tag","embeddable":true,"href":"https:\/\/ttilift.com\/tr\/wp-json\/wp\/v2\/product_tag?post=5030"}],"curies":[{"name":"wp","href":"https:\/\/api.w.org\/{rel}","templated":true}]}}